{"id":91040,"date":"2024-08-12T12:11:41","date_gmt":"2024-08-12T09:11:41","guid":{"rendered":"https:\/\/logistiikkakeskus.net\/kauppa\/tuote\/kasko-heijastinliivi-lasten-xs-kelt\/"},"modified":"2026-01-20T09:15:53","modified_gmt":"2026-01-20T07:15:53","slug":"kasko-heijastinliivi-lasten-xs-kelt","status":"publish","type":"product","link":"https:\/\/logistiikkakeskus.net\/kauppa\/tuote\/kasko-heijastinliivi-lasten-xs-kelt\/","title":{"rendered":"Kasko-heijastinliivi, lasten XS kelt."},"content":{"rendered":"<p>Helsinki oppii -heijastinliivi, lasten XS (keltainen)<\/p>\n<p>Heijastinliivi on p\u00e4\u00e4asiallisesti tarkoitettu n\u00e4kyvyydenparantamiseen, retkille, ryhm\u00e4ss\u00e4 liikkumiseen liikenteess\u00e4 jajalkak\u00e4yt\u00e4vill\u00e4.<\/p>\n<ul>\n<li>Materiaali: 100 % polyesteri\n<li>Rinnanymp\u00e4rys: 59-67 cm\n<li>Pituus: 104-122 cm<\/ul>\n<p><i>Hakusanat: helsinkioppii, huomioliivi, turvaliivi,heijastusliivi,KASKO<\/i><\/p>\n","protected":false},"excerpt":{"rendered":"<p>Helsinki oppii -heijastinliivi, lasten XS (keltainen) Heijastinliivi on p\u00e4\u00e4asiallisesti tarkoitettu n\u00e4kyvyydenparantamiseen, retkille, ryhm\u00e4ss\u00e4 liikkumiseen liikenteess\u00e4 jajalkak\u00e4yt\u00e4vill\u00e4. Materiaali: 100 % polyesteri Rinnanymp\u00e4rys: 59-67 cm Pituus: 104-122 cm Hakusanat: helsinkioppii, huomioliivi, turvaliivi,heijastusliivi,KASKO<\/p>\n","protected":false},"featured_media":102176,"comment_status":"open","ping_status":"closed","template":"","meta":[],"product_brand":[],"product_cat":[3302],"product_tag":[],"class_list":{"0":"post-91040","1":"product","2":"type-product","3":"status-publish","4":"has-post-thumbnail","6":"product_cat-sekalaiset-tarvikkeet-tekstiilit-vaatetus","8":"first","9":"instock","10":"shipping-taxable","11":"purchasable","12":"product-type-simple"},"_links":{"self":[{"href":"https:\/\/logistiikkakeskus.net\/kauppa\/wp-json\/wp\/v2\/product\/91040","targetHints":{"allow":["GET"]}}],"collection":[{"href":"https:\/\/logistiikkakeskus.net\/kauppa\/wp-json\/wp\/v2\/product"}],"about":[{"href":"https:\/\/logistiikkakeskus.net\/kauppa\/wp-json\/wp\/v2\/types\/product"}],"replies":[{"embeddable":true,"href":"https:\/\/logistiikkakeskus.net\/kauppa\/wp-json\/wp\/v2\/comments?post=91040"}],"wp:featuredmedia":[{"embeddable":true,"href":"https:\/\/logistiikkakeskus.net\/kauppa\/wp-json\/wp\/v2\/media\/102176"}],"wp:attachment":[{"href":"https:\/\/logistiikkakeskus.net\/kauppa\/wp-json\/wp\/v2\/media?parent=91040"}],"wp:term":[{"taxonomy":"product_brand","embeddable":true,"href":"https:\/\/logistiikkakeskus.net\/kauppa\/wp-json\/wp\/v2\/product_brand?post=91040"},{"taxonomy":"product_cat","embeddable":true,"href":"https:\/\/logistiikkakeskus.net\/kauppa\/wp-json\/wp\/v2\/product_cat?post=91040"},{"taxonomy":"product_tag","embeddable":true,"href":"https:\/\/logistiikkakeskus.net\/kauppa\/wp-json\/wp\/v2\/product_tag?post=91040"}],"curies":[{"name":"wp","href":"https:\/\/api.w.org\/{rel}","templated":true}]}}