{"id":90677,"date":"2024-03-11T11:27:18","date_gmt":"2024-03-11T09:27:18","guid":{"rendered":"https:\/\/logistiikkakeskus.net\/kauppa\/tuote\/katrin-vaahtosaippua-500-ml\/"},"modified":"2026-01-20T09:20:11","modified_gmt":"2026-01-20T07:20:11","slug":"katrin-vaahtosaippua-500-ml","status":"publish","type":"product","link":"https:\/\/logistiikkakeskus.net\/kauppa\/tuote\/katrin-vaahtosaippua-500-ml\/","title":{"rendered":"Katrin Vaahtosaippua 500 ml"},"content":{"rendered":"<p>Myyntiyksikk\u00f6 LTK, (12 kpl)<\/p>\n<h2>Katrin Vaahtosaippua 500 ml, Pure Neutral<\/h2>\n<ul>\n<li>Tehokas, mieto, hajusteeton vaahtosaippua, joka on eritt\u00e4inhell\u00e4iholle\n<li>Allergia- ja ymp\u00e4rist\u00f6yst\u00e4v\u00e4llinen\n<li>Ei sis\u00e4ll\u00e4 hajusteita, v\u00e4riaineita eik\u00e4 tunnettujaallergeeneja\n<li>K\u00e4ytet\u00e4\u00e4n Katrin 500 ml tai 1000 ml saippua-annostelijassa\n<p>Hakusanat: k\u00e4sienpesuvaahto, vastuullinen, nestesaippua<\/p>\n","protected":false},"excerpt":{"rendered":"<p>Myyntiyksikk\u00f6 LTK, (12 kpl) Katrin Vaahtosaippua 500 ml, Pure Neutral Tehokas, mieto, hajusteeton vaahtosaippua, joka on eritt\u00e4inhell\u00e4iholle Allergia- ja ymp\u00e4rist\u00f6yst\u00e4v\u00e4llinen Ei sis\u00e4ll\u00e4 hajusteita, v\u00e4riaineita eik\u00e4 tunnettujaallergeeneja K\u00e4ytet\u00e4\u00e4n Katrin 500 ml tai 1000 ml saippua-annostelijassa Hakusanat: k\u00e4sienpesuvaahto, vastuullinen, nestesaippua<\/p>\n","protected":false},"featured_media":92540,"comment_status":"open","ping_status":"closed","template":"","meta":[],"product_brand":[],"product_cat":[3446],"product_tag":[],"class_list":{"0":"post-90677","1":"product","2":"type-product","3":"status-publish","4":"has-post-thumbnail","6":"product_cat-hoitotarvikkeet-henkilokohtainen-hygienia-ihon-pesunesteet","8":"first","9":"instock","10":"shipping-taxable","11":"purchasable","12":"product-type-simple"},"_links":{"self":[{"href":"https:\/\/logistiikkakeskus.net\/kauppa\/wp-json\/wp\/v2\/product\/90677","targetHints":{"allow":["GET"]}}],"collection":[{"href":"https:\/\/logistiikkakeskus.net\/kauppa\/wp-json\/wp\/v2\/product"}],"about":[{"href":"https:\/\/logistiikkakeskus.net\/kauppa\/wp-json\/wp\/v2\/types\/product"}],"replies":[{"embeddable":true,"href":"https:\/\/logistiikkakeskus.net\/kauppa\/wp-json\/wp\/v2\/comments?post=90677"}],"wp:featuredmedia":[{"embeddable":true,"href":"https:\/\/logistiikkakeskus.net\/kauppa\/wp-json\/wp\/v2\/media\/92540"}],"wp:attachment":[{"href":"https:\/\/logistiikkakeskus.net\/kauppa\/wp-json\/wp\/v2\/media?parent=90677"}],"wp:term":[{"taxonomy":"product_brand","embeddable":true,"href":"https:\/\/logistiikkakeskus.net\/kauppa\/wp-json\/wp\/v2\/product_brand?post=90677"},{"taxonomy":"product_cat","embeddable":true,"href":"https:\/\/logistiikkakeskus.net\/kauppa\/wp-json\/wp\/v2\/product_cat?post=90677"},{"taxonomy":"product_tag","embeddable":true,"href":"https:\/\/logistiikkakeskus.net\/kauppa\/wp-json\/wp\/v2\/product_tag?post=90677"}],"curies":[{"name":"wp","href":"https:\/\/api.w.org\/{rel}","templated":true}]}}