{"id":90661,"date":"2024-03-11T11:22:54","date_gmt":"2024-03-11T09:22:54","guid":{"rendered":"https:\/\/logistiikkakeskus.net\/kauppa\/tuote\/talvikasine-jenkki-winter-8-m\/"},"modified":"2026-01-20T09:18:59","modified_gmt":"2026-01-20T07:18:59","slug":"talvikasine-jenkki-winter-8-m","status":"publish","type":"product","link":"https:\/\/logistiikkakeskus.net\/kauppa\/tuote\/talvikasine-jenkki-winter-8-m\/","title":{"rendered":"Talvik\u00e4sine Jenkki Winter, 8 (M)"},"content":{"rendered":"<p>Kokonaan pehme\u00e4\u00e4 pukinnahkaa, l\u00e4mmin fleecevuori, CE-kategoria I<\/p>\n","protected":false},"excerpt":{"rendered":"<p>Kokonaan pehme\u00e4\u00e4 pukinnahkaa, l\u00e4mmin fleecevuori, CE-kategoria I<\/p>\n","protected":false},"featured_media":0,"comment_status":"open","ping_status":"closed","template":"","meta":[],"product_brand":[],"product_cat":[3383],"product_tag":[],"class_list":{"0":"post-90661","1":"product","2":"type-product","3":"status-publish","5":"product_cat-henkilonsuojaimet-ja-tyoturvallisuus-henkilonsuojaimet-kasineet","7":"first","8":"instock","9":"shipping-taxable","10":"purchasable","11":"product-type-simple"},"_links":{"self":[{"href":"https:\/\/logistiikkakeskus.net\/kauppa\/wp-json\/wp\/v2\/product\/90661","targetHints":{"allow":["GET"]}}],"collection":[{"href":"https:\/\/logistiikkakeskus.net\/kauppa\/wp-json\/wp\/v2\/product"}],"about":[{"href":"https:\/\/logistiikkakeskus.net\/kauppa\/wp-json\/wp\/v2\/types\/product"}],"replies":[{"embeddable":true,"href":"https:\/\/logistiikkakeskus.net\/kauppa\/wp-json\/wp\/v2\/comments?post=90661"}],"wp:attachment":[{"href":"https:\/\/logistiikkakeskus.net\/kauppa\/wp-json\/wp\/v2\/media?parent=90661"}],"wp:term":[{"taxonomy":"product_brand","embeddable":true,"href":"https:\/\/logistiikkakeskus.net\/kauppa\/wp-json\/wp\/v2\/product_brand?post=90661"},{"taxonomy":"product_cat","embeddable":true,"href":"https:\/\/logistiikkakeskus.net\/kauppa\/wp-json\/wp\/v2\/product_cat?post=90661"},{"taxonomy":"product_tag","embeddable":true,"href":"https:\/\/logistiikkakeskus.net\/kauppa\/wp-json\/wp\/v2\/product_tag?post=90661"}],"curies":[{"name":"wp","href":"https:\/\/api.w.org\/{rel}","templated":true}]}}