{"id":90654,"date":"2024-03-11T11:22:03","date_gmt":"2024-03-11T09:22:03","guid":{"rendered":"https:\/\/logistiikkakeskus.net\/kauppa\/tuote\/turvajalkine-al-hit-2-xl-s3-46\/"},"modified":"2026-01-20T09:18:42","modified_gmt":"2026-01-20T07:18:42","slug":"turvajalkine-al-hit-2-xl-s3-46","status":"publish","type":"product","link":"https:\/\/logistiikkakeskus.net\/kauppa\/tuote\/turvajalkine-al-hit-2-xl-s3-46\/","title":{"rendered":"Turvajalkine AL Hit 2 XL+ S3 46"},"content":{"rendered":"<p>Tilaustuote. Tuotteella on normaalia pidempi toimitusaika.Tilaustuotteella ei ole palautusoikeutta.<\/p>\n<p>Sievi AL Hit 2 on tarrakiinnitteinen puolikenk\u00e4 ja varmavalintakovaa kulutusta sek\u00e4 korkeaa kuumuutta vaativiin ty\u00f6olosuhteisiin.Jalkineen uudistettu kumipohja kest\u00e4\u00e4 korkeita l\u00e4mp\u00f6tiloja aina 300asteeseen saakka menett\u00e4m\u00e4tt\u00e4 suoja- ja k\u00e4ytt\u00f6ominaisuuksiaan. Jalka onsuojattu alumiinivarvassuojalla ja ter\u00e4ksisell\u00e4 naulaanastumissuojallasek\u00e4 p\u00e4\u00e4llisnahka tyylikk\u00e4\u00e4ll\u00e4 k\u00e4rkikupilla. Kuumuutta kest\u00e4v\u00e4t Kevlar-ompeleet. 3D-dry-vuori ja Dual-pohjalliset lis\u00e4\u00e4v\u00e4t k\u00e4ytt\u00f6mukavuutta.Lesti: leve\u00e4 XL lesti<\/p>\n<p>Hakusanat: turvajalkineet, turvakenk\u00e4, turvakeng\u00e4t,hitsauskeng\u00e4t<\/p>\n","protected":false},"excerpt":{"rendered":"<p>Tilaustuote. Tuotteella on normaalia pidempi toimitusaika.Tilaustuotteella ei ole palautusoikeutta. Sievi AL Hit 2 on tarrakiinnitteinen puolikenk\u00e4 ja varmavalintakovaa kulutusta sek\u00e4 korkeaa kuumuutta vaativiin ty\u00f6olosuhteisiin.Jalkineen uudistettu kumipohja kest\u00e4\u00e4 korkeita l\u00e4mp\u00f6tiloja aina 300asteeseen saakka menett\u00e4m\u00e4tt\u00e4 suoja- ja k\u00e4ytt\u00f6ominaisuuksiaan. Jalka onsuojattu alumiinivarvassuojalla ja ter\u00e4ksisell\u00e4 naulaanastumissuojallasek\u00e4 p\u00e4\u00e4llisnahka tyylikk\u00e4\u00e4ll\u00e4 k\u00e4rkikupilla. Kuumuutta kest\u00e4v\u00e4t Kevlar-ompeleet. 3D-dry-vuori ja Dual-pohjalliset lis\u00e4\u00e4v\u00e4t k\u00e4ytt\u00f6mukavuutta.Lesti: leve\u00e4 XL [&hellip;]<\/p>\n","protected":false},"featured_media":103730,"comment_status":"open","ping_status":"closed","template":"","meta":[],"product_brand":[],"product_cat":[3415],"product_tag":[],"class_list":{"0":"post-90654","1":"product","2":"type-product","3":"status-publish","4":"has-post-thumbnail","6":"product_cat-henkilonsuojaimet-ja-tyoturvallisuus-jalkineet-turvakengat","8":"first","9":"instock","10":"shipping-taxable","11":"purchasable","12":"product-type-simple"},"_links":{"self":[{"href":"https:\/\/logistiikkakeskus.net\/kauppa\/wp-json\/wp\/v2\/product\/90654","targetHints":{"allow":["GET"]}}],"collection":[{"href":"https:\/\/logistiikkakeskus.net\/kauppa\/wp-json\/wp\/v2\/product"}],"about":[{"href":"https:\/\/logistiikkakeskus.net\/kauppa\/wp-json\/wp\/v2\/types\/product"}],"replies":[{"embeddable":true,"href":"https:\/\/logistiikkakeskus.net\/kauppa\/wp-json\/wp\/v2\/comments?post=90654"}],"wp:featuredmedia":[{"embeddable":true,"href":"https:\/\/logistiikkakeskus.net\/kauppa\/wp-json\/wp\/v2\/media\/103730"}],"wp:attachment":[{"href":"https:\/\/logistiikkakeskus.net\/kauppa\/wp-json\/wp\/v2\/media?parent=90654"}],"wp:term":[{"taxonomy":"product_brand","embeddable":true,"href":"https:\/\/logistiikkakeskus.net\/kauppa\/wp-json\/wp\/v2\/product_brand?post=90654"},{"taxonomy":"product_cat","embeddable":true,"href":"https:\/\/logistiikkakeskus.net\/kauppa\/wp-json\/wp\/v2\/product_cat?post=90654"},{"taxonomy":"product_tag","embeddable":true,"href":"https:\/\/logistiikkakeskus.net\/kauppa\/wp-json\/wp\/v2\/product_tag?post=90654"}],"curies":[{"name":"wp","href":"https:\/\/api.w.org\/{rel}","templated":true}]}}