{"id":90639,"date":"2024-03-11T11:20:29","date_gmt":"2024-03-11T09:20:29","guid":{"rendered":"https:\/\/logistiikkakeskus.net\/kauppa\/tuote\/at-vaahtoava-kennojen-puhdistaja-400ml\/"},"modified":"2025-01-16T13:31:56","modified_gmt":"2025-01-16T11:31:56","slug":"at-vaahtoava-kennojen-puhdistaja-400ml","status":"publish","type":"product","link":"https:\/\/logistiikkakeskus.net\/kauppa\/tuote\/at-vaahtoava-kennojen-puhdistaja-400ml\/","title":{"rendered":"AT Vaahtoava Kennojen puhdistaja 400ml"},"content":{"rendered":"<p>Nopeasti tunkeutuva ja tehokas puhdistusaine ilmastointilaitteidenkennojen puhdistukseen. Irrottaa lian ja rasvan haihduttimien kennoistasek\u00e4 ikkuna- ett\u00e4 kattoilmastointi yksik\u00f6st\u00e4. Tuote tarrautuu vaahtonsaavulla kennoihin eik\u00e4 vaadi huuhtelua. Toimii joka asennossa. Eivahingoita metalleja tai muovia. Vain ammattik\u00e4ytt\u00f6\u00f6n.<\/p>\n","protected":false},"excerpt":{"rendered":"<p>Nopeasti tunkeutuva ja tehokas puhdistusaine ilmastointilaitteidenkennojen puhdistukseen. Irrottaa lian ja rasvan haihduttimien kennoistasek\u00e4 ikkuna- ett\u00e4 kattoilmastointi yksik\u00f6st\u00e4. Tuote tarrautuu vaahtonsaavulla kennoihin eik\u00e4 vaadi huuhtelua. Toimii joka asennossa. Eivahingoita metalleja tai muovia. Vain ammattik\u00e4ytt\u00f6\u00f6n.<\/p>\n","protected":false},"featured_media":0,"comment_status":"open","ping_status":"closed","template":"","meta":[],"product_brand":[],"product_cat":[3387],"product_tag":[],"class_list":{"0":"post-90639","1":"product","2":"type-product","3":"status-publish","5":"product_cat-henkilonsuojaimet-ja-tyoturvallisuus-jalkineet-tarvikkeet-ja-kenganhoitotuotteet","7":"first","8":"instock","9":"shipping-taxable","10":"purchasable","11":"product-type-simple"},"_links":{"self":[{"href":"https:\/\/logistiikkakeskus.net\/kauppa\/wp-json\/wp\/v2\/product\/90639","targetHints":{"allow":["GET"]}}],"collection":[{"href":"https:\/\/logistiikkakeskus.net\/kauppa\/wp-json\/wp\/v2\/product"}],"about":[{"href":"https:\/\/logistiikkakeskus.net\/kauppa\/wp-json\/wp\/v2\/types\/product"}],"replies":[{"embeddable":true,"href":"https:\/\/logistiikkakeskus.net\/kauppa\/wp-json\/wp\/v2\/comments?post=90639"}],"wp:attachment":[{"href":"https:\/\/logistiikkakeskus.net\/kauppa\/wp-json\/wp\/v2\/media?parent=90639"}],"wp:term":[{"taxonomy":"product_brand","embeddable":true,"href":"https:\/\/logistiikkakeskus.net\/kauppa\/wp-json\/wp\/v2\/product_brand?post=90639"},{"taxonomy":"product_cat","embeddable":true,"href":"https:\/\/logistiikkakeskus.net\/kauppa\/wp-json\/wp\/v2\/product_cat?post=90639"},{"taxonomy":"product_tag","embeddable":true,"href":"https:\/\/logistiikkakeskus.net\/kauppa\/wp-json\/wp\/v2\/product_tag?post=90639"}],"curies":[{"name":"wp","href":"https:\/\/api.w.org\/{rel}","templated":true}]}}