{"id":90638,"date":"2024-03-11T11:20:27","date_gmt":"2024-03-11T09:20:27","guid":{"rendered":"https:\/\/logistiikkakeskus.net\/kauppa\/tuote\/riippulukko-habo-203-30-31-mm-nro-srj\/"},"modified":"2026-01-20T09:18:06","modified_gmt":"2026-01-20T07:18:06","slug":"riippulukko-habo-203-30-31-mm-nro-srj","status":"publish","type":"product","link":"https:\/\/logistiikkakeskus.net\/kauppa\/tuote\/riippulukko-habo-203-30-31-mm-nro-srj\/","title":{"rendered":"Yhdistelm\u00e4riippulukko Abus 145\/30 color"},"content":{"rendered":"<p>Alumiinirunkoinen yhdistelm\u00e4lukko. Suosittu kaapinlukko kouluissa japukuhuoneissa. Lukossa 3-numeroinen koodi, joka on helppo asettaa jajota on helppo vaihtaa tarvittaessa. Soveltuu sek\u00e4 sis\u00e4- ett\u00e4ulkok\u00e4ytt\u00f6\u00f6n.Korvaa tuotteen: Riippulukko Habo 203-30, 31 mm nro srj<\/p>\n","protected":false},"excerpt":{"rendered":"<p>Alumiinirunkoinen yhdistelm\u00e4lukko. Suosittu kaapinlukko kouluissa japukuhuoneissa. Lukossa 3-numeroinen koodi, joka on helppo asettaa jajota on helppo vaihtaa tarvittaessa. Soveltuu sek\u00e4 sis\u00e4- ett\u00e4ulkok\u00e4ytt\u00f6\u00f6n.Korvaa tuotteen: Riippulukko Habo 203-30, 31 mm nro srj<\/p>\n","protected":false},"featured_media":0,"comment_status":"open","ping_status":"closed","template":"","meta":[],"product_brand":[],"product_cat":[3323],"product_tag":[],"class_list":{"0":"post-90638","1":"product","2":"type-product","3":"status-publish","5":"product_cat-kiinteistotarvikkeet-muut-tuotteet-kiinteistotuotteet","7":"first","8":"instock","9":"shipping-taxable","10":"purchasable","11":"product-type-simple"},"_links":{"self":[{"href":"https:\/\/logistiikkakeskus.net\/kauppa\/wp-json\/wp\/v2\/product\/90638","targetHints":{"allow":["GET"]}}],"collection":[{"href":"https:\/\/logistiikkakeskus.net\/kauppa\/wp-json\/wp\/v2\/product"}],"about":[{"href":"https:\/\/logistiikkakeskus.net\/kauppa\/wp-json\/wp\/v2\/types\/product"}],"replies":[{"embeddable":true,"href":"https:\/\/logistiikkakeskus.net\/kauppa\/wp-json\/wp\/v2\/comments?post=90638"}],"wp:attachment":[{"href":"https:\/\/logistiikkakeskus.net\/kauppa\/wp-json\/wp\/v2\/media?parent=90638"}],"wp:term":[{"taxonomy":"product_brand","embeddable":true,"href":"https:\/\/logistiikkakeskus.net\/kauppa\/wp-json\/wp\/v2\/product_brand?post=90638"},{"taxonomy":"product_cat","embeddable":true,"href":"https:\/\/logistiikkakeskus.net\/kauppa\/wp-json\/wp\/v2\/product_cat?post=90638"},{"taxonomy":"product_tag","embeddable":true,"href":"https:\/\/logistiikkakeskus.net\/kauppa\/wp-json\/wp\/v2\/product_tag?post=90638"}],"curies":[{"name":"wp","href":"https:\/\/api.w.org\/{rel}","templated":true}]}}