{"id":90635,"date":"2024-03-11T11:19:31","date_gmt":"2024-03-11T09:19:31","guid":{"rendered":"https:\/\/logistiikkakeskus.net\/kauppa\/tuote\/pohjalliset-jalas-8102-fx2-47\/"},"modified":"2026-01-20T09:17:44","modified_gmt":"2026-01-20T07:17:44","slug":"pohjalliset-jalas-8102-fx2-47","status":"publish","type":"product","link":"https:\/\/logistiikkakeskus.net\/kauppa\/tuote\/pohjalliset-jalas-8102-fx2-47\/","title":{"rendered":"Pohjalliset Jalas 8103 FX2 Pro Insole 47"},"content":{"rendered":"<p>Pohjallinen, tekstiili, pehme\u00e4 E.V.A, polyester-pohjainenESD-lanka,kaksinkertaiset PORON XRD -iskunvaimennusvy\u00f6hykkeet, musta. Hyv\u00e4ksyttykaikkiin JALAS -turvakenkiin. Eritt\u00e4in mukava, erinomaineniskunvaimennus, hengitt\u00e4v\u00e4.<\/p>\n<p>Hakusanat: keng\u00e4npohjallinen, keng\u00e4npohjalliset<\/p>\n","protected":false},"excerpt":{"rendered":"<p>Pohjallinen, tekstiili, pehme\u00e4 E.V.A, polyester-pohjainenESD-lanka,kaksinkertaiset PORON XRD -iskunvaimennusvy\u00f6hykkeet, musta. Hyv\u00e4ksyttykaikkiin JALAS -turvakenkiin. Eritt\u00e4in mukava, erinomaineniskunvaimennus, hengitt\u00e4v\u00e4. Hakusanat: keng\u00e4npohjallinen, keng\u00e4npohjalliset<\/p>\n","protected":false},"featured_media":92389,"comment_status":"open","ping_status":"closed","template":"","meta":[],"product_brand":[],"product_cat":[3518],"product_tag":[],"class_list":{"0":"post-90635","1":"product","2":"type-product","3":"status-publish","4":"has-post-thumbnail","6":"product_cat-henkilonsuojaimet-ja-tyoturvallisuus-jalkineet-pohjalliset-ja-syylinkit","8":"first","9":"instock","10":"shipping-taxable","11":"purchasable","12":"product-type-simple"},"_links":{"self":[{"href":"https:\/\/logistiikkakeskus.net\/kauppa\/wp-json\/wp\/v2\/product\/90635","targetHints":{"allow":["GET"]}}],"collection":[{"href":"https:\/\/logistiikkakeskus.net\/kauppa\/wp-json\/wp\/v2\/product"}],"about":[{"href":"https:\/\/logistiikkakeskus.net\/kauppa\/wp-json\/wp\/v2\/types\/product"}],"replies":[{"embeddable":true,"href":"https:\/\/logistiikkakeskus.net\/kauppa\/wp-json\/wp\/v2\/comments?post=90635"}],"wp:featuredmedia":[{"embeddable":true,"href":"https:\/\/logistiikkakeskus.net\/kauppa\/wp-json\/wp\/v2\/media\/92389"}],"wp:attachment":[{"href":"https:\/\/logistiikkakeskus.net\/kauppa\/wp-json\/wp\/v2\/media?parent=90635"}],"wp:term":[{"taxonomy":"product_brand","embeddable":true,"href":"https:\/\/logistiikkakeskus.net\/kauppa\/wp-json\/wp\/v2\/product_brand?post=90635"},{"taxonomy":"product_cat","embeddable":true,"href":"https:\/\/logistiikkakeskus.net\/kauppa\/wp-json\/wp\/v2\/product_cat?post=90635"},{"taxonomy":"product_tag","embeddable":true,"href":"https:\/\/logistiikkakeskus.net\/kauppa\/wp-json\/wp\/v2\/product_tag?post=90635"}],"curies":[{"name":"wp","href":"https:\/\/api.w.org\/{rel}","templated":true}]}}