{"id":90619,"date":"2024-03-11T11:17:08","date_gmt":"2024-03-11T09:17:08","guid":{"rendered":"https:\/\/logistiikkakeskus.net\/kauppa\/tuote\/makita-voimahyl-srj-e-16586-10-32mm-19os\/"},"modified":"2026-01-20T09:16:53","modified_gmt":"2026-01-20T07:16:53","slug":"makita-voimahyl-srj-e-16586-10-32mm-19os","status":"publish","type":"product","link":"https:\/\/logistiikkakeskus.net\/kauppa\/tuote\/makita-voimahyl-srj-e-16586-10-32mm-19os\/","title":{"rendered":"Makita Voimahyl srj E-16586 10-32mm 19os"},"content":{"rendered":"<p>Voimahylsylajitelma Impact Black 1\/2&#8243; 14-osaaE-1658681mm pitk\u00e4t hylsytlukitustapilla (10, 11, 12, 13, 14, 16, 17, 19, 21, 22, 24, 27, 30 ja 32mm)Laadukas voimahylsylajitelma 1\/2&#8243; mutterinv\u00e4\u00e4ntimille. Sarjassa 14kappaleen valikoima CR-MO ter\u00e4ksest\u00e4 valmistettuja pitki\u00e4 hylsyj\u00e4v\u00e4lilt\u00e4 10 &#8211; 32 mm. K\u00e4tev\u00e4ss\u00e4 muovilaatikossa.<\/p>\n","protected":false},"excerpt":{"rendered":"<p>Voimahylsylajitelma Impact Black 1\/2&#8243; 14-osaaE-1658681mm pitk\u00e4t hylsytlukitustapilla (10, 11, 12, 13, 14, 16, 17, 19, 21, 22, 24, 27, 30 ja 32mm)Laadukas voimahylsylajitelma 1\/2&#8243; mutterinv\u00e4\u00e4ntimille. Sarjassa 14kappaleen valikoima CR-MO ter\u00e4ksest\u00e4 valmistettuja pitki\u00e4 hylsyj\u00e4v\u00e4lilt\u00e4 10 &#8211; 32 mm. K\u00e4tev\u00e4ss\u00e4 muovilaatikossa.<\/p>\n","protected":false},"featured_media":102762,"comment_status":"open","ping_status":"closed","template":"","meta":[],"product_brand":[],"product_cat":[3323],"product_tag":[],"class_list":{"0":"post-90619","1":"product","2":"type-product","3":"status-publish","4":"has-post-thumbnail","6":"product_cat-kiinteistotarvikkeet-muut-tuotteet-kiinteistotuotteet","8":"first","9":"instock","10":"shipping-taxable","11":"purchasable","12":"product-type-simple"},"_links":{"self":[{"href":"https:\/\/logistiikkakeskus.net\/kauppa\/wp-json\/wp\/v2\/product\/90619","targetHints":{"allow":["GET"]}}],"collection":[{"href":"https:\/\/logistiikkakeskus.net\/kauppa\/wp-json\/wp\/v2\/product"}],"about":[{"href":"https:\/\/logistiikkakeskus.net\/kauppa\/wp-json\/wp\/v2\/types\/product"}],"replies":[{"embeddable":true,"href":"https:\/\/logistiikkakeskus.net\/kauppa\/wp-json\/wp\/v2\/comments?post=90619"}],"wp:featuredmedia":[{"embeddable":true,"href":"https:\/\/logistiikkakeskus.net\/kauppa\/wp-json\/wp\/v2\/media\/102762"}],"wp:attachment":[{"href":"https:\/\/logistiikkakeskus.net\/kauppa\/wp-json\/wp\/v2\/media?parent=90619"}],"wp:term":[{"taxonomy":"product_brand","embeddable":true,"href":"https:\/\/logistiikkakeskus.net\/kauppa\/wp-json\/wp\/v2\/product_brand?post=90619"},{"taxonomy":"product_cat","embeddable":true,"href":"https:\/\/logistiikkakeskus.net\/kauppa\/wp-json\/wp\/v2\/product_cat?post=90619"},{"taxonomy":"product_tag","embeddable":true,"href":"https:\/\/logistiikkakeskus.net\/kauppa\/wp-json\/wp\/v2\/product_tag?post=90619"}],"curies":[{"name":"wp","href":"https:\/\/api.w.org\/{rel}","templated":true}]}}