{"id":90607,"date":"2024-03-11T11:10:03","date_gmt":"2024-03-11T09:10:03","guid":{"rendered":"https:\/\/logistiikkakeskus.net\/kauppa\/tuote\/koronapikatesti-1-kpl-rasia\/"},"modified":"2025-10-15T10:14:40","modified_gmt":"2025-10-15T07:14:40","slug":"koronapikatesti-1-kpl-rasia","status":"publish","type":"product","link":"https:\/\/logistiikkakeskus.net\/kauppa\/tuote\/koronapikatesti-1-kpl-rasia\/","title":{"rendered":"Yhdistelm\u00e4pikatesti SARS-COV-2 Infl. A\/B"},"content":{"rendered":"<p>Yhdistelm\u00e4pikatesti SARS-CoV-2 ja Influenssa A\/B (nen\u00e4st\u00e4). Fimeanhyv\u00e4ksym\u00e4, CE-merkitty, nopea ja helppok\u00e4ytt\u00f6inen, luotettava itseteht\u00e4v\u00e4 antigeeninen yhdistelm\u00e4pikatesti. Testill\u00e4 voidaan havaitaCOVID-19 \u2013 ja influenssavirus A\/B aikaisessa vaiheessa henkil\u00f6ill\u00e4,joilla on tautiin viittaavia oireita. Testituloksen varmuus ei vaihteleeri tautivarianttien suhteen.Yhdistelm\u00e4pikatesti soveltuu oireettomilleja oireileville. Testin sensitiivisyys on 95.40 % ja spesifisyys 98,87%. Testitulos n\u00e4ht\u00e4viss\u00e4 15 minuutissa. Pakkaus sis\u00e4lt\u00e4\u00e4 kaikentarvittavan testausta ja testituloksen p\u00e4\u00e4ttely\u00e4 varten. Tekstityssuomeksi ja ruotsiksi. Pakkauksessa on yksi testi.<\/p>\n","protected":false},"excerpt":{"rendered":"<p>Yhdistelm\u00e4pikatesti SARS-CoV-2 ja Influenssa A\/B (nen\u00e4st\u00e4). Fimeanhyv\u00e4ksym\u00e4, CE-merkitty, nopea ja helppok\u00e4ytt\u00f6inen, luotettava itseteht\u00e4v\u00e4 antigeeninen yhdistelm\u00e4pikatesti. Testill\u00e4 voidaan havaitaCOVID-19 \u2013 ja influenssavirus A\/B aikaisessa vaiheessa henkil\u00f6ill\u00e4,joilla on tautiin viittaavia oireita. Testituloksen varmuus ei vaihteleeri tautivarianttien suhteen.Yhdistelm\u00e4pikatesti soveltuu oireettomilleja oireileville. Testin sensitiivisyys on 95.40 % ja spesifisyys 98,87%. Testitulos n\u00e4ht\u00e4viss\u00e4 15 minuutissa. Pakkaus sis\u00e4lt\u00e4\u00e4 kaikentarvittavan testausta ja [&hellip;]<\/p>\n","protected":false},"featured_media":92728,"comment_status":"open","ping_status":"closed","template":"","meta":[],"product_brand":[],"product_cat":[3489],"product_tag":[],"class_list":{"0":"post-90607","1":"product","2":"type-product","3":"status-publish","4":"has-post-thumbnail","6":"product_cat-hoitotarvikkeet-terveydenhoidon-tarvikkeet-naytteenottotarvikkeet","8":"first","9":"instock","10":"shipping-taxable","11":"purchasable","12":"product-type-simple"},"_links":{"self":[{"href":"https:\/\/logistiikkakeskus.net\/kauppa\/wp-json\/wp\/v2\/product\/90607","targetHints":{"allow":["GET"]}}],"collection":[{"href":"https:\/\/logistiikkakeskus.net\/kauppa\/wp-json\/wp\/v2\/product"}],"about":[{"href":"https:\/\/logistiikkakeskus.net\/kauppa\/wp-json\/wp\/v2\/types\/product"}],"replies":[{"embeddable":true,"href":"https:\/\/logistiikkakeskus.net\/kauppa\/wp-json\/wp\/v2\/comments?post=90607"}],"wp:featuredmedia":[{"embeddable":true,"href":"https:\/\/logistiikkakeskus.net\/kauppa\/wp-json\/wp\/v2\/media\/92728"}],"wp:attachment":[{"href":"https:\/\/logistiikkakeskus.net\/kauppa\/wp-json\/wp\/v2\/media?parent=90607"}],"wp:term":[{"taxonomy":"product_brand","embeddable":true,"href":"https:\/\/logistiikkakeskus.net\/kauppa\/wp-json\/wp\/v2\/product_brand?post=90607"},{"taxonomy":"product_cat","embeddable":true,"href":"https:\/\/logistiikkakeskus.net\/kauppa\/wp-json\/wp\/v2\/product_cat?post=90607"},{"taxonomy":"product_tag","embeddable":true,"href":"https:\/\/logistiikkakeskus.net\/kauppa\/wp-json\/wp\/v2\/product_tag?post=90607"}],"curies":[{"name":"wp","href":"https:\/\/api.w.org\/{rel}","templated":true}]}}