{"id":90353,"date":"2023-10-16T12:25:02","date_gmt":"2023-10-16T09:25:02","guid":{"rendered":"https:\/\/logistiikkakeskus.net\/kauppa\/tuote\/havikkitiedote-a4-hoitoala\/"},"modified":"2026-01-20T09:20:36","modified_gmt":"2026-01-20T07:20:36","slug":"havikkitiedote-a4-hoitoala","status":"publish","type":"product","link":"https:\/\/logistiikkakeskus.net\/kauppa\/tuote\/havikkitiedote-a4-hoitoala\/","title":{"rendered":"H\u00e4vikkitiedote A4 (hoitoala)"},"content":{"rendered":"<p>Myyntiyksikk\u00f6 NIP (5 kpl)<\/p>\n<p>T\u00e4ytett\u00e4v\u00e4 h\u00e4vikkitiedote linjaston alkuun (hoitoala)<\/p>\n<ul>Kaksipuoleinen A4\/190g<\/ul>\n<p><i>Hakusanat: palke, palvelupolku, menupohjat,palvelukeskuksenlomakkeet<\/i><\/p>\n","protected":false},"excerpt":{"rendered":"<p>Myyntiyksikk\u00f6 NIP (5 kpl) T\u00e4ytett\u00e4v\u00e4 h\u00e4vikkitiedote linjaston alkuun (hoitoala) Kaksipuoleinen A4\/190g Hakusanat: palke, palvelupolku, menupohjat,palvelukeskuksenlomakkeet<\/p>\n","protected":false},"featured_media":0,"comment_status":"open","ping_status":"closed","template":"","meta":[],"product_brand":[],"product_cat":[3319],"product_tag":[],"class_list":{"0":"post-90353","1":"product","2":"type-product","3":"status-publish","5":"product_cat-lomakkeet-lomakkeet-muut-lomakkeet","7":"first","8":"instock","9":"shipping-taxable","10":"purchasable","11":"product-type-simple"},"_links":{"self":[{"href":"https:\/\/logistiikkakeskus.net\/kauppa\/wp-json\/wp\/v2\/product\/90353","targetHints":{"allow":["GET"]}}],"collection":[{"href":"https:\/\/logistiikkakeskus.net\/kauppa\/wp-json\/wp\/v2\/product"}],"about":[{"href":"https:\/\/logistiikkakeskus.net\/kauppa\/wp-json\/wp\/v2\/types\/product"}],"replies":[{"embeddable":true,"href":"https:\/\/logistiikkakeskus.net\/kauppa\/wp-json\/wp\/v2\/comments?post=90353"}],"wp:attachment":[{"href":"https:\/\/logistiikkakeskus.net\/kauppa\/wp-json\/wp\/v2\/media?parent=90353"}],"wp:term":[{"taxonomy":"product_brand","embeddable":true,"href":"https:\/\/logistiikkakeskus.net\/kauppa\/wp-json\/wp\/v2\/product_brand?post=90353"},{"taxonomy":"product_cat","embeddable":true,"href":"https:\/\/logistiikkakeskus.net\/kauppa\/wp-json\/wp\/v2\/product_cat?post=90353"},{"taxonomy":"product_tag","embeddable":true,"href":"https:\/\/logistiikkakeskus.net\/kauppa\/wp-json\/wp\/v2\/product_tag?post=90353"}],"curies":[{"name":"wp","href":"https:\/\/api.w.org\/{rel}","templated":true}]}}