{"id":90332,"date":"2023-10-16T12:24:53","date_gmt":"2023-10-16T09:24:53","guid":{"rendered":"https:\/\/logistiikkakeskus.net\/kauppa\/tuote\/astioiden-palautus-kyltti-hoitoala\/"},"modified":"2026-01-20T09:20:34","modified_gmt":"2026-01-20T07:20:34","slug":"astioiden-palautus-kyltti-hoitoala","status":"publish","type":"product","link":"https:\/\/logistiikkakeskus.net\/kauppa\/tuote\/astioiden-palautus-kyltti-hoitoala\/","title":{"rendered":"Astioiden palautus -kyltti (hoitoala)"},"content":{"rendered":"<p>1100 x 300 mm, materiaali julistekilpi 1 mm paksuisellemuoville,p\u00e4\u00e4ll\u00e4 matta graffitisuoja. Sein\u00e4\u00e4n kiinnitett\u00e4v\u00e4.<\/p>\n<p><i>Hakusanat: palke, palvelupolku<\/i><\/p>\n","protected":false},"excerpt":{"rendered":"<p>1100 x 300 mm, materiaali julistekilpi 1 mm paksuisellemuoville,p\u00e4\u00e4ll\u00e4 matta graffitisuoja. Sein\u00e4\u00e4n kiinnitett\u00e4v\u00e4. Hakusanat: palke, palvelupolku<\/p>\n","protected":false},"featured_media":0,"comment_status":"open","ping_status":"closed","template":"","meta":[],"product_brand":[],"product_cat":[3123],"product_tag":[],"class_list":{"0":"post-90332","1":"product","2":"type-product","3":"status-publish","5":"product_cat-toimistotarvikkeet-kokoushuone-ja-kongressitarvikkeet-esitetelineet-ja-kehykset","7":"first","8":"instock","9":"shipping-taxable","10":"purchasable","11":"product-type-simple"},"_links":{"self":[{"href":"https:\/\/logistiikkakeskus.net\/kauppa\/wp-json\/wp\/v2\/product\/90332","targetHints":{"allow":["GET"]}}],"collection":[{"href":"https:\/\/logistiikkakeskus.net\/kauppa\/wp-json\/wp\/v2\/product"}],"about":[{"href":"https:\/\/logistiikkakeskus.net\/kauppa\/wp-json\/wp\/v2\/types\/product"}],"replies":[{"embeddable":true,"href":"https:\/\/logistiikkakeskus.net\/kauppa\/wp-json\/wp\/v2\/comments?post=90332"}],"wp:attachment":[{"href":"https:\/\/logistiikkakeskus.net\/kauppa\/wp-json\/wp\/v2\/media?parent=90332"}],"wp:term":[{"taxonomy":"product_brand","embeddable":true,"href":"https:\/\/logistiikkakeskus.net\/kauppa\/wp-json\/wp\/v2\/product_brand?post=90332"},{"taxonomy":"product_cat","embeddable":true,"href":"https:\/\/logistiikkakeskus.net\/kauppa\/wp-json\/wp\/v2\/product_cat?post=90332"},{"taxonomy":"product_tag","embeddable":true,"href":"https:\/\/logistiikkakeskus.net\/kauppa\/wp-json\/wp\/v2\/product_tag?post=90332"}],"curies":[{"name":"wp","href":"https:\/\/api.w.org\/{rel}","templated":true}]}}