{"id":90304,"date":"2023-10-16T12:16:40","date_gmt":"2023-10-16T09:16:40","guid":{"rendered":"https:\/\/logistiikkakeskus.net\/kauppa\/tuote\/nitriilisormikas-ansell-37-185-11\/"},"modified":"2026-01-20T09:19:24","modified_gmt":"2026-01-20T07:19:24","slug":"nitriilisormikas-ansell-37-185-11","status":"publish","type":"product","link":"https:\/\/logistiikkakeskus.net\/kauppa\/tuote\/nitriilisormikas-ansell-37-185-11\/","title":{"rendered":"Nitriilisormikas ANSELL 37-185, 11"},"content":{"rendered":"<p>Kemikaalisuojak\u00e4sine, 0,60 mm, Nitriili, Kuvioitu k\u00e4mmen, Nukaton, Cat.III, Vihre\u00e4, Ei sis\u00e4ll\u00e4 lateksia, Erikoispitk\u00e4, yleisty\u00f6tErikoispitk\u00e4, ei sis\u00e4ll\u00e4 lateksia, suojaus kemikaaleja vastaan,hyv\u00e4ksytty elintarvikek\u00e4ytt\u00f6\u00f6n;Sy\u00f6vytysvammat, infektiotaudit, kosketus kemikaaleihin, kosketusm\u00e4rk\u00e4\u00e4n, kosketus \u00f6ljyyn ja rasvaan, suojaa lialta;\u00d6ljyiset ja rasvaiset ymp\u00e4rist\u00f6t, vaativa ymp\u00e4rist\u00f6, likaisetymp\u00e4rist\u00f6t, sy\u00f6vytt\u00e4v\u00e4t ymp\u00e4rist\u00f6t, vaarallisten kemikaalien ymp\u00e4rist\u00f6t,terveydelle vaaralliset alueet, mikrobiologisesti vaarallisetymp\u00e4rist\u00f6t, m\u00e4r\u00e4t ymp\u00e4rist\u00f6t, kosteat ymp\u00e4rist\u00f6t; Myyntier\u00e4 1 pr (6pr\/pkt).<\/p>\n","protected":false},"excerpt":{"rendered":"<p>Kemikaalisuojak\u00e4sine, 0,60 mm, Nitriili, Kuvioitu k\u00e4mmen, Nukaton, Cat.III, Vihre\u00e4, Ei sis\u00e4ll\u00e4 lateksia, Erikoispitk\u00e4, yleisty\u00f6tErikoispitk\u00e4, ei sis\u00e4ll\u00e4 lateksia, suojaus kemikaaleja vastaan,hyv\u00e4ksytty elintarvikek\u00e4ytt\u00f6\u00f6n;Sy\u00f6vytysvammat, infektiotaudit, kosketus kemikaaleihin, kosketusm\u00e4rk\u00e4\u00e4n, kosketus \u00f6ljyyn ja rasvaan, suojaa lialta;\u00d6ljyiset ja rasvaiset ymp\u00e4rist\u00f6t, vaativa ymp\u00e4rist\u00f6, likaisetymp\u00e4rist\u00f6t, sy\u00f6vytt\u00e4v\u00e4t ymp\u00e4rist\u00f6t, vaarallisten kemikaalien ymp\u00e4rist\u00f6t,terveydelle vaaralliset alueet, mikrobiologisesti vaarallisetymp\u00e4rist\u00f6t, m\u00e4r\u00e4t ymp\u00e4rist\u00f6t, kosteat ymp\u00e4rist\u00f6t; Myyntier\u00e4 1 pr (6pr\/pkt).<\/p>\n","protected":false},"featured_media":0,"comment_status":"open","ping_status":"closed","template":"","meta":[],"product_brand":[],"product_cat":[3383],"product_tag":[],"class_list":{"0":"post-90304","1":"product","2":"type-product","3":"status-publish","5":"product_cat-henkilonsuojaimet-ja-tyoturvallisuus-henkilonsuojaimet-kasineet","7":"first","8":"instock","9":"shipping-taxable","10":"purchasable","11":"product-type-simple"},"_links":{"self":[{"href":"https:\/\/logistiikkakeskus.net\/kauppa\/wp-json\/wp\/v2\/product\/90304","targetHints":{"allow":["GET"]}}],"collection":[{"href":"https:\/\/logistiikkakeskus.net\/kauppa\/wp-json\/wp\/v2\/product"}],"about":[{"href":"https:\/\/logistiikkakeskus.net\/kauppa\/wp-json\/wp\/v2\/types\/product"}],"replies":[{"embeddable":true,"href":"https:\/\/logistiikkakeskus.net\/kauppa\/wp-json\/wp\/v2\/comments?post=90304"}],"wp:attachment":[{"href":"https:\/\/logistiikkakeskus.net\/kauppa\/wp-json\/wp\/v2\/media?parent=90304"}],"wp:term":[{"taxonomy":"product_brand","embeddable":true,"href":"https:\/\/logistiikkakeskus.net\/kauppa\/wp-json\/wp\/v2\/product_brand?post=90304"},{"taxonomy":"product_cat","embeddable":true,"href":"https:\/\/logistiikkakeskus.net\/kauppa\/wp-json\/wp\/v2\/product_cat?post=90304"},{"taxonomy":"product_tag","embeddable":true,"href":"https:\/\/logistiikkakeskus.net\/kauppa\/wp-json\/wp\/v2\/product_tag?post=90304"}],"curies":[{"name":"wp","href":"https:\/\/api.w.org\/{rel}","templated":true}]}}