{"id":89107,"date":"2023-04-05T10:18:34","date_gmt":"2023-04-05T07:18:34","guid":{"rendered":"https:\/\/logistiikkakeskus.net\/kauppa\/tuote\/havikkitiedote-a4\/"},"modified":"2026-01-20T09:20:35","modified_gmt":"2026-01-20T07:20:35","slug":"havikkitiedote-a4","status":"publish","type":"product","link":"https:\/\/logistiikkakeskus.net\/kauppa\/tuote\/havikkitiedote-a4\/","title":{"rendered":"H\u00e4vikkitiedote A4"},"content":{"rendered":"<p>Myyntiyksikk\u00f6 NIP (5 kpl)<\/p>\n<p>T\u00e4ytett\u00e4v\u00e4 h\u00e4vikkitiedote linjaston alkuun (koulut)<\/p>\n<ul>Yksipuolinen A4\/190g<\/ul>\n<p><i>Hakusanat: palke, palvelupolku, menupohjat,palvelukeskuksenlomakkeet<\/i><\/p>\n","protected":false},"excerpt":{"rendered":"<p>Myyntiyksikk\u00f6 NIP (5 kpl) T\u00e4ytett\u00e4v\u00e4 h\u00e4vikkitiedote linjaston alkuun (koulut) Yksipuolinen A4\/190g Hakusanat: palke, palvelupolku, menupohjat,palvelukeskuksenlomakkeet<\/p>\n","protected":false},"featured_media":104738,"comment_status":"open","ping_status":"closed","template":"","meta":[],"product_brand":[],"product_cat":[3319],"product_tag":[],"class_list":{"0":"post-89107","1":"product","2":"type-product","3":"status-publish","4":"has-post-thumbnail","6":"product_cat-lomakkeet-lomakkeet-muut-lomakkeet","8":"first","9":"instock","10":"shipping-taxable","11":"purchasable","12":"product-type-simple"},"_links":{"self":[{"href":"https:\/\/logistiikkakeskus.net\/kauppa\/wp-json\/wp\/v2\/product\/89107","targetHints":{"allow":["GET"]}}],"collection":[{"href":"https:\/\/logistiikkakeskus.net\/kauppa\/wp-json\/wp\/v2\/product"}],"about":[{"href":"https:\/\/logistiikkakeskus.net\/kauppa\/wp-json\/wp\/v2\/types\/product"}],"replies":[{"embeddable":true,"href":"https:\/\/logistiikkakeskus.net\/kauppa\/wp-json\/wp\/v2\/comments?post=89107"}],"wp:featuredmedia":[{"embeddable":true,"href":"https:\/\/logistiikkakeskus.net\/kauppa\/wp-json\/wp\/v2\/media\/104738"}],"wp:attachment":[{"href":"https:\/\/logistiikkakeskus.net\/kauppa\/wp-json\/wp\/v2\/media?parent=89107"}],"wp:term":[{"taxonomy":"product_brand","embeddable":true,"href":"https:\/\/logistiikkakeskus.net\/kauppa\/wp-json\/wp\/v2\/product_brand?post=89107"},{"taxonomy":"product_cat","embeddable":true,"href":"https:\/\/logistiikkakeskus.net\/kauppa\/wp-json\/wp\/v2\/product_cat?post=89107"},{"taxonomy":"product_tag","embeddable":true,"href":"https:\/\/logistiikkakeskus.net\/kauppa\/wp-json\/wp\/v2\/product_tag?post=89107"}],"curies":[{"name":"wp","href":"https:\/\/api.w.org\/{rel}","templated":true}]}}