{"id":89101,"date":"2023-04-05T10:18:32","date_gmt":"2023-04-05T07:18:32","guid":{"rendered":"https:\/\/logistiikkakeskus.net\/kauppa\/tuote\/hirsipuuteline\/"},"modified":"2026-01-20T09:20:35","modified_gmt":"2026-01-20T07:20:35","slug":"hirsipuuteline","status":"publish","type":"product","link":"https:\/\/logistiikkakeskus.net\/kauppa\/tuote\/hirsipuuteline\/","title":{"rendered":"Hirsipuuteline"},"content":{"rendered":"<p>Metallia, py\u00f6re\u00e4 putki, hopean v\u00e4rinen 163-230 cm. (Tarkista hintamyyj\u00e4lt\u00e4. Hinta vaihtelee maailmanmarkkinahintojen mukaisesti.)<\/p>\n<p><i>Hakusanat: palke, palvelupolku<\/i><\/p>\n","protected":false},"excerpt":{"rendered":"<p>Metallia, py\u00f6re\u00e4 putki, hopean v\u00e4rinen 163-230 cm. (Tarkista hintamyyj\u00e4lt\u00e4. Hinta vaihtelee maailmanmarkkinahintojen mukaisesti.) Hakusanat: palke, palvelupolku<\/p>\n","protected":false},"featured_media":104732,"comment_status":"open","ping_status":"closed","template":"","meta":[],"product_brand":[],"product_cat":[3123],"product_tag":[],"class_list":{"0":"post-89101","1":"product","2":"type-product","3":"status-publish","4":"has-post-thumbnail","6":"product_cat-toimistotarvikkeet-kokoushuone-ja-kongressitarvikkeet-esitetelineet-ja-kehykset","8":"first","9":"instock","10":"shipping-taxable","11":"purchasable","12":"product-type-simple"},"_links":{"self":[{"href":"https:\/\/logistiikkakeskus.net\/kauppa\/wp-json\/wp\/v2\/product\/89101","targetHints":{"allow":["GET"]}}],"collection":[{"href":"https:\/\/logistiikkakeskus.net\/kauppa\/wp-json\/wp\/v2\/product"}],"about":[{"href":"https:\/\/logistiikkakeskus.net\/kauppa\/wp-json\/wp\/v2\/types\/product"}],"replies":[{"embeddable":true,"href":"https:\/\/logistiikkakeskus.net\/kauppa\/wp-json\/wp\/v2\/comments?post=89101"}],"wp:featuredmedia":[{"embeddable":true,"href":"https:\/\/logistiikkakeskus.net\/kauppa\/wp-json\/wp\/v2\/media\/104732"}],"wp:attachment":[{"href":"https:\/\/logistiikkakeskus.net\/kauppa\/wp-json\/wp\/v2\/media?parent=89101"}],"wp:term":[{"taxonomy":"product_brand","embeddable":true,"href":"https:\/\/logistiikkakeskus.net\/kauppa\/wp-json\/wp\/v2\/product_brand?post=89101"},{"taxonomy":"product_cat","embeddable":true,"href":"https:\/\/logistiikkakeskus.net\/kauppa\/wp-json\/wp\/v2\/product_cat?post=89101"},{"taxonomy":"product_tag","embeddable":true,"href":"https:\/\/logistiikkakeskus.net\/kauppa\/wp-json\/wp\/v2\/product_tag?post=89101"}],"curies":[{"name":"wp","href":"https:\/\/api.w.org\/{rel}","templated":true}]}}