{"id":89098,"date":"2023-04-05T10:18:31","date_gmt":"2023-04-05T07:18:31","guid":{"rendered":"https:\/\/logistiikkakeskus.net\/kauppa\/tuote\/havikkitaulu\/"},"modified":"2026-01-20T09:20:34","modified_gmt":"2026-01-20T07:20:34","slug":"havikkitaulu","status":"publish","type":"product","link":"https:\/\/logistiikkakeskus.net\/kauppa\/tuote\/havikkitaulu\/","title":{"rendered":"H\u00e4vikkitaulu"},"content":{"rendered":"<p>300 x 450 mm,  1 mm muovi. Valkotaululaminaatti p\u00e4\u00e4ll\u00e4.<\/p>\n<p><i>Hakusanat: palke, palvelupolku<\/i><\/p>\n","protected":false},"excerpt":{"rendered":"<p>300 x 450 mm, 1 mm muovi. Valkotaululaminaatti p\u00e4\u00e4ll\u00e4. Hakusanat: palke, palvelupolku<\/p>\n","protected":false},"featured_media":104728,"comment_status":"open","ping_status":"closed","template":"","meta":[],"product_brand":[],"product_cat":[3123],"product_tag":[],"class_list":{"0":"post-89098","1":"product","2":"type-product","3":"status-publish","4":"has-post-thumbnail","6":"product_cat-toimistotarvikkeet-kokoushuone-ja-kongressitarvikkeet-esitetelineet-ja-kehykset","8":"first","9":"instock","10":"shipping-taxable","11":"purchasable","12":"product-type-simple"},"_links":{"self":[{"href":"https:\/\/logistiikkakeskus.net\/kauppa\/wp-json\/wp\/v2\/product\/89098","targetHints":{"allow":["GET"]}}],"collection":[{"href":"https:\/\/logistiikkakeskus.net\/kauppa\/wp-json\/wp\/v2\/product"}],"about":[{"href":"https:\/\/logistiikkakeskus.net\/kauppa\/wp-json\/wp\/v2\/types\/product"}],"replies":[{"embeddable":true,"href":"https:\/\/logistiikkakeskus.net\/kauppa\/wp-json\/wp\/v2\/comments?post=89098"}],"wp:featuredmedia":[{"embeddable":true,"href":"https:\/\/logistiikkakeskus.net\/kauppa\/wp-json\/wp\/v2\/media\/104728"}],"wp:attachment":[{"href":"https:\/\/logistiikkakeskus.net\/kauppa\/wp-json\/wp\/v2\/media?parent=89098"}],"wp:term":[{"taxonomy":"product_brand","embeddable":true,"href":"https:\/\/logistiikkakeskus.net\/kauppa\/wp-json\/wp\/v2\/product_brand?post=89098"},{"taxonomy":"product_cat","embeddable":true,"href":"https:\/\/logistiikkakeskus.net\/kauppa\/wp-json\/wp\/v2\/product_cat?post=89098"},{"taxonomy":"product_tag","embeddable":true,"href":"https:\/\/logistiikkakeskus.net\/kauppa\/wp-json\/wp\/v2\/product_tag?post=89098"}],"curies":[{"name":"wp","href":"https:\/\/api.w.org\/{rel}","templated":true}]}}