{"id":89052,"date":"2023-04-05T10:07:44","date_gmt":"2023-04-05T07:07:44","guid":{"rendered":"https:\/\/logistiikkakeskus.net\/kauppa\/tuote\/helsinki-reisitaskuhousut-strech-66\/"},"modified":"2026-01-20T09:19:18","modified_gmt":"2026-01-20T07:19:18","slug":"helsinki-reisitaskuhousut-strech-66","status":"publish","type":"product","link":"https:\/\/logistiikkakeskus.net\/kauppa\/tuote\/helsinki-reisitaskuhousut-strech-66\/","title":{"rendered":"Helsinki Reisitaskuhousut Strech 66"},"content":{"rendered":"<p>TILAUSTUOTE.TUOTEELLA NORMAALIA PIDEMPI TOIMITUSAIKA.Mustat reisitaskuhousut Strech, Helsinki painatuksellaToimivat ja kevyet ty\u00f6housut lukuisilla toiminnallisillayksityiskohdilla. Kangas on valmistettu mukavasta4-suuntaisesta joustavasta materiaalista ja se lis\u00e4\u00e4liikkumisvapautta maksimaalisen mukavuuden takaamiseksiOminaisuudet: kaksi tilavaa etutaskua, kaksi takataskua, kaksireisitaskua vetoketjulla, vasemman jalan reisitaskussa on ylim\u00e4\u00e4r\u00e4inenpuhelintasku.V\u00e4ri:MustaMateriaalit: 73 prosenttia polyamidi, 17 prosenttia puuvilla,             10 prosenttia elastaani.Hakusana: housut, ty\u00f6housut, Helsinki, reisitasku<\/p>\n","protected":false},"excerpt":{"rendered":"<p>TILAUSTUOTE.TUOTEELLA NORMAALIA PIDEMPI TOIMITUSAIKA.Mustat reisitaskuhousut Strech, Helsinki painatuksellaToimivat ja kevyet ty\u00f6housut lukuisilla toiminnallisillayksityiskohdilla. Kangas on valmistettu mukavasta4-suuntaisesta joustavasta materiaalista ja se lis\u00e4\u00e4liikkumisvapautta maksimaalisen mukavuuden takaamiseksiOminaisuudet: kaksi tilavaa etutaskua, kaksi takataskua, kaksireisitaskua vetoketjulla, vasemman jalan reisitaskussa on ylim\u00e4\u00e4r\u00e4inenpuhelintasku.V\u00e4ri:MustaMateriaalit: 73 prosenttia polyamidi, 17 prosenttia puuvilla, 10 prosenttia elastaani.Hakusana: housut, ty\u00f6housut, Helsinki, reisitasku<\/p>\n","protected":false},"featured_media":104051,"comment_status":"open","ping_status":"closed","template":"","meta":[],"product_brand":[],"product_cat":[3412],"product_tag":[],"class_list":{"0":"post-89052","1":"product","2":"type-product","3":"status-publish","4":"has-post-thumbnail","6":"product_cat-vaatteet-tyovaatteet-stara-kesavaatteet","8":"first","9":"instock","10":"shipping-taxable","11":"purchasable","12":"product-type-simple"},"_links":{"self":[{"href":"https:\/\/logistiikkakeskus.net\/kauppa\/wp-json\/wp\/v2\/product\/89052","targetHints":{"allow":["GET"]}}],"collection":[{"href":"https:\/\/logistiikkakeskus.net\/kauppa\/wp-json\/wp\/v2\/product"}],"about":[{"href":"https:\/\/logistiikkakeskus.net\/kauppa\/wp-json\/wp\/v2\/types\/product"}],"replies":[{"embeddable":true,"href":"https:\/\/logistiikkakeskus.net\/kauppa\/wp-json\/wp\/v2\/comments?post=89052"}],"wp:featuredmedia":[{"embeddable":true,"href":"https:\/\/logistiikkakeskus.net\/kauppa\/wp-json\/wp\/v2\/media\/104051"}],"wp:attachment":[{"href":"https:\/\/logistiikkakeskus.net\/kauppa\/wp-json\/wp\/v2\/media?parent=89052"}],"wp:term":[{"taxonomy":"product_brand","embeddable":true,"href":"https:\/\/logistiikkakeskus.net\/kauppa\/wp-json\/wp\/v2\/product_brand?post=89052"},{"taxonomy":"product_cat","embeddable":true,"href":"https:\/\/logistiikkakeskus.net\/kauppa\/wp-json\/wp\/v2\/product_cat?post=89052"},{"taxonomy":"product_tag","embeddable":true,"href":"https:\/\/logistiikkakeskus.net\/kauppa\/wp-json\/wp\/v2\/product_tag?post=89052"}],"curies":[{"name":"wp","href":"https:\/\/api.w.org\/{rel}","templated":true}]}}