{"id":88955,"date":"2023-04-05T10:01:55","date_gmt":"2023-04-05T07:01:55","guid":{"rendered":"https:\/\/logistiikkakeskus.net\/kauppa\/tuote\/helsinki-t-paita-pitkahihainen-navy-2xl\/"},"modified":"2026-01-20T09:18:23","modified_gmt":"2026-01-20T07:18:23","slug":"helsinki-t-paita-pitkahihainen-navy-2xl","status":"publish","type":"product","link":"https:\/\/logistiikkakeskus.net\/kauppa\/tuote\/helsinki-t-paita-pitkahihainen-navy-2xl\/","title":{"rendered":"Helsinki T-paita pitk\u00e4hihainen Navy 2XL"},"content":{"rendered":"<p>Helsinki T-paita pitk\u00e4hinainen NavyAinutlaatuinen CoolDry Tee on valmistettu pehme\u00e4st\u00e4, kevyest\u00e4ja hengitt\u00e4v\u00e4st\u00e4 kankaasta, joka siirt\u00e4\u00e4 ihon kosteuden paidanulkopinnalle, josta se haihtuu nopeasti.Paidassa on k\u00e4ytetty CoolDry-materiaalia maksimaalisen mukavuuden jasuorituskyvyn takaamiseksi.Materiaalit: 95 prosenttia CoolDry-mikropolyesteri\u00e4, 5 prosenttiapandexia.Hakusana: T-paita,pitk\u00e4hihainen,paita,Helsinki<\/p>\n","protected":false},"excerpt":{"rendered":"<p>Helsinki T-paita pitk\u00e4hinainen NavyAinutlaatuinen CoolDry Tee on valmistettu pehme\u00e4st\u00e4, kevyest\u00e4ja hengitt\u00e4v\u00e4st\u00e4 kankaasta, joka siirt\u00e4\u00e4 ihon kosteuden paidanulkopinnalle, josta se haihtuu nopeasti.Paidassa on k\u00e4ytetty CoolDry-materiaalia maksimaalisen mukavuuden jasuorituskyvyn takaamiseksi.Materiaalit: 95 prosenttia CoolDry-mikropolyesteri\u00e4, 5 prosenttiapandexia.Hakusana: T-paita,pitk\u00e4hihainen,paita,Helsinki<\/p>\n","protected":false},"featured_media":0,"comment_status":"open","ping_status":"closed","template":"","meta":[],"product_brand":[],"product_cat":[3412],"product_tag":[],"class_list":{"0":"post-88955","1":"product","2":"type-product","3":"status-publish","5":"product_cat-vaatteet-tyovaatteet-stara-kesavaatteet","7":"first","8":"instock","9":"shipping-taxable","10":"purchasable","11":"product-type-simple"},"_links":{"self":[{"href":"https:\/\/logistiikkakeskus.net\/kauppa\/wp-json\/wp\/v2\/product\/88955","targetHints":{"allow":["GET"]}}],"collection":[{"href":"https:\/\/logistiikkakeskus.net\/kauppa\/wp-json\/wp\/v2\/product"}],"about":[{"href":"https:\/\/logistiikkakeskus.net\/kauppa\/wp-json\/wp\/v2\/types\/product"}],"replies":[{"embeddable":true,"href":"https:\/\/logistiikkakeskus.net\/kauppa\/wp-json\/wp\/v2\/comments?post=88955"}],"wp:attachment":[{"href":"https:\/\/logistiikkakeskus.net\/kauppa\/wp-json\/wp\/v2\/media?parent=88955"}],"wp:term":[{"taxonomy":"product_brand","embeddable":true,"href":"https:\/\/logistiikkakeskus.net\/kauppa\/wp-json\/wp\/v2\/product_brand?post=88955"},{"taxonomy":"product_cat","embeddable":true,"href":"https:\/\/logistiikkakeskus.net\/kauppa\/wp-json\/wp\/v2\/product_cat?post=88955"},{"taxonomy":"product_tag","embeddable":true,"href":"https:\/\/logistiikkakeskus.net\/kauppa\/wp-json\/wp\/v2\/product_tag?post=88955"}],"curies":[{"name":"wp","href":"https:\/\/api.w.org\/{rel}","templated":true}]}}