{"id":88943,"date":"2023-04-05T10:01:48","date_gmt":"2023-04-05T07:01:48","guid":{"rendered":"https:\/\/logistiikkakeskus.net\/kauppa\/tuote\/helsinki-kauluspaita-lyhythihainen-4xl\/"},"modified":"2026-01-20T09:18:21","modified_gmt":"2026-01-20T07:18:21","slug":"helsinki-kauluspaita-lyhythihainen-4xl","status":"publish","type":"product","link":"https:\/\/logistiikkakeskus.net\/kauppa\/tuote\/helsinki-kauluspaita-lyhythihainen-4xl\/","title":{"rendered":"Helsinki Kauluspaita lyhythihainen 4XL"},"content":{"rendered":"<p>TILAUSTUOTE.TUOTTEELLA NORMAALIA PIDEMPI TOIMITUSAIKA.Helsinki Kauluspaita Navy lyhythihainen,Helsinki painatuksella.Twill on kudontatapa, jonka avulla kankaan pintaan muodostuuviistokuvio. Moniin muihin kangastyyppeihin verrattuinatwillkankaat ovat pehme\u00e4mpi\u00e4 ja eiv\u00e4t siksi rypisty niin helpostiOminaisuudet:kaulusnapit, vasen rintatasku, s\u00e4\u00e4dett\u00e4v\u00e4t hihansuutV\u00e4ri: NavyMateriaalit: 100 prosenttia pehme\u00e4ksi harjattu puuvilla twillHakusana: kauluspaita,paita,Helsinki<\/p>\n","protected":false},"excerpt":{"rendered":"<p>TILAUSTUOTE.TUOTTEELLA NORMAALIA PIDEMPI TOIMITUSAIKA.Helsinki Kauluspaita Navy lyhythihainen,Helsinki painatuksella.Twill on kudontatapa, jonka avulla kankaan pintaan muodostuuviistokuvio. Moniin muihin kangastyyppeihin verrattuinatwillkankaat ovat pehme\u00e4mpi\u00e4 ja eiv\u00e4t siksi rypisty niin helpostiOminaisuudet:kaulusnapit, vasen rintatasku, s\u00e4\u00e4dett\u00e4v\u00e4t hihansuutV\u00e4ri: NavyMateriaalit: 100 prosenttia pehme\u00e4ksi harjattu puuvilla twillHakusana: kauluspaita,paita,Helsinki<\/p>\n","protected":false},"featured_media":0,"comment_status":"open","ping_status":"closed","template":"","meta":[],"product_brand":[],"product_cat":[3412],"product_tag":[],"class_list":{"0":"post-88943","1":"product","2":"type-product","3":"status-publish","5":"product_cat-vaatteet-tyovaatteet-stara-kesavaatteet","7":"first","8":"instock","9":"shipping-taxable","10":"purchasable","11":"product-type-simple"},"_links":{"self":[{"href":"https:\/\/logistiikkakeskus.net\/kauppa\/wp-json\/wp\/v2\/product\/88943","targetHints":{"allow":["GET"]}}],"collection":[{"href":"https:\/\/logistiikkakeskus.net\/kauppa\/wp-json\/wp\/v2\/product"}],"about":[{"href":"https:\/\/logistiikkakeskus.net\/kauppa\/wp-json\/wp\/v2\/types\/product"}],"replies":[{"embeddable":true,"href":"https:\/\/logistiikkakeskus.net\/kauppa\/wp-json\/wp\/v2\/comments?post=88943"}],"wp:attachment":[{"href":"https:\/\/logistiikkakeskus.net\/kauppa\/wp-json\/wp\/v2\/media?parent=88943"}],"wp:term":[{"taxonomy":"product_brand","embeddable":true,"href":"https:\/\/logistiikkakeskus.net\/kauppa\/wp-json\/wp\/v2\/product_brand?post=88943"},{"taxonomy":"product_cat","embeddable":true,"href":"https:\/\/logistiikkakeskus.net\/kauppa\/wp-json\/wp\/v2\/product_cat?post=88943"},{"taxonomy":"product_tag","embeddable":true,"href":"https:\/\/logistiikkakeskus.net\/kauppa\/wp-json\/wp\/v2\/product_tag?post=88943"}],"curies":[{"name":"wp","href":"https:\/\/api.w.org\/{rel}","templated":true}]}}