{"id":88911,"date":"2023-04-05T09:56:43","date_gmt":"2023-04-05T06:56:43","guid":{"rendered":"https:\/\/logistiikkakeskus.net\/kauppa\/tuote\/helsinki-talvitakki-croston-hi-vis-4xl\/"},"modified":"2026-01-20T09:17:32","modified_gmt":"2026-01-20T07:17:32","slug":"helsinki-talvitakki-croston-hi-vis-4xl","status":"publish","type":"product","link":"https:\/\/logistiikkakeskus.net\/kauppa\/tuote\/helsinki-talvitakki-croston-hi-vis-4xl\/","title":{"rendered":"Helsinki Talvitakki Croston Hi-Vis, 4XL"},"content":{"rendered":"<p>TILAUSTUOTE.TUOTTEELLA NORMAALIA PIDEMPI TOIMITUSAIKA.Helsinki Talvitakki Croston Hi-visTalvitakki Croston irrotettavalla vuorella Hi-Vis Croston-takkiHelsinki painatuksilla sopii eritt\u00e4in hyvin ankariin ty\u00f6olosuhteisiin,koska sill\u00e4 on hyv\u00e4 kulutuskest\u00e4vyys. Mukavuuden vuoksi t\u00e4ss\u00e4 takissa onmy\u00f6s pidennetty selk\u00e4osa. Tikattu vuori on irrotettava ja huppu voidaanpiilottaa kaulukseen, joten voit s\u00e4\u00e4t\u00e4\u00e4 t\u00e4t\u00e4 takkia s\u00e4\u00e4n mukaan.Takissa henkil\u00f6korttitaskuOminaisuudet: Irrotettava vuori,suora kaulus, vetoketju l\u00e4p\u00e4n alla,1 rintatasku, 2 sis\u00e4taskua l\u00e4p\u00e4ll\u00e4,1 kyn\u00e4tasku,hihat,joustavathihansuut,resori vy\u00f6t\u00e4r\u00f6ll\u00e4 ja kavennukset painonapeilla vy\u00f6t\u00e4r\u00f6nsivuilla,pidennetty selk\u00e4osaV\u00e4ri: Keltainen\/NavyMateriaalit: Hi-Vis kangas: 80 % polyesteri, 20% puuvilla &#038;Muu kangas: 65 % polyesteri, 35 % puuvilla StretchHakusana: Talvitakki, huomiotakki, toppatakki, Helsinki<\/p>\n","protected":false},"excerpt":{"rendered":"<p>TILAUSTUOTE.TUOTTEELLA NORMAALIA PIDEMPI TOIMITUSAIKA.Helsinki Talvitakki Croston Hi-visTalvitakki Croston irrotettavalla vuorella Hi-Vis Croston-takkiHelsinki painatuksilla sopii eritt\u00e4in hyvin ankariin ty\u00f6olosuhteisiin,koska sill\u00e4 on hyv\u00e4 kulutuskest\u00e4vyys. Mukavuuden vuoksi t\u00e4ss\u00e4 takissa onmy\u00f6s pidennetty selk\u00e4osa. Tikattu vuori on irrotettava ja huppu voidaanpiilottaa kaulukseen, joten voit s\u00e4\u00e4t\u00e4\u00e4 t\u00e4t\u00e4 takkia s\u00e4\u00e4n mukaan.Takissa henkil\u00f6korttitaskuOminaisuudet: Irrotettava vuori,suora kaulus, vetoketju l\u00e4p\u00e4n alla,1 rintatasku, 2 sis\u00e4taskua l\u00e4p\u00e4ll\u00e4,1 [&hellip;]<\/p>\n","protected":false},"featured_media":103135,"comment_status":"open","ping_status":"closed","template":"","meta":[],"product_brand":[],"product_cat":[3330],"product_tag":[],"class_list":{"0":"post-88911","1":"product","2":"type-product","3":"status-publish","4":"has-post-thumbnail","6":"product_cat-vaatteet-tyovaatteet-stara-talvivaatteet","8":"first","9":"instock","10":"shipping-taxable","11":"purchasable","12":"product-type-simple"},"_links":{"self":[{"href":"https:\/\/logistiikkakeskus.net\/kauppa\/wp-json\/wp\/v2\/product\/88911","targetHints":{"allow":["GET"]}}],"collection":[{"href":"https:\/\/logistiikkakeskus.net\/kauppa\/wp-json\/wp\/v2\/product"}],"about":[{"href":"https:\/\/logistiikkakeskus.net\/kauppa\/wp-json\/wp\/v2\/types\/product"}],"replies":[{"embeddable":true,"href":"https:\/\/logistiikkakeskus.net\/kauppa\/wp-json\/wp\/v2\/comments?post=88911"}],"wp:featuredmedia":[{"embeddable":true,"href":"https:\/\/logistiikkakeskus.net\/kauppa\/wp-json\/wp\/v2\/media\/103135"}],"wp:attachment":[{"href":"https:\/\/logistiikkakeskus.net\/kauppa\/wp-json\/wp\/v2\/media?parent=88911"}],"wp:term":[{"taxonomy":"product_brand","embeddable":true,"href":"https:\/\/logistiikkakeskus.net\/kauppa\/wp-json\/wp\/v2\/product_brand?post=88911"},{"taxonomy":"product_cat","embeddable":true,"href":"https:\/\/logistiikkakeskus.net\/kauppa\/wp-json\/wp\/v2\/product_cat?post=88911"},{"taxonomy":"product_tag","embeddable":true,"href":"https:\/\/logistiikkakeskus.net\/kauppa\/wp-json\/wp\/v2\/product_tag?post=88911"}],"curies":[{"name":"wp","href":"https:\/\/api.w.org\/{rel}","templated":true}]}}