{"id":88909,"date":"2023-04-05T09:56:43","date_gmt":"2023-04-05T06:56:43","guid":{"rendered":"https:\/\/logistiikkakeskus.net\/kauppa\/tuote\/helsinki-takki-hi-vis-lk3-miesten-6xl\/"},"modified":"2026-01-20T09:17:32","modified_gmt":"2026-01-20T07:17:32","slug":"helsinki-takki-hi-vis-lk3-miesten-6xl","status":"publish","type":"product","link":"https:\/\/logistiikkakeskus.net\/kauppa\/tuote\/helsinki-takki-hi-vis-lk3-miesten-6xl\/","title":{"rendered":"Helsinki Takki Hi-Vis LK3 Miesten 6XL"},"content":{"rendered":"<p>TILAUSTUOTE.TUOTTEELLA NORMAALIA PIDEMPI TOIMITUSAIKA.Huomiov\u00e4rinen miesten ty\u00f6takki Helsinki painatus rinta ja selk\u00e4.fluoresoiva v\u00e4ri n\u00e4kyy kauas p\u00e4iv\u00e4nvalossa ja h\u00e4m\u00e4r\u00e4ss\u00e4. Heijastinnauhatantavat k\u00e4ytt\u00e4j\u00e4lleen turvan pime\u00e4n aikaan.Huom! Takissa on kiinte\u00e4n\u00e4 yksi paikka ID- kortille.Henkil\u00f6korttitaskussa on sis\u00e4\u00e4nrakennettu muovitasku, jonka ansiostakortti pysyy tukevasti paikoillaan.Ominaisuudet:Pystykaulus, henkil\u00f6korttitasku, matkapuhelintasku, kyn\u00e4tasku,l\u00e4p\u00e4llisetrintataskut, alataskut vetoksetjulla,isot sis\u00e4taskut molemmillapuolilla, s\u00e4\u00e4dett\u00e4v\u00e4t hihansuut ja helmat, tuulilistaV\u00e4ri: Kelta-navySertifioitu: EN 20471 LK.3Materiaalit: Hi-Vis -kangas: 80 prosenttia polyesteri,20 prosenttia puuvillaa. Muu kangas 64 prosenttia polyesteri,34proasenttia puuvilla, 2 prosenttia strech.Hakusana: huomiotakki,takki, helsinki, ty\u00f6takki<\/p>\n","protected":false},"excerpt":{"rendered":"<p>TILAUSTUOTE.TUOTTEELLA NORMAALIA PIDEMPI TOIMITUSAIKA.Huomiov\u00e4rinen miesten ty\u00f6takki Helsinki painatus rinta ja selk\u00e4.fluoresoiva v\u00e4ri n\u00e4kyy kauas p\u00e4iv\u00e4nvalossa ja h\u00e4m\u00e4r\u00e4ss\u00e4. Heijastinnauhatantavat k\u00e4ytt\u00e4j\u00e4lleen turvan pime\u00e4n aikaan.Huom! Takissa on kiinte\u00e4n\u00e4 yksi paikka ID- kortille.Henkil\u00f6korttitaskussa on sis\u00e4\u00e4nrakennettu muovitasku, jonka ansiostakortti pysyy tukevasti paikoillaan.Ominaisuudet:Pystykaulus, henkil\u00f6korttitasku, matkapuhelintasku, kyn\u00e4tasku,l\u00e4p\u00e4llisetrintataskut, alataskut vetoksetjulla,isot sis\u00e4taskut molemmillapuolilla, s\u00e4\u00e4dett\u00e4v\u00e4t hihansuut ja helmat, tuulilistaV\u00e4ri: Kelta-navySertifioitu: EN 20471 LK.3Materiaalit: Hi-Vis -kangas: [&hellip;]<\/p>\n","protected":false},"featured_media":103133,"comment_status":"open","ping_status":"closed","template":"","meta":[],"product_brand":[],"product_cat":[3412],"product_tag":[],"class_list":{"0":"post-88909","1":"product","2":"type-product","3":"status-publish","4":"has-post-thumbnail","6":"product_cat-vaatteet-tyovaatteet-stara-kesavaatteet","8":"first","9":"instock","10":"shipping-taxable","11":"purchasable","12":"product-type-simple"},"_links":{"self":[{"href":"https:\/\/logistiikkakeskus.net\/kauppa\/wp-json\/wp\/v2\/product\/88909","targetHints":{"allow":["GET"]}}],"collection":[{"href":"https:\/\/logistiikkakeskus.net\/kauppa\/wp-json\/wp\/v2\/product"}],"about":[{"href":"https:\/\/logistiikkakeskus.net\/kauppa\/wp-json\/wp\/v2\/types\/product"}],"replies":[{"embeddable":true,"href":"https:\/\/logistiikkakeskus.net\/kauppa\/wp-json\/wp\/v2\/comments?post=88909"}],"wp:featuredmedia":[{"embeddable":true,"href":"https:\/\/logistiikkakeskus.net\/kauppa\/wp-json\/wp\/v2\/media\/103133"}],"wp:attachment":[{"href":"https:\/\/logistiikkakeskus.net\/kauppa\/wp-json\/wp\/v2\/media?parent=88909"}],"wp:term":[{"taxonomy":"product_brand","embeddable":true,"href":"https:\/\/logistiikkakeskus.net\/kauppa\/wp-json\/wp\/v2\/product_brand?post=88909"},{"taxonomy":"product_cat","embeddable":true,"href":"https:\/\/logistiikkakeskus.net\/kauppa\/wp-json\/wp\/v2\/product_cat?post=88909"},{"taxonomy":"product_tag","embeddable":true,"href":"https:\/\/logistiikkakeskus.net\/kauppa\/wp-json\/wp\/v2\/product_tag?post=88909"}],"curies":[{"name":"wp","href":"https:\/\/api.w.org\/{rel}","templated":true}]}}