{"id":88884,"date":"2023-04-05T09:56:27","date_gmt":"2023-04-05T06:56:27","guid":{"rendered":"https:\/\/logistiikkakeskus.net\/kauppa\/tuote\/helsinki-softshell-takki-miesten-4xl\/"},"modified":"2026-01-20T09:17:28","modified_gmt":"2026-01-20T07:17:28","slug":"helsinki-softshell-takki-miesten-4xl","status":"publish","type":"product","link":"https:\/\/logistiikkakeskus.net\/kauppa\/tuote\/helsinki-softshell-takki-miesten-4xl\/","title":{"rendered":"Helsinki Softshell takki Miesten 4XL"},"content":{"rendered":"<p>TILAUSTUOTE.TUOTTEELLA NORMAALIA PIDEMPI TOIMITUSAIKA.Musta softshell takki Helsinki painatuksella.Vett\u00e4hylkiv\u00e4, joustava ja hengitt\u00e4v\u00e4, mutta samalla my\u00f6s loistavastituulta pit\u00e4v\u00e4 softshell takki, jossa l\u00e4mm\u00f6n takaa fleecevuori. Takkiedustaa t\u00e4m\u00e4n p\u00e4iv\u00e4n modernia muotoilua ja miellytt\u00e4v\u00e4\u00e4k\u00e4ytt\u00f6mukavuutta. Tuotteessa on useita erilaisia taskuja jayksityiskohtia.Ominaisuudet: Etuvetoketjun alla tuulisuojalista,Rinnassa reilunkokoiset vetoketjutaskut,Edess\u00e4 reilun kokoiset sivutaskutvetoketjulla.Sis\u00e4ll\u00e4 vasemmalla povitasku tarrakiinnityksell\u00e4 jaoikealla iso tasku. Henkil\u00f6kortti tasku. Helmassa s\u00e4\u00e4dett\u00e4v\u00e4kuminauhakiristys. Hihoissa kuminauha ja kiristystampitneppareilla.V\u00e4ri: MustaHakusana: softshell,takki, Helsinki<\/p>\n","protected":false},"excerpt":{"rendered":"<p>TILAUSTUOTE.TUOTTEELLA NORMAALIA PIDEMPI TOIMITUSAIKA.Musta softshell takki Helsinki painatuksella.Vett\u00e4hylkiv\u00e4, joustava ja hengitt\u00e4v\u00e4, mutta samalla my\u00f6s loistavastituulta pit\u00e4v\u00e4 softshell takki, jossa l\u00e4mm\u00f6n takaa fleecevuori. Takkiedustaa t\u00e4m\u00e4n p\u00e4iv\u00e4n modernia muotoilua ja miellytt\u00e4v\u00e4\u00e4k\u00e4ytt\u00f6mukavuutta. Tuotteessa on useita erilaisia taskuja jayksityiskohtia.Ominaisuudet: Etuvetoketjun alla tuulisuojalista,Rinnassa reilunkokoiset vetoketjutaskut,Edess\u00e4 reilun kokoiset sivutaskutvetoketjulla.Sis\u00e4ll\u00e4 vasemmalla povitasku tarrakiinnityksell\u00e4 jaoikealla iso tasku. Henkil\u00f6kortti tasku. Helmassa s\u00e4\u00e4dett\u00e4v\u00e4kuminauhakiristys. Hihoissa kuminauha [&hellip;]<\/p>\n","protected":false},"featured_media":103100,"comment_status":"open","ping_status":"closed","template":"","meta":[],"product_brand":[],"product_cat":[3412],"product_tag":[],"class_list":{"0":"post-88884","1":"product","2":"type-product","3":"status-publish","4":"has-post-thumbnail","6":"product_cat-vaatteet-tyovaatteet-stara-kesavaatteet","8":"first","9":"instock","10":"shipping-taxable","11":"purchasable","12":"product-type-simple"},"_links":{"self":[{"href":"https:\/\/logistiikkakeskus.net\/kauppa\/wp-json\/wp\/v2\/product\/88884","targetHints":{"allow":["GET"]}}],"collection":[{"href":"https:\/\/logistiikkakeskus.net\/kauppa\/wp-json\/wp\/v2\/product"}],"about":[{"href":"https:\/\/logistiikkakeskus.net\/kauppa\/wp-json\/wp\/v2\/types\/product"}],"replies":[{"embeddable":true,"href":"https:\/\/logistiikkakeskus.net\/kauppa\/wp-json\/wp\/v2\/comments?post=88884"}],"wp:featuredmedia":[{"embeddable":true,"href":"https:\/\/logistiikkakeskus.net\/kauppa\/wp-json\/wp\/v2\/media\/103100"}],"wp:attachment":[{"href":"https:\/\/logistiikkakeskus.net\/kauppa\/wp-json\/wp\/v2\/media?parent=88884"}],"wp:term":[{"taxonomy":"product_brand","embeddable":true,"href":"https:\/\/logistiikkakeskus.net\/kauppa\/wp-json\/wp\/v2\/product_brand?post=88884"},{"taxonomy":"product_cat","embeddable":true,"href":"https:\/\/logistiikkakeskus.net\/kauppa\/wp-json\/wp\/v2\/product_cat?post=88884"},{"taxonomy":"product_tag","embeddable":true,"href":"https:\/\/logistiikkakeskus.net\/kauppa\/wp-json\/wp\/v2\/product_tag?post=88884"}],"curies":[{"name":"wp","href":"https:\/\/api.w.org\/{rel}","templated":true}]}}