{"id":88875,"date":"2023-04-05T09:56:05","date_gmt":"2023-04-05T06:56:05","guid":{"rendered":"https:\/\/logistiikkakeskus.net\/kauppa\/tuote\/helsinki-housut-palosuojattu-42\/"},"modified":"2026-01-20T09:17:23","modified_gmt":"2026-01-20T07:17:23","slug":"helsinki-housut-palosuojattu-42","status":"publish","type":"product","link":"https:\/\/logistiikkakeskus.net\/kauppa\/tuote\/helsinki-housut-palosuojattu-42\/","title":{"rendered":"Helsinki Housut palosuojattu 42"},"content":{"rendered":"<p>TTILAUSTUOTE.TUOTEELLA NORMAALIA PIDEMPI TOIMITUSAIKA.Helsinki Housut palosuojattu FR AST ARCPalosuojatut musta\/punainaiset  reisitaskuhousut Helsinki painatuksella.joissa on joustava, edest\u00e4 madallettu vy\u00f6t\u00e4r\u00f6Ominaisuudet: etuviistotaskut, matkapuhelintasku, l\u00e4p\u00e4llisetreisitaskut, l\u00e4p\u00e4lliset takataskut, joustava vy\u00f6t\u00e4r\u00f6V\u00e4ri: musta-punainenSertifioitu: EN 11611, EN 11612, EN 1149-5, EN 61482-2Materiaalit: 99 prosenttia puuvilla,1 prosentti antistaattinenmateriaaliHakusana: palosuojattu, palosuojahousut, Helsinki,housut<\/p>\n","protected":false},"excerpt":{"rendered":"<p>TTILAUSTUOTE.TUOTEELLA NORMAALIA PIDEMPI TOIMITUSAIKA.Helsinki Housut palosuojattu FR AST ARCPalosuojatut musta\/punainaiset reisitaskuhousut Helsinki painatuksella.joissa on joustava, edest\u00e4 madallettu vy\u00f6t\u00e4r\u00f6Ominaisuudet: etuviistotaskut, matkapuhelintasku, l\u00e4p\u00e4llisetreisitaskut, l\u00e4p\u00e4lliset takataskut, joustava vy\u00f6t\u00e4r\u00f6V\u00e4ri: musta-punainenSertifioitu: EN 11611, EN 11612, EN 1149-5, EN 61482-2Materiaalit: 99 prosenttia puuvilla,1 prosentti antistaattinenmateriaaliHakusana: palosuojattu, palosuojahousut, Helsinki,housut<\/p>\n","protected":false},"featured_media":103051,"comment_status":"open","ping_status":"closed","template":"","meta":[],"product_brand":[],"product_cat":[3412],"product_tag":[],"class_list":{"0":"post-88875","1":"product","2":"type-product","3":"status-publish","4":"has-post-thumbnail","6":"product_cat-vaatteet-tyovaatteet-stara-kesavaatteet","8":"first","9":"instock","10":"shipping-taxable","11":"purchasable","12":"product-type-simple"},"_links":{"self":[{"href":"https:\/\/logistiikkakeskus.net\/kauppa\/wp-json\/wp\/v2\/product\/88875","targetHints":{"allow":["GET"]}}],"collection":[{"href":"https:\/\/logistiikkakeskus.net\/kauppa\/wp-json\/wp\/v2\/product"}],"about":[{"href":"https:\/\/logistiikkakeskus.net\/kauppa\/wp-json\/wp\/v2\/types\/product"}],"replies":[{"embeddable":true,"href":"https:\/\/logistiikkakeskus.net\/kauppa\/wp-json\/wp\/v2\/comments?post=88875"}],"wp:featuredmedia":[{"embeddable":true,"href":"https:\/\/logistiikkakeskus.net\/kauppa\/wp-json\/wp\/v2\/media\/103051"}],"wp:attachment":[{"href":"https:\/\/logistiikkakeskus.net\/kauppa\/wp-json\/wp\/v2\/media?parent=88875"}],"wp:term":[{"taxonomy":"product_brand","embeddable":true,"href":"https:\/\/logistiikkakeskus.net\/kauppa\/wp-json\/wp\/v2\/product_brand?post=88875"},{"taxonomy":"product_cat","embeddable":true,"href":"https:\/\/logistiikkakeskus.net\/kauppa\/wp-json\/wp\/v2\/product_cat?post=88875"},{"taxonomy":"product_tag","embeddable":true,"href":"https:\/\/logistiikkakeskus.net\/kauppa\/wp-json\/wp\/v2\/product_tag?post=88875"}],"curies":[{"name":"wp","href":"https:\/\/api.w.org\/{rel}","templated":true}]}}