{"id":88868,"date":"2023-04-05T09:56:02","date_gmt":"2023-04-05T06:56:02","guid":{"rendered":"https:\/\/logistiikkakeskus.net\/kauppa\/tuote\/helsinki-takki-palosuojattu-xs\/"},"modified":"2026-01-20T09:17:23","modified_gmt":"2026-01-20T07:17:23","slug":"helsinki-takki-palosuojattu-xs","status":"publish","type":"product","link":"https:\/\/logistiikkakeskus.net\/kauppa\/tuote\/helsinki-takki-palosuojattu-xs\/","title":{"rendered":"Helsinki Takki palosuojattu XS"},"content":{"rendered":"<p>TILAUSTUOTE.TUOTTEELLA NORMAALIA PIDEMPI TOIMITUSAIKA.Helsinki Takki palosuojattu FR AST ARCPalosuojattu musta\/punainen palosuojattu takki Helsinki painatuksilla.Kuumuudelta ja tulelta suojaava ty\u00f6takki. Soveltuu k\u00e4ytt\u00e4jille,jotka altistuvat l\u00e4mp\u00f6s\u00e4teilylle, liekki- tai kosketuskuumuudelletai sulametalliroiskeille (rautaroiskeet).Tuote suojaa k\u00e4ytt\u00e4j\u00e4\u00e4 k\u00e4si\u00e4lukuun ottamatta kuumuudelta tai tulelta tai molemmilta.Ominaisuudet: Henkil\u00f6korttitasku, matkapuhelintasku, alataskutvetoketjulla, isot sis\u00e4taskut molemmilta puolilla, pystykaulus,s\u00e4\u00e4dett\u00e4v\u00e4t hihansuut ja helmat, tuulilista etuketjun p\u00e4\u00e4ll\u00e4.V\u00e4rit: musta-punainenSertifioitu:  EN 11611, EN 11612, EN 1149-5, EN 61482-2Materiaalit: 99 prosenttia puuvilla, 1 prosentti antistaattinenmateriaali.<\/p>\n","protected":false},"excerpt":{"rendered":"<p>TILAUSTUOTE.TUOTTEELLA NORMAALIA PIDEMPI TOIMITUSAIKA.Helsinki Takki palosuojattu FR AST ARCPalosuojattu musta\/punainen palosuojattu takki Helsinki painatuksilla.Kuumuudelta ja tulelta suojaava ty\u00f6takki. Soveltuu k\u00e4ytt\u00e4jille,jotka altistuvat l\u00e4mp\u00f6s\u00e4teilylle, liekki- tai kosketuskuumuudelletai sulametalliroiskeille (rautaroiskeet).Tuote suojaa k\u00e4ytt\u00e4j\u00e4\u00e4 k\u00e4si\u00e4lukuun ottamatta kuumuudelta tai tulelta tai molemmilta.Ominaisuudet: Henkil\u00f6korttitasku, matkapuhelintasku, alataskutvetoketjulla, isot sis\u00e4taskut molemmilta puolilla, pystykaulus,s\u00e4\u00e4dett\u00e4v\u00e4t hihansuut ja helmat, tuulilista etuketjun p\u00e4\u00e4ll\u00e4.V\u00e4rit: musta-punainenSertifioitu: EN 11611, EN 11612, [&hellip;]<\/p>\n","protected":false},"featured_media":103044,"comment_status":"open","ping_status":"closed","template":"","meta":[],"product_brand":[],"product_cat":[3412],"product_tag":[],"class_list":{"0":"post-88868","1":"product","2":"type-product","3":"status-publish","4":"has-post-thumbnail","6":"product_cat-vaatteet-tyovaatteet-stara-kesavaatteet","8":"first","9":"instock","10":"shipping-taxable","11":"purchasable","12":"product-type-simple"},"_links":{"self":[{"href":"https:\/\/logistiikkakeskus.net\/kauppa\/wp-json\/wp\/v2\/product\/88868","targetHints":{"allow":["GET"]}}],"collection":[{"href":"https:\/\/logistiikkakeskus.net\/kauppa\/wp-json\/wp\/v2\/product"}],"about":[{"href":"https:\/\/logistiikkakeskus.net\/kauppa\/wp-json\/wp\/v2\/types\/product"}],"replies":[{"embeddable":true,"href":"https:\/\/logistiikkakeskus.net\/kauppa\/wp-json\/wp\/v2\/comments?post=88868"}],"wp:featuredmedia":[{"embeddable":true,"href":"https:\/\/logistiikkakeskus.net\/kauppa\/wp-json\/wp\/v2\/media\/103044"}],"wp:attachment":[{"href":"https:\/\/logistiikkakeskus.net\/kauppa\/wp-json\/wp\/v2\/media?parent=88868"}],"wp:term":[{"taxonomy":"product_brand","embeddable":true,"href":"https:\/\/logistiikkakeskus.net\/kauppa\/wp-json\/wp\/v2\/product_brand?post=88868"},{"taxonomy":"product_cat","embeddable":true,"href":"https:\/\/logistiikkakeskus.net\/kauppa\/wp-json\/wp\/v2\/product_cat?post=88868"},{"taxonomy":"product_tag","embeddable":true,"href":"https:\/\/logistiikkakeskus.net\/kauppa\/wp-json\/wp\/v2\/product_tag?post=88868"}],"curies":[{"name":"wp","href":"https:\/\/api.w.org\/{rel}","templated":true}]}}