{"id":88858,"date":"2023-04-05T09:53:37","date_gmt":"2023-04-05T06:53:37","guid":{"rendered":"https:\/\/logistiikkakeskus.net\/kauppa\/tuote\/kolhulippalakki-musta\/"},"modified":"2026-01-20T09:17:01","modified_gmt":"2026-01-20T07:17:01","slug":"kolhulippalakki-musta","status":"publish","type":"product","link":"https:\/\/logistiikkakeskus.net\/kauppa\/tuote\/kolhulippalakki-musta\/","title":{"rendered":"Kolhulippalakki musta"},"content":{"rendered":"<p>TILAUSTUOTE.TUOTTEELLA NORMAALIA PIDEMPI TOIMITUSAIKAABS-kovikkeilla vahvistettu kolhulippalakki. Lippiksess\u00e4 on pehmustettumuovinen sis\u00e4tuki. S\u00e4\u00e4dett\u00e4v\u00e4 koko.Sopii k\u00e4ytt\u00e4jille, joiden ei ole pakollista k\u00e4ytt\u00e4\u00e4 suojakyp\u00e4r\u00e4\u00e4, muttajotka tarvitsevat silti jonkin tyyppisen p\u00e4\u00e4nsuojaimen.T\u00e4ydellinen ty\u00f6teht\u00e4viin ahtaissa paikoissa, joissa ly\u00f6t p\u00e4\u00e4si helpostiter\u00e4vi\u00e4 reunoja tai vastaavia vasten. T\u00e4llaisia ammattiryhmi\u00e4 ovatputkimiehet, s\u00e4hk\u00f6asentajat, teollisuusmekaanikot jne.Kolhulippalakki ei korvaa tavallista suojakyp\u00e4r\u00e4\u00e4.S\u00e4\u00e4dett\u00e4v\u00e4 koko: 54 &#8211; 59 cm.V\u00e4ri: mustaEN:812Hakusanat: kolhusuoja, p\u00e4\u00e4nsuoja<\/p>\n","protected":false},"excerpt":{"rendered":"<p>TILAUSTUOTE.TUOTTEELLA NORMAALIA PIDEMPI TOIMITUSAIKAABS-kovikkeilla vahvistettu kolhulippalakki. Lippiksess\u00e4 on pehmustettumuovinen sis\u00e4tuki. S\u00e4\u00e4dett\u00e4v\u00e4 koko.Sopii k\u00e4ytt\u00e4jille, joiden ei ole pakollista k\u00e4ytt\u00e4\u00e4 suojakyp\u00e4r\u00e4\u00e4, muttajotka tarvitsevat silti jonkin tyyppisen p\u00e4\u00e4nsuojaimen.T\u00e4ydellinen ty\u00f6teht\u00e4viin ahtaissa paikoissa, joissa ly\u00f6t p\u00e4\u00e4si helpostiter\u00e4vi\u00e4 reunoja tai vastaavia vasten. T\u00e4llaisia ammattiryhmi\u00e4 ovatputkimiehet, s\u00e4hk\u00f6asentajat, teollisuusmekaanikot jne.Kolhulippalakki ei korvaa tavallista suojakyp\u00e4r\u00e4\u00e4.S\u00e4\u00e4dett\u00e4v\u00e4 koko: 54 &#8211; 59 cm.V\u00e4ri: mustaEN:812Hakusanat: kolhusuoja, p\u00e4\u00e4nsuoja<\/p>\n","protected":false},"featured_media":102826,"comment_status":"open","ping_status":"closed","template":"","meta":[],"product_brand":[],"product_cat":[3373],"product_tag":[],"class_list":{"0":"post-88858","1":"product","2":"type-product","3":"status-publish","4":"has-post-thumbnail","6":"product_cat-henkilonsuojaimet-ja-tyoturvallisuus-henkilonsuojaimet-kyparat-ja-tarvikkeet","8":"first","9":"instock","10":"shipping-taxable","11":"purchasable","12":"product-type-simple"},"_links":{"self":[{"href":"https:\/\/logistiikkakeskus.net\/kauppa\/wp-json\/wp\/v2\/product\/88858","targetHints":{"allow":["GET"]}}],"collection":[{"href":"https:\/\/logistiikkakeskus.net\/kauppa\/wp-json\/wp\/v2\/product"}],"about":[{"href":"https:\/\/logistiikkakeskus.net\/kauppa\/wp-json\/wp\/v2\/types\/product"}],"replies":[{"embeddable":true,"href":"https:\/\/logistiikkakeskus.net\/kauppa\/wp-json\/wp\/v2\/comments?post=88858"}],"wp:featuredmedia":[{"embeddable":true,"href":"https:\/\/logistiikkakeskus.net\/kauppa\/wp-json\/wp\/v2\/media\/102826"}],"wp:attachment":[{"href":"https:\/\/logistiikkakeskus.net\/kauppa\/wp-json\/wp\/v2\/media?parent=88858"}],"wp:term":[{"taxonomy":"product_brand","embeddable":true,"href":"https:\/\/logistiikkakeskus.net\/kauppa\/wp-json\/wp\/v2\/product_brand?post=88858"},{"taxonomy":"product_cat","embeddable":true,"href":"https:\/\/logistiikkakeskus.net\/kauppa\/wp-json\/wp\/v2\/product_cat?post=88858"},{"taxonomy":"product_tag","embeddable":true,"href":"https:\/\/logistiikkakeskus.net\/kauppa\/wp-json\/wp\/v2\/product_tag?post=88858"}],"curies":[{"name":"wp","href":"https:\/\/api.w.org\/{rel}","templated":true}]}}