{"id":88845,"date":"2023-04-05T09:51:09","date_gmt":"2023-04-05T06:51:09","guid":{"rendered":"https:\/\/logistiikkakeskus.net\/kauppa\/tuote\/nostokoripaketti\/"},"modified":"2025-10-15T10:16:45","modified_gmt":"2025-10-15T07:16:45","slug":"nostokoripaketti","status":"publish","type":"product","link":"https:\/\/logistiikkakeskus.net\/kauppa\/tuote\/nostokoripaketti\/","title":{"rendered":"Nostokoripaketti"},"content":{"rendered":"<p>Tuotekuvaus:Valmispaketti nostokority\u00f6skentelyyn. Soveltuu my\u00f6s rakennuksille jatelinety\u00f6skentelyyn. Paketti sis\u00e4lt\u00e4\u00e4: 1 kpl kokovalajas Camp Empire0922 ja 1 kpl liit\u00f6sk\u00f6ysi Camp 7030101. Pakattu kest\u00e4v\u00e4\u00e4ns\u00e4ilytyspussiin.<\/p>\n","protected":false},"excerpt":{"rendered":"<p>Tuotekuvaus:Valmispaketti nostokority\u00f6skentelyyn. Soveltuu my\u00f6s rakennuksille jatelinety\u00f6skentelyyn. Paketti sis\u00e4lt\u00e4\u00e4: 1 kpl kokovalajas Camp Empire0922 ja 1 kpl liit\u00f6sk\u00f6ysi Camp 7030101. Pakattu kest\u00e4v\u00e4\u00e4ns\u00e4ilytyspussiin.<\/p>\n","protected":false},"featured_media":0,"comment_status":"open","ping_status":"closed","template":"","meta":[],"product_brand":[],"product_cat":[3336],"product_tag":[],"class_list":{"0":"post-88845","1":"product","2":"type-product","3":"status-publish","5":"product_cat-henkilonsuojaimet-ja-tyoturvallisuus-henkilonsuojaimet-putoamissuojaimet-ja-turvavaljaat","7":"first","8":"instock","9":"shipping-taxable","10":"purchasable","11":"product-type-simple"},"_links":{"self":[{"href":"https:\/\/logistiikkakeskus.net\/kauppa\/wp-json\/wp\/v2\/product\/88845","targetHints":{"allow":["GET"]}}],"collection":[{"href":"https:\/\/logistiikkakeskus.net\/kauppa\/wp-json\/wp\/v2\/product"}],"about":[{"href":"https:\/\/logistiikkakeskus.net\/kauppa\/wp-json\/wp\/v2\/types\/product"}],"replies":[{"embeddable":true,"href":"https:\/\/logistiikkakeskus.net\/kauppa\/wp-json\/wp\/v2\/comments?post=88845"}],"wp:attachment":[{"href":"https:\/\/logistiikkakeskus.net\/kauppa\/wp-json\/wp\/v2\/media?parent=88845"}],"wp:term":[{"taxonomy":"product_brand","embeddable":true,"href":"https:\/\/logistiikkakeskus.net\/kauppa\/wp-json\/wp\/v2\/product_brand?post=88845"},{"taxonomy":"product_cat","embeddable":true,"href":"https:\/\/logistiikkakeskus.net\/kauppa\/wp-json\/wp\/v2\/product_cat?post=88845"},{"taxonomy":"product_tag","embeddable":true,"href":"https:\/\/logistiikkakeskus.net\/kauppa\/wp-json\/wp\/v2\/product_tag?post=88845"}],"curies":[{"name":"wp","href":"https:\/\/api.w.org\/{rel}","templated":true}]}}