{"id":88840,"date":"2023-04-05T09:50:58","date_gmt":"2023-04-05T06:50:58","guid":{"rendered":"https:\/\/logistiikkakeskus.net\/kauppa\/tuote\/helsinki-talvihousu-hi-vis-lk2-2xl\/"},"modified":"2025-10-15T10:16:43","modified_gmt":"2025-10-15T07:16:43","slug":"helsinki-talvihousu-hi-vis-lk2-2xl","status":"publish","type":"product","link":"https:\/\/logistiikkakeskus.net\/kauppa\/tuote\/helsinki-talvihousu-hi-vis-lk2-2xl\/","title":{"rendered":"Helsinki Talvihousu Hi-Vis LK2, 2XL"},"content":{"rendered":"<p>TILAUSTUOTE.TUOTTEELLA NORMAALIA PIDEMPI TOIMITUSAIKA.Talvihousut Hi-Vis LK2 korkea vy\u00f6t\u00e4r\u00f6. Helsinki painatuksellaL\u00e4mpim\u00e4t korkeavy\u00f6t\u00e4r\u00f6iset talvihousut heijatimilla.Fluoresoiva v\u00e4ri n\u00e4kyy kauas p\u00e4iv\u00e4nvalossa ja h\u00e4m\u00e4r\u00e4ss\u00e4.Heijastinnauhat antavat k\u00e4ytt\u00e4j\u00e4lleen turvan pime\u00e4n aikaan.Ominaisuudet: Korkea selk\u00e4osa,vy\u00f6lenkit,etuviistotaskut,matkapuhelintasku, reisitaskut,kyn\u00e4taskut,polvisuojataskut, heijastimet lahkeissa,joustava vy\u00f6t\u00e4r\u00f6.V\u00e4rit: keltainen-navySertifioitu: EN 20471 LK.2, EN 342Materiaalit: 80 Prosenttia polyesteri, 20 prosenttia puuvillaHakusana: Talvihousu, talvihousut, toppahousut, Helsinki<\/p>\n","protected":false},"excerpt":{"rendered":"<p>TILAUSTUOTE.TUOTTEELLA NORMAALIA PIDEMPI TOIMITUSAIKA.Talvihousut Hi-Vis LK2 korkea vy\u00f6t\u00e4r\u00f6. Helsinki painatuksellaL\u00e4mpim\u00e4t korkeavy\u00f6t\u00e4r\u00f6iset talvihousut heijatimilla.Fluoresoiva v\u00e4ri n\u00e4kyy kauas p\u00e4iv\u00e4nvalossa ja h\u00e4m\u00e4r\u00e4ss\u00e4.Heijastinnauhat antavat k\u00e4ytt\u00e4j\u00e4lleen turvan pime\u00e4n aikaan.Ominaisuudet: Korkea selk\u00e4osa,vy\u00f6lenkit,etuviistotaskut,matkapuhelintasku, reisitaskut,kyn\u00e4taskut,polvisuojataskut, heijastimet lahkeissa,joustava vy\u00f6t\u00e4r\u00f6.V\u00e4rit: keltainen-navySertifioitu: EN 20471 LK.2, EN 342Materiaalit: 80 Prosenttia polyesteri, 20 prosenttia puuvillaHakusana: Talvihousu, talvihousut, toppahousut, Helsinki<\/p>\n","protected":false},"featured_media":0,"comment_status":"open","ping_status":"closed","template":"","meta":[],"product_brand":[],"product_cat":[3330],"product_tag":[],"class_list":{"0":"post-88840","1":"product","2":"type-product","3":"status-publish","5":"product_cat-vaatteet-tyovaatteet-stara-talvivaatteet","7":"first","8":"instock","9":"shipping-taxable","10":"purchasable","11":"product-type-simple"},"_links":{"self":[{"href":"https:\/\/logistiikkakeskus.net\/kauppa\/wp-json\/wp\/v2\/product\/88840","targetHints":{"allow":["GET"]}}],"collection":[{"href":"https:\/\/logistiikkakeskus.net\/kauppa\/wp-json\/wp\/v2\/product"}],"about":[{"href":"https:\/\/logistiikkakeskus.net\/kauppa\/wp-json\/wp\/v2\/types\/product"}],"replies":[{"embeddable":true,"href":"https:\/\/logistiikkakeskus.net\/kauppa\/wp-json\/wp\/v2\/comments?post=88840"}],"wp:attachment":[{"href":"https:\/\/logistiikkakeskus.net\/kauppa\/wp-json\/wp\/v2\/media?parent=88840"}],"wp:term":[{"taxonomy":"product_brand","embeddable":true,"href":"https:\/\/logistiikkakeskus.net\/kauppa\/wp-json\/wp\/v2\/product_brand?post=88840"},{"taxonomy":"product_cat","embeddable":true,"href":"https:\/\/logistiikkakeskus.net\/kauppa\/wp-json\/wp\/v2\/product_cat?post=88840"},{"taxonomy":"product_tag","embeddable":true,"href":"https:\/\/logistiikkakeskus.net\/kauppa\/wp-json\/wp\/v2\/product_tag?post=88840"}],"curies":[{"name":"wp","href":"https:\/\/api.w.org\/{rel}","templated":true}]}}