{"id":88834,"date":"2023-04-05T09:50:56","date_gmt":"2023-04-05T06:50:56","guid":{"rendered":"https:\/\/logistiikkakeskus.net\/kauppa\/tuote\/talvihousut-stara-huomio-lk2-xxl\/"},"modified":"2026-01-20T09:16:40","modified_gmt":"2026-01-20T07:16:40","slug":"talvihousut-stara-huomio-lk2-xxl","status":"publish","type":"product","link":"https:\/\/logistiikkakeskus.net\/kauppa\/tuote\/talvihousut-stara-huomio-lk2-xxl\/","title":{"rendered":"Talvihousut Stara huomio LK2, XXL"},"content":{"rendered":"<p>Vain Staran ty\u00f6ntekij\u00f6iden k\u00e4ytt\u00f6\u00f6n.L\u00e4mpim\u00e4t talvihousut korkealla vy\u00f6t\u00e4r\u00f6ll\u00e4. Stara painatuksella.Koko vuori,vy\u00f6lenkit,pidin henkil\u00f6korttitaskulle.Taskut edess\u00e4 ja takana,L\u00e4p\u00e4llinen reisitasku. PolvisuojataskutVetoketju lahkeensuissa,s\u00e4\u00e4dett\u00e4v\u00e4t lahkeensuut.V\u00e4ri: kelt\/sinLuokka: LK2Hakusana: Stara,talvihousu,housu,toppahousu<\/p>\n","protected":false},"excerpt":{"rendered":"<p>Vain Staran ty\u00f6ntekij\u00f6iden k\u00e4ytt\u00f6\u00f6n.L\u00e4mpim\u00e4t talvihousut korkealla vy\u00f6t\u00e4r\u00f6ll\u00e4. Stara painatuksella.Koko vuori,vy\u00f6lenkit,pidin henkil\u00f6korttitaskulle.Taskut edess\u00e4 ja takana,L\u00e4p\u00e4llinen reisitasku. PolvisuojataskutVetoketju lahkeensuissa,s\u00e4\u00e4dett\u00e4v\u00e4t lahkeensuut.V\u00e4ri: kelt\/sinLuokka: LK2Hakusana: Stara,talvihousu,housu,toppahousu<\/p>\n","protected":false},"featured_media":0,"comment_status":"open","ping_status":"closed","template":"","meta":[],"product_brand":[],"product_cat":[3330],"product_tag":[],"class_list":{"0":"post-88834","1":"product","2":"type-product","3":"status-publish","5":"product_cat-vaatteet-tyovaatteet-stara-talvivaatteet","7":"first","8":"instock","9":"shipping-taxable","10":"purchasable","11":"product-type-simple"},"_links":{"self":[{"href":"https:\/\/logistiikkakeskus.net\/kauppa\/wp-json\/wp\/v2\/product\/88834","targetHints":{"allow":["GET"]}}],"collection":[{"href":"https:\/\/logistiikkakeskus.net\/kauppa\/wp-json\/wp\/v2\/product"}],"about":[{"href":"https:\/\/logistiikkakeskus.net\/kauppa\/wp-json\/wp\/v2\/types\/product"}],"replies":[{"embeddable":true,"href":"https:\/\/logistiikkakeskus.net\/kauppa\/wp-json\/wp\/v2\/comments?post=88834"}],"wp:attachment":[{"href":"https:\/\/logistiikkakeskus.net\/kauppa\/wp-json\/wp\/v2\/media?parent=88834"}],"wp:term":[{"taxonomy":"product_brand","embeddable":true,"href":"https:\/\/logistiikkakeskus.net\/kauppa\/wp-json\/wp\/v2\/product_brand?post=88834"},{"taxonomy":"product_cat","embeddable":true,"href":"https:\/\/logistiikkakeskus.net\/kauppa\/wp-json\/wp\/v2\/product_cat?post=88834"},{"taxonomy":"product_tag","embeddable":true,"href":"https:\/\/logistiikkakeskus.net\/kauppa\/wp-json\/wp\/v2\/product_tag?post=88834"}],"curies":[{"name":"wp","href":"https:\/\/api.w.org\/{rel}","templated":true}]}}