{"id":88814,"date":"2023-04-05T09:40:01","date_gmt":"2023-04-05T06:40:01","guid":{"rendered":"https:\/\/logistiikkakeskus.net\/kauppa\/tuote\/yleiskori-46l-tummanharmaa\/"},"modified":"2026-01-20T09:15:50","modified_gmt":"2026-01-20T07:15:50","slug":"yleiskori-46l-tummanharmaa","status":"publish","type":"product","link":"https:\/\/logistiikkakeskus.net\/kauppa\/tuote\/yleiskori-46l-tummanharmaa\/","title":{"rendered":"Yleiskori 46L Valkoinen"},"content":{"rendered":"<p>Orthex yleiskori 46L, valkoinen<\/p>\n<p>Sivuilla kaksi ergonomista k\u00e4densijaa, korissa isot rei\u00e4t japy\u00f6ristetyt kulmat. Koriin sopii koneellinen pyykki\u00e4. Sopii my\u00f6s muuhunyleisk\u00e4ytt\u00f6\u00f6n kuten esimerkiksi lelujen, lehtien ja urheiluv\u00e4lineidens\u00e4ilytykseen.<\/p>\n","protected":false},"excerpt":{"rendered":"<p>Orthex yleiskori 46L, valkoinen Sivuilla kaksi ergonomista k\u00e4densijaa, korissa isot rei\u00e4t japy\u00f6ristetyt kulmat. Koriin sopii koneellinen pyykki\u00e4. Sopii my\u00f6s muuhunyleisk\u00e4ytt\u00f6\u00f6n kuten esimerkiksi lelujen, lehtien ja urheiluv\u00e4lineidens\u00e4ilytykseen.<\/p>\n","protected":false},"featured_media":102134,"comment_status":"open","ping_status":"closed","template":"","meta":[],"product_brand":[],"product_cat":[45],"product_tag":[],"class_list":{"0":"post-88814","1":"product","2":"type-product","3":"status-publish","4":"has-post-thumbnail","6":"product_cat-siivousvalineet-ja-tarvikkeet-muut-siivoustarvikkeet-muut-siivoustarvikkeet","8":"first","9":"instock","10":"shipping-taxable","11":"purchasable","12":"product-type-simple"},"_links":{"self":[{"href":"https:\/\/logistiikkakeskus.net\/kauppa\/wp-json\/wp\/v2\/product\/88814","targetHints":{"allow":["GET"]}}],"collection":[{"href":"https:\/\/logistiikkakeskus.net\/kauppa\/wp-json\/wp\/v2\/product"}],"about":[{"href":"https:\/\/logistiikkakeskus.net\/kauppa\/wp-json\/wp\/v2\/types\/product"}],"replies":[{"embeddable":true,"href":"https:\/\/logistiikkakeskus.net\/kauppa\/wp-json\/wp\/v2\/comments?post=88814"}],"wp:featuredmedia":[{"embeddable":true,"href":"https:\/\/logistiikkakeskus.net\/kauppa\/wp-json\/wp\/v2\/media\/102134"}],"wp:attachment":[{"href":"https:\/\/logistiikkakeskus.net\/kauppa\/wp-json\/wp\/v2\/media?parent=88814"}],"wp:term":[{"taxonomy":"product_brand","embeddable":true,"href":"https:\/\/logistiikkakeskus.net\/kauppa\/wp-json\/wp\/v2\/product_brand?post=88814"},{"taxonomy":"product_cat","embeddable":true,"href":"https:\/\/logistiikkakeskus.net\/kauppa\/wp-json\/wp\/v2\/product_cat?post=88814"},{"taxonomy":"product_tag","embeddable":true,"href":"https:\/\/logistiikkakeskus.net\/kauppa\/wp-json\/wp\/v2\/product_tag?post=88814"}],"curies":[{"name":"wp","href":"https:\/\/api.w.org\/{rel}","templated":true}]}}