{"id":88751,"date":"2023-04-05T09:39:12","date_gmt":"2023-04-05T06:39:12","guid":{"rendered":"https:\/\/logistiikkakeskus.net\/kauppa\/tuote\/stara-kuulakarkikyna-vihrea\/"},"modified":"2026-01-20T09:15:35","modified_gmt":"2026-01-20T07:15:35","slug":"stara-kuulakarkikyna-vihrea","status":"publish","type":"product","link":"https:\/\/logistiikkakeskus.net\/kauppa\/tuote\/stara-kuulakarkikyna-vihrea\/","title":{"rendered":"Stara-kuulak\u00e4rkikyn\u00e4, vihre\u00e4"},"content":{"rendered":"<p>Kuulak\u00e4rkikyn\u00e4 Stara-logolla. Kierr\u00e4tysmateriaalista valmistettu kyn\u00e4,jossa k\u00e4\u00e4nnett\u00e4v\u00e4 p\u00e4\u00e4. Kiilt\u00e4v\u00e4 pinta. Euroopassa tuotettukierr\u00e4tysmateriaali on tehty vanhoista pulloista.<\/p>\n","protected":false},"excerpt":{"rendered":"<p>Kuulak\u00e4rkikyn\u00e4 Stara-logolla. Kierr\u00e4tysmateriaalista valmistettu kyn\u00e4,jossa k\u00e4\u00e4nnett\u00e4v\u00e4 p\u00e4\u00e4. Kiilt\u00e4v\u00e4 pinta. Euroopassa tuotettukierr\u00e4tysmateriaali on tehty vanhoista pulloista.<\/p>\n","protected":false},"featured_media":0,"comment_status":"open","ping_status":"closed","template":"","meta":[],"product_brand":[],"product_cat":[3214],"product_tag":[],"class_list":{"0":"post-88751","1":"product","2":"type-product","3":"status-publish","5":"product_cat-toimistotarvikkeet-kirjoitustarvikkeet-kuulakarkikynat-ja-tarvikkeet","7":"first","8":"instock","9":"shipping-taxable","10":"purchasable","11":"product-type-simple"},"_links":{"self":[{"href":"https:\/\/logistiikkakeskus.net\/kauppa\/wp-json\/wp\/v2\/product\/88751","targetHints":{"allow":["GET"]}}],"collection":[{"href":"https:\/\/logistiikkakeskus.net\/kauppa\/wp-json\/wp\/v2\/product"}],"about":[{"href":"https:\/\/logistiikkakeskus.net\/kauppa\/wp-json\/wp\/v2\/types\/product"}],"replies":[{"embeddable":true,"href":"https:\/\/logistiikkakeskus.net\/kauppa\/wp-json\/wp\/v2\/comments?post=88751"}],"wp:attachment":[{"href":"https:\/\/logistiikkakeskus.net\/kauppa\/wp-json\/wp\/v2\/media?parent=88751"}],"wp:term":[{"taxonomy":"product_brand","embeddable":true,"href":"https:\/\/logistiikkakeskus.net\/kauppa\/wp-json\/wp\/v2\/product_brand?post=88751"},{"taxonomy":"product_cat","embeddable":true,"href":"https:\/\/logistiikkakeskus.net\/kauppa\/wp-json\/wp\/v2\/product_cat?post=88751"},{"taxonomy":"product_tag","embeddable":true,"href":"https:\/\/logistiikkakeskus.net\/kauppa\/wp-json\/wp\/v2\/product_tag?post=88751"}],"curies":[{"name":"wp","href":"https:\/\/api.w.org\/{rel}","templated":true}]}}