{"id":88740,"date":"2023-04-05T09:36:30","date_gmt":"2023-04-05T06:36:30","guid":{"rendered":"https:\/\/logistiikkakeskus.net\/kauppa\/tuote\/usb-muistitikku-16gt\/"},"modified":"2026-01-20T09:14:59","modified_gmt":"2026-01-20T07:14:59","slug":"usb-muistitikku-16gt","status":"publish","type":"product","link":"https:\/\/logistiikkakeskus.net\/kauppa\/tuote\/usb-muistitikku-16gt\/","title":{"rendered":"USB-muistitikku 16GT"},"content":{"rendered":"<h2>USB-Muistitikku Transcend Jetflash 700 16 GB USB 3.0<\/h2>\n<p>Yhteensopiva my\u00f6s USB 2.0 -liit\u00e4nn\u00e4n kanssa. Lukunopeus: jopa75 Mt\/sKirjoitusnopeus: jopa 12 Mt\/sValmistajan koodi: TS16GJF700<\/p>\n<p><i>Hakusanat: flash-levyt, Usb-muistit, usbmuistit,usbtikku,usbtikut, flash-asemat<\/i><\/p>\n","protected":false},"excerpt":{"rendered":"<p>USB-Muistitikku Transcend Jetflash 700 16 GB USB 3.0 Yhteensopiva my\u00f6s USB 2.0 -liit\u00e4nn\u00e4n kanssa. Lukunopeus: jopa75 Mt\/sKirjoitusnopeus: jopa 12 Mt\/sValmistajan koodi: TS16GJF700 Hakusanat: flash-levyt, Usb-muistit, usbmuistit,usbtikku,usbtikut, flash-asemat<\/p>\n","protected":false},"featured_media":101659,"comment_status":"open","ping_status":"closed","template":"","meta":[],"product_brand":[],"product_cat":[3254],"product_tag":[],"class_list":{"0":"post-88740","1":"product","2":"type-product","3":"status-publish","4":"has-post-thumbnail","6":"product_cat-it-toimisto-sahkolaitteet-ja-tarv-tallennusmediat-usb-muistit","8":"first","9":"instock","10":"shipping-taxable","11":"purchasable","12":"product-type-simple"},"_links":{"self":[{"href":"https:\/\/logistiikkakeskus.net\/kauppa\/wp-json\/wp\/v2\/product\/88740","targetHints":{"allow":["GET"]}}],"collection":[{"href":"https:\/\/logistiikkakeskus.net\/kauppa\/wp-json\/wp\/v2\/product"}],"about":[{"href":"https:\/\/logistiikkakeskus.net\/kauppa\/wp-json\/wp\/v2\/types\/product"}],"replies":[{"embeddable":true,"href":"https:\/\/logistiikkakeskus.net\/kauppa\/wp-json\/wp\/v2\/comments?post=88740"}],"wp:featuredmedia":[{"embeddable":true,"href":"https:\/\/logistiikkakeskus.net\/kauppa\/wp-json\/wp\/v2\/media\/101659"}],"wp:attachment":[{"href":"https:\/\/logistiikkakeskus.net\/kauppa\/wp-json\/wp\/v2\/media?parent=88740"}],"wp:term":[{"taxonomy":"product_brand","embeddable":true,"href":"https:\/\/logistiikkakeskus.net\/kauppa\/wp-json\/wp\/v2\/product_brand?post=88740"},{"taxonomy":"product_cat","embeddable":true,"href":"https:\/\/logistiikkakeskus.net\/kauppa\/wp-json\/wp\/v2\/product_cat?post=88740"},{"taxonomy":"product_tag","embeddable":true,"href":"https:\/\/logistiikkakeskus.net\/kauppa\/wp-json\/wp\/v2\/product_tag?post=88740"}],"curies":[{"name":"wp","href":"https:\/\/api.w.org\/{rel}","templated":true}]}}