{"id":78647,"date":"2022-12-01T10:01:04","date_gmt":"2022-12-01T10:01:04","guid":{"rendered":"https:\/\/logistiikkakeskus.net\/kauppa\/tuote\/kertakatetri-easicath-tiemann-liuk-ch14\/"},"modified":"2026-01-20T09:20:43","modified_gmt":"2026-01-20T07:20:43","slug":"kertakatetri-easicath-tiemann-liuk-ch14","status":"publish","type":"product","link":"https:\/\/logistiikkakeskus.net\/kauppa\/tuote\/kertakatetri-easicath-tiemann-liuk-ch14\/","title":{"rendered":"Kertakatetri EasiCath Tiemann liuk. CH14"},"content":{"rendered":"<p>myyntiyksikk\u00f6 RAS (25kpl)<\/p>\n<h2>EasiCath,kertakatetri liukasteella,miehetTieman CH14 Hydrofiilinen steriilisti<\/h2>\n<p>yksitt\u00e4ispakattu miesten kertakatetriliukastetaan t\u00e4ytt\u00e4m\u00e4ll\u00e4 katetripussi vedell\u00e4.Katetripussin yl\u00e4osassa on k\u00e4ytt\u00f6\u00e4 helpottavaaukko josta katetrin voi ripustaa koukkuun.Pussin takaosassa on tarra,jolla pussin voikiinnitt\u00e4\u00e4 esim.py\u00f6r\u00e4tuoliin tai wc-altaanreunaan. Tuotemateriaalina PVC\/PVP <\/p>\n<p><i><br \/>hakusanat:Kertakatetri,tieman,liukasteella Ch14,hydrofiilinen,miesten,15-5384<\/i><\/p>\n","protected":false},"excerpt":{"rendered":"<p>myyntiyksikk\u00f6 RAS (25kpl) EasiCath,kertakatetri liukasteella,miehetTieman CH14 Hydrofiilinen steriilisti yksitt\u00e4ispakattu miesten kertakatetriliukastetaan t\u00e4ytt\u00e4m\u00e4ll\u00e4 katetripussi vedell\u00e4.Katetripussin yl\u00e4osassa on k\u00e4ytt\u00f6\u00e4 helpottavaaukko josta katetrin voi ripustaa koukkuun.Pussin takaosassa on tarra,jolla pussin voikiinnitt\u00e4\u00e4 esim.py\u00f6r\u00e4tuoliin tai wc-altaanreunaan. Tuotemateriaalina PVC\/PVP hakusanat:Kertakatetri,tieman,liukasteella Ch14,hydrofiilinen,miesten,15-5384<\/p>\n","protected":false},"featured_media":104881,"comment_status":"open","ping_status":"closed","template":"","meta":[],"product_brand":[],"product_cat":[3498],"product_tag":[],"class_list":{"0":"post-78647","1":"product","2":"type-product","3":"status-publish","4":"has-post-thumbnail","6":"product_cat-hoitotarvikkeet-infuusiotarvikkeet-nesteensiirto","8":"first","9":"instock","10":"shipping-taxable","11":"purchasable","12":"product-type-simple"},"_links":{"self":[{"href":"https:\/\/logistiikkakeskus.net\/kauppa\/wp-json\/wp\/v2\/product\/78647","targetHints":{"allow":["GET"]}}],"collection":[{"href":"https:\/\/logistiikkakeskus.net\/kauppa\/wp-json\/wp\/v2\/product"}],"about":[{"href":"https:\/\/logistiikkakeskus.net\/kauppa\/wp-json\/wp\/v2\/types\/product"}],"replies":[{"embeddable":true,"href":"https:\/\/logistiikkakeskus.net\/kauppa\/wp-json\/wp\/v2\/comments?post=78647"}],"wp:featuredmedia":[{"embeddable":true,"href":"https:\/\/logistiikkakeskus.net\/kauppa\/wp-json\/wp\/v2\/media\/104881"}],"wp:attachment":[{"href":"https:\/\/logistiikkakeskus.net\/kauppa\/wp-json\/wp\/v2\/media?parent=78647"}],"wp:term":[{"taxonomy":"product_brand","embeddable":true,"href":"https:\/\/logistiikkakeskus.net\/kauppa\/wp-json\/wp\/v2\/product_brand?post=78647"},{"taxonomy":"product_cat","embeddable":true,"href":"https:\/\/logistiikkakeskus.net\/kauppa\/wp-json\/wp\/v2\/product_cat?post=78647"},{"taxonomy":"product_tag","embeddable":true,"href":"https:\/\/logistiikkakeskus.net\/kauppa\/wp-json\/wp\/v2\/product_tag?post=78647"}],"curies":[{"name":"wp","href":"https:\/\/api.w.org\/{rel}","templated":true}]}}