{"id":78585,"date":"2022-12-01T10:00:42","date_gmt":"2022-12-01T10:00:42","guid":{"rendered":"https:\/\/logistiikkakeskus.net\/kauppa\/tuote\/hana-3-tie-letku-10cm-ster-bd-connnecta\/"},"modified":"2026-01-20T09:20:40","modified_gmt":"2026-01-20T07:20:40","slug":"hana-3-tie-letku-10cm-ster-bd-connnecta","status":"publish","type":"product","link":"https:\/\/logistiikkakeskus.net\/kauppa\/tuote\/hana-3-tie-letku-10cm-ster-bd-connnecta\/","title":{"rendered":"Hana 3-tie letku 10cm ster BD Connnecta"},"content":{"rendered":"<p>myyntiyksikk\u00f6 RAS (50 kpl),Ryhm\u00e4pakkaus 5 RAS\/LTK<\/p>\n<h2>Connecta 3-tiehana, jatkoletku 10cm steriili<\/h2>\n<ul>\n<li>BD Connecta-hanas\u00e4\u00e4timenansiostaon helppo varmistaa,ett\u00e4 hana on t\u00e4ysin auki taikiinni\n<li> uuden polykarbonaattiseoksen jakorkeatasoisen tuotantotekniikan ansiosta hanaon entist\u00e4 kest\u00e4v\u00e4mpi\n<li>jatkoletkun pituus: 10cm\n<li>hanan v\u00e4ri: valkoinen\n<li>t\u00e4ytt\u00f6m\u00e4\u00e4r\u00e4: 0,80ml\n<li>Virtausnopeus suora\/sivuportti: 360\/320 ml\/min\n<li>injektioventtiili: ei\n<li>Steriili<\/ul>\n<p><i><br \/>hakusanat: Infuusiohana, kolmitiehana, 3-tiehana<\/i><\/p>\n","protected":false},"excerpt":{"rendered":"<p>myyntiyksikk\u00f6 RAS (50 kpl),Ryhm\u00e4pakkaus 5 RAS\/LTK Connecta 3-tiehana, jatkoletku 10cm steriili BD Connecta-hanas\u00e4\u00e4timenansiostaon helppo varmistaa,ett\u00e4 hana on t\u00e4ysin auki taikiinni uuden polykarbonaattiseoksen jakorkeatasoisen tuotantotekniikan ansiosta hanaon entist\u00e4 kest\u00e4v\u00e4mpi jatkoletkun pituus: 10cm hanan v\u00e4ri: valkoinen t\u00e4ytt\u00f6m\u00e4\u00e4r\u00e4: 0,80ml Virtausnopeus suora\/sivuportti: 360\/320 ml\/min injektioventtiili: ei Steriili hakusanat: Infuusiohana, kolmitiehana, 3-tiehana<\/p>\n","protected":false},"featured_media":104852,"comment_status":"open","ping_status":"closed","template":"","meta":[],"product_brand":[],"product_cat":[3498],"product_tag":[],"class_list":{"0":"post-78585","1":"product","2":"type-product","3":"status-publish","4":"has-post-thumbnail","6":"product_cat-hoitotarvikkeet-infuusiotarvikkeet-nesteensiirto","8":"first","9":"instock","10":"shipping-taxable","11":"purchasable","12":"product-type-simple"},"_links":{"self":[{"href":"https:\/\/logistiikkakeskus.net\/kauppa\/wp-json\/wp\/v2\/product\/78585","targetHints":{"allow":["GET"]}}],"collection":[{"href":"https:\/\/logistiikkakeskus.net\/kauppa\/wp-json\/wp\/v2\/product"}],"about":[{"href":"https:\/\/logistiikkakeskus.net\/kauppa\/wp-json\/wp\/v2\/types\/product"}],"replies":[{"embeddable":true,"href":"https:\/\/logistiikkakeskus.net\/kauppa\/wp-json\/wp\/v2\/comments?post=78585"}],"wp:featuredmedia":[{"embeddable":true,"href":"https:\/\/logistiikkakeskus.net\/kauppa\/wp-json\/wp\/v2\/media\/104852"}],"wp:attachment":[{"href":"https:\/\/logistiikkakeskus.net\/kauppa\/wp-json\/wp\/v2\/media?parent=78585"}],"wp:term":[{"taxonomy":"product_brand","embeddable":true,"href":"https:\/\/logistiikkakeskus.net\/kauppa\/wp-json\/wp\/v2\/product_brand?post=78585"},{"taxonomy":"product_cat","embeddable":true,"href":"https:\/\/logistiikkakeskus.net\/kauppa\/wp-json\/wp\/v2\/product_cat?post=78585"},{"taxonomy":"product_tag","embeddable":true,"href":"https:\/\/logistiikkakeskus.net\/kauppa\/wp-json\/wp\/v2\/product_tag?post=78585"}],"curies":[{"name":"wp","href":"https:\/\/api.w.org\/{rel}","templated":true}]}}