{"id":78581,"date":"2022-12-01T10:00:41","date_gmt":"2022-12-01T10:00:41","guid":{"rendered":"https:\/\/logistiikkakeskus.net\/kauppa\/tuote\/laskimokanyyli-turva-20g-vasofix-pun\/"},"modified":"2026-01-20T09:20:40","modified_gmt":"2026-01-20T07:20:40","slug":"laskimokanyyli-turva-20g-vasofix-pun","status":"publish","type":"product","link":"https:\/\/logistiikkakeskus.net\/kauppa\/tuote\/laskimokanyyli-turva-20g-vasofix-pun\/","title":{"rendered":"Laskimokanyyli turva 20G Vasofix Pun."},"content":{"rendered":"<p>myyntiyksikk\u00f6 RAS (50kpl),ryhm\u00e4pakk. 4 ras\/ltk<\/p>\n<h2>Vasofix Safety turvakanyyli 20G 1,1x33mm,Pun.<\/h2>\n<ul>\n<li>turvakanyylin erikoismuotoiltusuojausaktivoituu automaattisesti ja suojaa ter\u00e4v\u00e4nneulank\u00e4rjensamalla hetkell\u00e4,kun se vedet\u00e4\u00e4n ulos katetrista\n<li>Vasofix Safety v\u00e4hent\u00e4\u00e4 neulanpistontapaturmanriski\u00e4,ja tarjoaa turvallisemman suojamekanismintahattomien neulanpistotapaturmien est\u00e4miseksi\n<li>sama pistotekniikka kuin tavallisessaVasofix- suonikanyylissa\n<li>r\u00f6ntgenpositiivinenkatetri\n<li>virtausnopeus: 61ml\/min\n<li>katetrin halk.\/pituus: 1,1x33mm\n<li>lateksiton\n<li>v\u00e4ri: punainen\n<li>Katetrin Materiaali PUR (Polyuretaani)<\/ul>\n<ul><b>Turvaominaisuudet:<\/b><\/p>\n<li>suojamekanismi onitseaktivoituva\n<li>suojausta ei voi tehd\u00e4vahingossa\n<li>turvasuojus peitt\u00e4\u00e4 neulank\u00e4rjenheti k\u00e4yt\u00f6n j\u00e4lkeen\n<li>itseaktioituvasuojamekanismi eliminoi tapaturmaiset neulanpistot\n<li>suojamekanismia ei voi ohittaa<\/ul>\n<p><i><br \/>hakusanat:Laskimokanyyl<\/p>\n","protected":false},"excerpt":{"rendered":"<p>myyntiyksikk\u00f6 RAS (50kpl),ryhm\u00e4pakk. 4 ras\/ltk Vasofix Safety turvakanyyli 20G 1,1x33mm,Pun. turvakanyylin erikoismuotoiltusuojausaktivoituu automaattisesti ja suojaa ter\u00e4v\u00e4nneulank\u00e4rjensamalla hetkell\u00e4,kun se vedet\u00e4\u00e4n ulos katetrista Vasofix Safety v\u00e4hent\u00e4\u00e4 neulanpistontapaturmanriski\u00e4,ja tarjoaa turvallisemman suojamekanismintahattomien neulanpistotapaturmien est\u00e4miseksi sama pistotekniikka kuin tavallisessaVasofix- suonikanyylissa r\u00f6ntgenpositiivinenkatetri virtausnopeus: 61ml\/min katetrin halk.\/pituus: 1,1x33mm lateksiton v\u00e4ri: punainen Katetrin Materiaali PUR (Polyuretaani) Turvaominaisuudet: suojamekanismi onitseaktivoituva suojausta ei voi tehd\u00e4vahingossa [&hellip;]<\/p>\n","protected":false},"featured_media":104850,"comment_status":"open","ping_status":"closed","template":"","meta":[],"product_brand":[],"product_cat":[3499],"product_tag":[],"class_list":{"0":"post-78581","1":"product","2":"type-product","3":"status-publish","4":"has-post-thumbnail","6":"product_cat-hoitotarvikkeet-infuusiotarvikkeet-kanyylit","8":"first","9":"instock","10":"shipping-taxable","11":"purchasable","12":"product-type-simple"},"_links":{"self":[{"href":"https:\/\/logistiikkakeskus.net\/kauppa\/wp-json\/wp\/v2\/product\/78581","targetHints":{"allow":["GET"]}}],"collection":[{"href":"https:\/\/logistiikkakeskus.net\/kauppa\/wp-json\/wp\/v2\/product"}],"about":[{"href":"https:\/\/logistiikkakeskus.net\/kauppa\/wp-json\/wp\/v2\/types\/product"}],"replies":[{"embeddable":true,"href":"https:\/\/logistiikkakeskus.net\/kauppa\/wp-json\/wp\/v2\/comments?post=78581"}],"wp:featuredmedia":[{"embeddable":true,"href":"https:\/\/logistiikkakeskus.net\/kauppa\/wp-json\/wp\/v2\/media\/104850"}],"wp:attachment":[{"href":"https:\/\/logistiikkakeskus.net\/kauppa\/wp-json\/wp\/v2\/media?parent=78581"}],"wp:term":[{"taxonomy":"product_brand","embeddable":true,"href":"https:\/\/logistiikkakeskus.net\/kauppa\/wp-json\/wp\/v2\/product_brand?post=78581"},{"taxonomy":"product_cat","embeddable":true,"href":"https:\/\/logistiikkakeskus.net\/kauppa\/wp-json\/wp\/v2\/product_cat?post=78581"},{"taxonomy":"product_tag","embeddable":true,"href":"https:\/\/logistiikkakeskus.net\/kauppa\/wp-json\/wp\/v2\/product_tag?post=78581"}],"curies":[{"name":"wp","href":"https:\/\/api.w.org\/{rel}","templated":true}]}}