{"id":78579,"date":"2022-12-01T10:00:40","date_gmt":"2022-12-01T10:00:40","guid":{"rendered":"https:\/\/logistiikkakeskus.net\/kauppa\/tuote\/laskimokanyyli-turva-18g-vasofix-vihrea\/"},"modified":"2025-03-25T14:45:56","modified_gmt":"2025-03-25T12:45:56","slug":"laskimokanyyli-turva-18g-vasofix-vihrea","status":"publish","type":"product","link":"https:\/\/logistiikkakeskus.net\/kauppa\/tuote\/laskimokanyyli-turva-18g-vasofix-vihrea\/","title":{"rendered":"Laskimokanyyli turva 18G Vasofix Vihre\u00e4"},"content":{"rendered":"<p>myyntiyksikk\u00f6 RAS (50kpl),ryhm\u00e4pakk. 4 ras\/ltk<\/p>\n<h2>Vasofix Safety turvakanyyli 18G 1,3x33mm,Vihr.<\/h2>\n<ul>\n<li>turvakanyylin erikoismuotoiltusuojausaktivoituu automaattisesti ja suojaa ter\u00e4v\u00e4nneulank\u00e4rjensamalla hetkell\u00e4,kun se vedet\u00e4\u00e4n ulos katetrista\n<li>Vasofix Safety v\u00e4hent\u00e4\u00e4 neulanpistontapaturmanriski\u00e4,ja tarjoaa turvallisemman suojamekanismintahattomien neulanpistotapaturmien est\u00e4miseksi\n<li>sama pistotekniikka kuin tavallisessaVasofix- suonikanyylissa\n<li>r\u00f6ntgenpositiivinenkatetri\n<li>virtausnopeus: 103ml\/min\n<li>katetrin halk.\/pituus: 1,3x33mm\n<li>lateksiton\n<li>v\u00e4ri: vihre\u00e4\n<li>Katetrin Materiaali PUR (Polyuretaani)<\/ul>\n<ul><b>Turvaominaisuudet:<\/b><\/p>\n<li>suojamekanismi onitseaktivoituva\n<li>suojausta ei voi tehd\u00e4vahingossa\n<li>turvasuojus peitt\u00e4\u00e4 neulank\u00e4rjenheti k\u00e4yt\u00f6n j\u00e4lkeen\n<li>itseaktioituvasuojamekanismi eliminoi tapaturmaiset neulanpistot\n<li>suojamekanismia ei voi ohittaa<\/ul>\n<p><i><br \/>hakusanat:Laskimokanyyl<\/p>\n","protected":false},"excerpt":{"rendered":"<p>myyntiyksikk\u00f6 RAS (50kpl),ryhm\u00e4pakk. 4 ras\/ltk Vasofix Safety turvakanyyli 18G 1,3x33mm,Vihr. turvakanyylin erikoismuotoiltusuojausaktivoituu automaattisesti ja suojaa ter\u00e4v\u00e4nneulank\u00e4rjensamalla hetkell\u00e4,kun se vedet\u00e4\u00e4n ulos katetrista Vasofix Safety v\u00e4hent\u00e4\u00e4 neulanpistontapaturmanriski\u00e4,ja tarjoaa turvallisemman suojamekanismintahattomien neulanpistotapaturmien est\u00e4miseksi sama pistotekniikka kuin tavallisessaVasofix- suonikanyylissa r\u00f6ntgenpositiivinenkatetri virtausnopeus: 103ml\/min katetrin halk.\/pituus: 1,3x33mm lateksiton v\u00e4ri: vihre\u00e4 Katetrin Materiaali PUR (Polyuretaani) Turvaominaisuudet: suojamekanismi onitseaktivoituva suojausta ei voi tehd\u00e4vahingossa [&hellip;]<\/p>\n","protected":false},"featured_media":0,"comment_status":"open","ping_status":"closed","template":"","meta":[],"product_brand":[],"product_cat":[3499],"product_tag":[],"class_list":{"0":"post-78579","1":"product","2":"type-product","3":"status-publish","5":"product_cat-hoitotarvikkeet-infuusiotarvikkeet-kanyylit","7":"first","8":"instock","9":"shipping-taxable","10":"purchasable","11":"product-type-simple"},"_links":{"self":[{"href":"https:\/\/logistiikkakeskus.net\/kauppa\/wp-json\/wp\/v2\/product\/78579","targetHints":{"allow":["GET"]}}],"collection":[{"href":"https:\/\/logistiikkakeskus.net\/kauppa\/wp-json\/wp\/v2\/product"}],"about":[{"href":"https:\/\/logistiikkakeskus.net\/kauppa\/wp-json\/wp\/v2\/types\/product"}],"replies":[{"embeddable":true,"href":"https:\/\/logistiikkakeskus.net\/kauppa\/wp-json\/wp\/v2\/comments?post=78579"}],"wp:attachment":[{"href":"https:\/\/logistiikkakeskus.net\/kauppa\/wp-json\/wp\/v2\/media?parent=78579"}],"wp:term":[{"taxonomy":"product_brand","embeddable":true,"href":"https:\/\/logistiikkakeskus.net\/kauppa\/wp-json\/wp\/v2\/product_brand?post=78579"},{"taxonomy":"product_cat","embeddable":true,"href":"https:\/\/logistiikkakeskus.net\/kauppa\/wp-json\/wp\/v2\/product_cat?post=78579"},{"taxonomy":"product_tag","embeddable":true,"href":"https:\/\/logistiikkakeskus.net\/kauppa\/wp-json\/wp\/v2\/product_tag?post=78579"}],"curies":[{"name":"wp","href":"https:\/\/api.w.org\/{rel}","templated":true}]}}