{"id":78571,"date":"2022-12-01T10:00:37","date_gmt":"2022-12-01T10:00:37","guid":{"rendered":"https:\/\/logistiikkakeskus.net\/kauppa\/tuote\/laakelasi-kk-30ml-vihrea\/"},"modified":"2026-01-20T09:20:40","modified_gmt":"2026-01-20T07:20:40","slug":"laakelasi-kk-30ml-vihrea","status":"publish","type":"product","link":"https:\/\/logistiikkakeskus.net\/kauppa\/tuote\/laakelasi-kk-30ml-vihrea\/","title":{"rendered":"L\u00e4\u00e4kelasi kk 30ml vihre\u00e4"},"content":{"rendered":"<p>Myyntiyksikk\u00f6 PSS (80kpl), Ryhm\u00e4pakkaus 60 pss\/ltk<\/p>\n<h2>Kertak\u00e4ytt\u00f6inen l\u00e4\u00e4kelasi 30ml, vihre\u00e4<\/h2>\n<ul>\n<li><b>v\u00e4ri: vihre\u00e4<\/b>\n<li>vihre\u00e4, l\u00e4pikuultaval\u00e4\u00e4kepikari nesteiden,tablettien ja pillereidenannosteluun\n<li>pikarin tilavuus on 30ml\n<li>annostelunhelpottamiseksi pikarista l\u00f6ytyy mitta-asteikko<\/ul>\n<ul><b>Yhteensopivat tuotteet<\/b><\/p>\n<li><i>845350 L\u00e4\u00e4kelasikansi kk 30ml:n lasiin <\/i><\/ul>\n<p><i><br \/>hakusanat:L\u00e4\u00e4kepikari,annostelupikari,l\u00e4\u00e4kelasi,annostelumitta<\/i><\/p>\n","protected":false},"excerpt":{"rendered":"<p>Myyntiyksikk\u00f6 PSS (80kpl), Ryhm\u00e4pakkaus 60 pss\/ltk Kertak\u00e4ytt\u00f6inen l\u00e4\u00e4kelasi 30ml, vihre\u00e4 v\u00e4ri: vihre\u00e4 vihre\u00e4, l\u00e4pikuultaval\u00e4\u00e4kepikari nesteiden,tablettien ja pillereidenannosteluun pikarin tilavuus on 30ml annostelunhelpottamiseksi pikarista l\u00f6ytyy mitta-asteikko Yhteensopivat tuotteet 845350 L\u00e4\u00e4kelasikansi kk 30ml:n lasiin hakusanat:L\u00e4\u00e4kepikari,annostelupikari,l\u00e4\u00e4kelasi,annostelumitta<\/p>\n","protected":false},"featured_media":104847,"comment_status":"open","ping_status":"closed","template":"","meta":[],"product_brand":[],"product_cat":[3497],"product_tag":[],"class_list":{"0":"post-78571","1":"product","2":"type-product","3":"status-publish","4":"has-post-thumbnail","6":"product_cat-hoitotarvikkeet-laakkeenjakotarvikkeet-laakelasit","8":"first","9":"instock","10":"shipping-taxable","11":"purchasable","12":"product-type-simple"},"_links":{"self":[{"href":"https:\/\/logistiikkakeskus.net\/kauppa\/wp-json\/wp\/v2\/product\/78571","targetHints":{"allow":["GET"]}}],"collection":[{"href":"https:\/\/logistiikkakeskus.net\/kauppa\/wp-json\/wp\/v2\/product"}],"about":[{"href":"https:\/\/logistiikkakeskus.net\/kauppa\/wp-json\/wp\/v2\/types\/product"}],"replies":[{"embeddable":true,"href":"https:\/\/logistiikkakeskus.net\/kauppa\/wp-json\/wp\/v2\/comments?post=78571"}],"wp:featuredmedia":[{"embeddable":true,"href":"https:\/\/logistiikkakeskus.net\/kauppa\/wp-json\/wp\/v2\/media\/104847"}],"wp:attachment":[{"href":"https:\/\/logistiikkakeskus.net\/kauppa\/wp-json\/wp\/v2\/media?parent=78571"}],"wp:term":[{"taxonomy":"product_brand","embeddable":true,"href":"https:\/\/logistiikkakeskus.net\/kauppa\/wp-json\/wp\/v2\/product_brand?post=78571"},{"taxonomy":"product_cat","embeddable":true,"href":"https:\/\/logistiikkakeskus.net\/kauppa\/wp-json\/wp\/v2\/product_cat?post=78571"},{"taxonomy":"product_tag","embeddable":true,"href":"https:\/\/logistiikkakeskus.net\/kauppa\/wp-json\/wp\/v2\/product_tag?post=78571"}],"curies":[{"name":"wp","href":"https:\/\/api.w.org\/{rel}","templated":true}]}}