{"id":78561,"date":"2022-12-01T10:00:33","date_gmt":"2022-12-01T10:00:33","guid":{"rendered":"https:\/\/logistiikkakeskus.net\/kauppa\/tuote\/laakelasikansi-kk-30mln-lasiin\/"},"modified":"2026-01-20T09:20:39","modified_gmt":"2026-01-20T07:20:39","slug":"laakelasikansi-kk-30mln-lasiin","status":"publish","type":"product","link":"https:\/\/logistiikkakeskus.net\/kauppa\/tuote\/laakelasikansi-kk-30mln-lasiin\/","title":{"rendered":"L\u00e4\u00e4kelasikansi kk 30ml:n lasiin"},"content":{"rendered":"<p>Myyntiyksikk\u00f6 PSS (500kpl), Ryhm\u00e4pakkaus 8 pss\/ltk<\/p>\n<h2>L\u00e4\u00e4kelasikansi kk, valkoinen<\/h2>\n<ul>\n<li><b>v\u00e4ri: valkoinen<\/b>\n<li>kansi, joka sopiihyvin l\u00e4\u00e4kepikarien p\u00e4\u00e4lle ja helpottaa jakelun toteuttamista\n<li>materiaalina on k\u00e4ytetty pehme\u00e4\u00e4 muovia,jokahelpottaa k\u00e4ytt\u00f6\u00e4<\/ul>\n<ul><b>Yhteensopivat tuotteet<\/b><\/p>\n<li><i>845351  L\u00e4\u00e4kelasi kk 30ml kirkas\n<li>845352 L\u00e4\u00e4kelasi kk 30ml punainen\n<li>845353 L\u00e4\u00e4kelasi kk 30ml sininen\n<li>845354 L\u00e4\u00e4kelasi kk 30ml keltainen\n<li>845355L\u00e4\u00e4kelasi kk 30ml vihre\u00e4<\/i><\/ul>\n<p><i><br \/>hakusanat:L\u00e4\u00e4kepikari,annostelupikari,l\u00e4\u00e4kelasi,annostelumitta,kansi<\/i><\/p>\n","protected":false},"excerpt":{"rendered":"<p>Myyntiyksikk\u00f6 PSS (500kpl), Ryhm\u00e4pakkaus 8 pss\/ltk L\u00e4\u00e4kelasikansi kk, valkoinen v\u00e4ri: valkoinen kansi, joka sopiihyvin l\u00e4\u00e4kepikarien p\u00e4\u00e4lle ja helpottaa jakelun toteuttamista materiaalina on k\u00e4ytetty pehme\u00e4\u00e4 muovia,jokahelpottaa k\u00e4ytt\u00f6\u00e4 Yhteensopivat tuotteet 845351 L\u00e4\u00e4kelasi kk 30ml kirkas 845352 L\u00e4\u00e4kelasi kk 30ml punainen 845353 L\u00e4\u00e4kelasi kk 30ml sininen 845354 L\u00e4\u00e4kelasi kk 30ml keltainen 845355L\u00e4\u00e4kelasi kk 30ml vihre\u00e4 hakusanat:L\u00e4\u00e4kepikari,annostelupikari,l\u00e4\u00e4kelasi,annostelumitta,kansi<\/p>\n","protected":false},"featured_media":104842,"comment_status":"open","ping_status":"closed","template":"","meta":[],"product_brand":[],"product_cat":[3497],"product_tag":[],"class_list":{"0":"post-78561","1":"product","2":"type-product","3":"status-publish","4":"has-post-thumbnail","6":"product_cat-hoitotarvikkeet-laakkeenjakotarvikkeet-laakelasit","8":"first","9":"instock","10":"shipping-taxable","11":"purchasable","12":"product-type-simple"},"_links":{"self":[{"href":"https:\/\/logistiikkakeskus.net\/kauppa\/wp-json\/wp\/v2\/product\/78561","targetHints":{"allow":["GET"]}}],"collection":[{"href":"https:\/\/logistiikkakeskus.net\/kauppa\/wp-json\/wp\/v2\/product"}],"about":[{"href":"https:\/\/logistiikkakeskus.net\/kauppa\/wp-json\/wp\/v2\/types\/product"}],"replies":[{"embeddable":true,"href":"https:\/\/logistiikkakeskus.net\/kauppa\/wp-json\/wp\/v2\/comments?post=78561"}],"wp:featuredmedia":[{"embeddable":true,"href":"https:\/\/logistiikkakeskus.net\/kauppa\/wp-json\/wp\/v2\/media\/104842"}],"wp:attachment":[{"href":"https:\/\/logistiikkakeskus.net\/kauppa\/wp-json\/wp\/v2\/media?parent=78561"}],"wp:term":[{"taxonomy":"product_brand","embeddable":true,"href":"https:\/\/logistiikkakeskus.net\/kauppa\/wp-json\/wp\/v2\/product_brand?post=78561"},{"taxonomy":"product_cat","embeddable":true,"href":"https:\/\/logistiikkakeskus.net\/kauppa\/wp-json\/wp\/v2\/product_cat?post=78561"},{"taxonomy":"product_tag","embeddable":true,"href":"https:\/\/logistiikkakeskus.net\/kauppa\/wp-json\/wp\/v2\/product_tag?post=78561"}],"curies":[{"name":"wp","href":"https:\/\/api.w.org\/{rel}","templated":true}]}}