{"id":78559,"date":"2022-12-01T10:00:33","date_gmt":"2022-12-01T10:00:33","guid":{"rendered":"https:\/\/logistiikkakeskus.net\/kauppa\/tuote\/tabletinmurskain-wiegand-97\/"},"modified":"2026-01-20T09:20:39","modified_gmt":"2026-01-20T07:20:39","slug":"tabletinmurskain-wiegand-97","status":"publish","type":"product","link":"https:\/\/logistiikkakeskus.net\/kauppa\/tuote\/tabletinmurskain-wiegand-97\/","title":{"rendered":"X Tabletinmurskain Wiegand 97"},"content":{"rendered":"<p>Myyntiyksikk\u00f6 KPL<\/p>\n<h2>Wiegand tabletinmurskain 97<\/h2>\n<ul>\n<li>murskaa tabletit suoraanl\u00e4\u00e4kelasiin\n<li>helppo puhdistaa<\/ul>\n<p><i><br \/>hakusanat:murskain, tabletti, wiegand,pillerinmurskain<\/i><\/p>\n","protected":false},"excerpt":{"rendered":"<p>Myyntiyksikk\u00f6 KPL Wiegand tabletinmurskain 97 murskaa tabletit suoraanl\u00e4\u00e4kelasiin helppo puhdistaa hakusanat:murskain, tabletti, wiegand,pillerinmurskain<\/p>\n","protected":false},"featured_media":104841,"comment_status":"open","ping_status":"closed","template":"","meta":[],"product_brand":[],"product_cat":[3282],"product_tag":[],"class_list":{"0":"post-78559","1":"product","2":"type-product","3":"status-publish","4":"has-post-thumbnail","6":"product_cat-hoitotarvikkeet-laakkeenjakotarvikkeet-muut-laakkeenjakovalineet","8":"first","9":"instock","10":"shipping-taxable","11":"purchasable","12":"product-type-simple"},"_links":{"self":[{"href":"https:\/\/logistiikkakeskus.net\/kauppa\/wp-json\/wp\/v2\/product\/78559","targetHints":{"allow":["GET"]}}],"collection":[{"href":"https:\/\/logistiikkakeskus.net\/kauppa\/wp-json\/wp\/v2\/product"}],"about":[{"href":"https:\/\/logistiikkakeskus.net\/kauppa\/wp-json\/wp\/v2\/types\/product"}],"replies":[{"embeddable":true,"href":"https:\/\/logistiikkakeskus.net\/kauppa\/wp-json\/wp\/v2\/comments?post=78559"}],"wp:featuredmedia":[{"embeddable":true,"href":"https:\/\/logistiikkakeskus.net\/kauppa\/wp-json\/wp\/v2\/media\/104841"}],"wp:attachment":[{"href":"https:\/\/logistiikkakeskus.net\/kauppa\/wp-json\/wp\/v2\/media?parent=78559"}],"wp:term":[{"taxonomy":"product_brand","embeddable":true,"href":"https:\/\/logistiikkakeskus.net\/kauppa\/wp-json\/wp\/v2\/product_brand?post=78559"},{"taxonomy":"product_cat","embeddable":true,"href":"https:\/\/logistiikkakeskus.net\/kauppa\/wp-json\/wp\/v2\/product_cat?post=78559"},{"taxonomy":"product_tag","embeddable":true,"href":"https:\/\/logistiikkakeskus.net\/kauppa\/wp-json\/wp\/v2\/product_tag?post=78559"}],"curies":[{"name":"wp","href":"https:\/\/api.w.org\/{rel}","templated":true}]}}