{"id":78557,"date":"2022-12-01T10:00:32","date_gmt":"2022-12-01T10:00:32","guid":{"rendered":"https:\/\/logistiikkakeskus.net\/kauppa\/tuote\/laakkeenjakolusikka-ruostumaton-teras\/"},"modified":"2026-01-20T09:20:39","modified_gmt":"2026-01-20T07:20:39","slug":"laakkeenjakolusikka-ruostumaton-teras","status":"publish","type":"product","link":"https:\/\/logistiikkakeskus.net\/kauppa\/tuote\/laakkeenjakolusikka-ruostumaton-teras\/","title":{"rendered":"L\u00e4\u00e4kkeenjakolusikka, ruostumaton ter\u00e4s"},"content":{"rendered":"<p>Myyntiyksikk\u00f6 KPL<\/p>\n<h2>L\u00e4\u00e4kkeenjakolusikka,ruostumaton ter\u00e4s 18\/10,antimagneettinen<\/h2>\n<p>Monipuolinen lusikkamoniin k\u00e4ytt\u00f6tarkoituksiin.<\/p>\n<ul><b>Ominaisuudet:<\/b><\/p>\n<li>kapea malli,eritt\u00e4in pitk\u00e4,litte\u00e4 varsi\n<li>eritt\u00e4in hyv\u00e4 l\u00e4mm\u00f6nkest\u00e4vyys,voidaan autoklavoida\n<li>hyv\u00e4 kemikaalinkest\u00e4vyys\n<li>nopea ja helppo puhdistaa<\/ul>\n<p><i><br \/>hakusanat:L\u00e4\u00e4ketarjotin,lokerikko rasia,kotelo,l\u00e4\u00e4kkeenjako,apteekkilusikka <\/i><\/p>\n","protected":false},"excerpt":{"rendered":"<p>Myyntiyksikk\u00f6 KPL L\u00e4\u00e4kkeenjakolusikka,ruostumaton ter\u00e4s 18\/10,antimagneettinen Monipuolinen lusikkamoniin k\u00e4ytt\u00f6tarkoituksiin. Ominaisuudet: kapea malli,eritt\u00e4in pitk\u00e4,litte\u00e4 varsi eritt\u00e4in hyv\u00e4 l\u00e4mm\u00f6nkest\u00e4vyys,voidaan autoklavoida hyv\u00e4 kemikaalinkest\u00e4vyys nopea ja helppo puhdistaa hakusanat:L\u00e4\u00e4ketarjotin,lokerikko rasia,kotelo,l\u00e4\u00e4kkeenjako,apteekkilusikka<\/p>\n","protected":false},"featured_media":104840,"comment_status":"open","ping_status":"closed","template":"","meta":[],"product_brand":[],"product_cat":[3282],"product_tag":[],"class_list":{"0":"post-78557","1":"product","2":"type-product","3":"status-publish","4":"has-post-thumbnail","6":"product_cat-hoitotarvikkeet-laakkeenjakotarvikkeet-muut-laakkeenjakovalineet","8":"first","9":"instock","10":"shipping-taxable","11":"purchasable","12":"product-type-simple"},"_links":{"self":[{"href":"https:\/\/logistiikkakeskus.net\/kauppa\/wp-json\/wp\/v2\/product\/78557","targetHints":{"allow":["GET"]}}],"collection":[{"href":"https:\/\/logistiikkakeskus.net\/kauppa\/wp-json\/wp\/v2\/product"}],"about":[{"href":"https:\/\/logistiikkakeskus.net\/kauppa\/wp-json\/wp\/v2\/types\/product"}],"replies":[{"embeddable":true,"href":"https:\/\/logistiikkakeskus.net\/kauppa\/wp-json\/wp\/v2\/comments?post=78557"}],"wp:featuredmedia":[{"embeddable":true,"href":"https:\/\/logistiikkakeskus.net\/kauppa\/wp-json\/wp\/v2\/media\/104840"}],"wp:attachment":[{"href":"https:\/\/logistiikkakeskus.net\/kauppa\/wp-json\/wp\/v2\/media?parent=78557"}],"wp:term":[{"taxonomy":"product_brand","embeddable":true,"href":"https:\/\/logistiikkakeskus.net\/kauppa\/wp-json\/wp\/v2\/product_brand?post=78557"},{"taxonomy":"product_cat","embeddable":true,"href":"https:\/\/logistiikkakeskus.net\/kauppa\/wp-json\/wp\/v2\/product_cat?post=78557"},{"taxonomy":"product_tag","embeddable":true,"href":"https:\/\/logistiikkakeskus.net\/kauppa\/wp-json\/wp\/v2\/product_tag?post=78557"}],"curies":[{"name":"wp","href":"https:\/\/api.w.org\/{rel}","templated":true}]}}