{"id":78555,"date":"2022-12-01T10:00:31","date_gmt":"2022-12-01T10:00:31","guid":{"rendered":"https:\/\/logistiikkakeskus.net\/kauppa\/tuote\/dosetti-maxi-laakeannostelija\/"},"modified":"2026-01-20T09:20:39","modified_gmt":"2026-01-20T07:20:39","slug":"dosetti-maxi-laakeannostelija","status":"publish","type":"product","link":"https:\/\/logistiikkakeskus.net\/kauppa\/tuote\/dosetti-maxi-laakeannostelija\/","title":{"rendered":"Dosetti Maxi l\u00e4\u00e4keannostelija"},"content":{"rendered":"<p>Myyntiyksikk\u00f6 KPL<\/p>\n<h2>L\u00e4\u00e4keannosrasia DosettiMaxi suomenkielinen punainen 205x133x38mm<\/h2>\n<p>Dosetti Maxi-nelilokeroinen viikkodosettisuuremmilla lokeroilla.<\/p>\n<ul><b>Ominaisuudet:<\/b><\/p>\n<li>nelilokeroinen (aamu,ilta,iltap\u00e4iv\u00e4 ja y\u00f6)l\u00e4\u00e4keannostelija viikon l\u00e4\u00e4kkeille\n<li>kookkaammattilavat lokerot\n<li>helppo k\u00e4ytt\u00e4\u00e4 ja kuljettaamukanan\n<li>punainen\n<li>lapsilukko\n<li>ulkomitat:20,5&#215;13,2&#215;3,1cm\n<li>kokeron koko 2,4&#215;2,4&#215;2,4cm<\/ul>\n<p><i><br \/>hakusanat: L\u00e4\u00e4keannostelija, lokerikko, rasia,kotelo,l\u00e4\u00e4kkeenjako<\/i><\/p>\n","protected":false},"excerpt":{"rendered":"<p>Myyntiyksikk\u00f6 KPL L\u00e4\u00e4keannosrasia DosettiMaxi suomenkielinen punainen 205x133x38mm Dosetti Maxi-nelilokeroinen viikkodosettisuuremmilla lokeroilla. Ominaisuudet: nelilokeroinen (aamu,ilta,iltap\u00e4iv\u00e4 ja y\u00f6)l\u00e4\u00e4keannostelija viikon l\u00e4\u00e4kkeille kookkaammattilavat lokerot helppo k\u00e4ytt\u00e4\u00e4 ja kuljettaamukanan punainen lapsilukko ulkomitat:20,5&#215;13,2&#215;3,1cm kokeron koko 2,4&#215;2,4&#215;2,4cm hakusanat: L\u00e4\u00e4keannostelija, lokerikko, rasia,kotelo,l\u00e4\u00e4kkeenjako<\/p>\n","protected":false},"featured_media":104839,"comment_status":"open","ping_status":"closed","template":"","meta":[],"product_brand":[],"product_cat":[3282],"product_tag":[],"class_list":{"0":"post-78555","1":"product","2":"type-product","3":"status-publish","4":"has-post-thumbnail","6":"product_cat-hoitotarvikkeet-laakkeenjakotarvikkeet-muut-laakkeenjakovalineet","8":"first","9":"instock","10":"shipping-taxable","11":"purchasable","12":"product-type-simple"},"_links":{"self":[{"href":"https:\/\/logistiikkakeskus.net\/kauppa\/wp-json\/wp\/v2\/product\/78555","targetHints":{"allow":["GET"]}}],"collection":[{"href":"https:\/\/logistiikkakeskus.net\/kauppa\/wp-json\/wp\/v2\/product"}],"about":[{"href":"https:\/\/logistiikkakeskus.net\/kauppa\/wp-json\/wp\/v2\/types\/product"}],"replies":[{"embeddable":true,"href":"https:\/\/logistiikkakeskus.net\/kauppa\/wp-json\/wp\/v2\/comments?post=78555"}],"wp:featuredmedia":[{"embeddable":true,"href":"https:\/\/logistiikkakeskus.net\/kauppa\/wp-json\/wp\/v2\/media\/104839"}],"wp:attachment":[{"href":"https:\/\/logistiikkakeskus.net\/kauppa\/wp-json\/wp\/v2\/media?parent=78555"}],"wp:term":[{"taxonomy":"product_brand","embeddable":true,"href":"https:\/\/logistiikkakeskus.net\/kauppa\/wp-json\/wp\/v2\/product_brand?post=78555"},{"taxonomy":"product_cat","embeddable":true,"href":"https:\/\/logistiikkakeskus.net\/kauppa\/wp-json\/wp\/v2\/product_cat?post=78555"},{"taxonomy":"product_tag","embeddable":true,"href":"https:\/\/logistiikkakeskus.net\/kauppa\/wp-json\/wp\/v2\/product_tag?post=78555"}],"curies":[{"name":"wp","href":"https:\/\/api.w.org\/{rel}","templated":true}]}}