{"id":78543,"date":"2022-12-01T10:00:27","date_gmt":"2022-12-01T10:00:27","guid":{"rendered":"https:\/\/logistiikkakeskus.net\/kauppa\/tuote\/insuliinikynanneula-30g-5mm-turvaneula\/"},"modified":"2026-01-20T09:20:38","modified_gmt":"2026-01-20T07:20:38","slug":"insuliinikynanneula-30g-5mm-turvaneula","status":"publish","type":"product","link":"https:\/\/logistiikkakeskus.net\/kauppa\/tuote\/insuliinikynanneula-30g-5mm-turvaneula\/","title":{"rendered":"Insuliinikyn\u00e4nneula 30G 5mm turvaneula"},"content":{"rendered":"<p>myyntiyksikk\u00f6 RAS (100kpl),ryhm\u00e4pak. 8 ras\/ltk <\/p>\n<h2>BD Autosield Duoturvakyn\u00e4neula 30G 5MM<\/h2>\n<p>Turvakyn\u00e4neula v\u00e4hent\u00e4\u00e4neulanpistotapaturmia. Neulan molemmissa p\u00e4iss\u00e4 automaattinen kaksoissuojaus. Potilaan puoleisessa p\u00e4\u00e4ss\u00e4 punainen ilmaisin vahvistaa, ett\u00e4turvamekanismit ovataktivoituneet. Vedett\u00e4ess\u00e4 neula ihosta suojuslukkiutuu. Kyn\u00e4n p\u00e4\u00e4ss\u00e4 suojaus on varmistettu, kun oranssi suojusaktivoituu ja peitt\u00e4\u00e4 neulan kyn\u00e4st\u00e4 poistettaessa. On yhteensopivakaikkien diabeteksen hoitoon k\u00e4ytett\u00e4vien insuliinikynien kanssa.<\/p>\n<p><i><br \/> Toimittajan tuotenro: 329605 Celego Oy<br \/>hakusanat:Insuliinikyn\u00e4nneula,turvaneula, 30G,5mm, kyn\u00e4n\u00e4neula,BD329605, Autoshield Duo<\/i><\/p>\n","protected":false},"excerpt":{"rendered":"<p>myyntiyksikk\u00f6 RAS (100kpl),ryhm\u00e4pak. 8 ras\/ltk BD Autosield Duoturvakyn\u00e4neula 30G 5MM Turvakyn\u00e4neula v\u00e4hent\u00e4\u00e4neulanpistotapaturmia. Neulan molemmissa p\u00e4iss\u00e4 automaattinen kaksoissuojaus. Potilaan puoleisessa p\u00e4\u00e4ss\u00e4 punainen ilmaisin vahvistaa, ett\u00e4turvamekanismit ovataktivoituneet. Vedett\u00e4ess\u00e4 neula ihosta suojuslukkiutuu. Kyn\u00e4n p\u00e4\u00e4ss\u00e4 suojaus on varmistettu, kun oranssi suojusaktivoituu ja peitt\u00e4\u00e4 neulan kyn\u00e4st\u00e4 poistettaessa. On yhteensopivakaikkien diabeteksen hoitoon k\u00e4ytett\u00e4vien insuliinikynien kanssa. Toimittajan tuotenro: 329605 Celego Oyhakusanat:Insuliinikyn\u00e4nneula,turvaneula, 30G,5mm, [&hellip;]<\/p>\n","protected":false},"featured_media":104833,"comment_status":"open","ping_status":"closed","template":"","meta":[],"product_brand":[],"product_cat":[3495],"product_tag":[],"class_list":{"0":"post-78543","1":"product","2":"type-product","3":"status-publish","4":"has-post-thumbnail","6":"product_cat-hoitotarvikkeet-diabetes-hoitotarvikkeet-insuliinikynat-ja-neulat","8":"first","9":"instock","10":"shipping-taxable","11":"purchasable","12":"product-type-simple"},"_links":{"self":[{"href":"https:\/\/logistiikkakeskus.net\/kauppa\/wp-json\/wp\/v2\/product\/78543","targetHints":{"allow":["GET"]}}],"collection":[{"href":"https:\/\/logistiikkakeskus.net\/kauppa\/wp-json\/wp\/v2\/product"}],"about":[{"href":"https:\/\/logistiikkakeskus.net\/kauppa\/wp-json\/wp\/v2\/types\/product"}],"replies":[{"embeddable":true,"href":"https:\/\/logistiikkakeskus.net\/kauppa\/wp-json\/wp\/v2\/comments?post=78543"}],"wp:featuredmedia":[{"embeddable":true,"href":"https:\/\/logistiikkakeskus.net\/kauppa\/wp-json\/wp\/v2\/media\/104833"}],"wp:attachment":[{"href":"https:\/\/logistiikkakeskus.net\/kauppa\/wp-json\/wp\/v2\/media?parent=78543"}],"wp:term":[{"taxonomy":"product_brand","embeddable":true,"href":"https:\/\/logistiikkakeskus.net\/kauppa\/wp-json\/wp\/v2\/product_brand?post=78543"},{"taxonomy":"product_cat","embeddable":true,"href":"https:\/\/logistiikkakeskus.net\/kauppa\/wp-json\/wp\/v2\/product_cat?post=78543"},{"taxonomy":"product_tag","embeddable":true,"href":"https:\/\/logistiikkakeskus.net\/kauppa\/wp-json\/wp\/v2\/product_tag?post=78543"}],"curies":[{"name":"wp","href":"https:\/\/api.w.org\/{rel}","templated":true}]}}