{"id":78539,"date":"2022-12-01T10:00:26","date_gmt":"2022-12-01T10:00:26","guid":{"rendered":"https:\/\/logistiikkakeskus.net\/kauppa\/tuote\/verensokeritestiliuskat-freestyle-precis\/"},"modified":"2026-01-20T09:20:38","modified_gmt":"2026-01-20T07:20:38","slug":"verensokeritestiliuskat-freestyle-precis","status":"publish","type":"product","link":"https:\/\/logistiikkakeskus.net\/kauppa\/tuote\/verensokeritestiliuskat-freestyle-precis\/","title":{"rendered":"Verensokeritestiliuskat FreeStyle Precis"},"content":{"rendered":"<p>myyntiyksikk\u00f6 RAS (50 kpl)<\/p>\n<h2>Verensokerintestiliuskat FreeStyle Precision Ref:98782-75<\/h2>\n<p>Testiliuskat omaseurantaan jaterveydenhuollon ammattilaisille.<\/p>\n<ul><b>Pakkaussis\u00e4lt\u00e4\u00e4:<\/b><\/p>\n<li>Yksitt\u00e4ispakatut testiliuskatsuojafolioissa\n<li>kalibrointiliuska\n<li>tietokortti<\/ul>\n<ul><b>K\u00e4ytt\u00f6ohje<\/b><\/p>\n<li>Testiliuskaton tarkoitettuverensokerin kvantitatiiviseen mittaukseensormenp\u00e4\u00e4st\u00e4 &#8211; mittausaika n.3 sek.<\/ul>\n<ul><b>Sopiiseuraaviin mittareihin:<\/b><\/p>\n<li>Precision Extra\n<li>Precision Easy\n<li>Precision Xtra Plus<\/ul>\n<p><i><br \/>hakusanat: Verensokerimittari,testiliuska,testiliuskat,diabetes mittausliuskat,insuliini<\/i><\/p>\n","protected":false},"excerpt":{"rendered":"<p>myyntiyksikk\u00f6 RAS (50 kpl) Verensokerintestiliuskat FreeStyle Precision Ref:98782-75 Testiliuskat omaseurantaan jaterveydenhuollon ammattilaisille. Pakkaussis\u00e4lt\u00e4\u00e4: Yksitt\u00e4ispakatut testiliuskatsuojafolioissa kalibrointiliuska tietokortti K\u00e4ytt\u00f6ohje Testiliuskaton tarkoitettuverensokerin kvantitatiiviseen mittaukseensormenp\u00e4\u00e4st\u00e4 &#8211; mittausaika n.3 sek. Sopiiseuraaviin mittareihin: Precision Extra Precision Easy Precision Xtra Plus hakusanat: Verensokerimittari,testiliuska,testiliuskat,diabetes mittausliuskat,insuliini<\/p>\n","protected":false},"featured_media":104831,"comment_status":"open","ping_status":"closed","template":"","meta":[],"product_brand":[],"product_cat":[3276],"product_tag":[],"class_list":{"0":"post-78539","1":"product","2":"type-product","3":"status-publish","4":"has-post-thumbnail","6":"product_cat-hoitotarvikkeet-diabetes-hoitotarvikkeet-testiliuskat-ja-lansetit","8":"first","9":"instock","10":"shipping-taxable","11":"purchasable","12":"product-type-simple"},"_links":{"self":[{"href":"https:\/\/logistiikkakeskus.net\/kauppa\/wp-json\/wp\/v2\/product\/78539","targetHints":{"allow":["GET"]}}],"collection":[{"href":"https:\/\/logistiikkakeskus.net\/kauppa\/wp-json\/wp\/v2\/product"}],"about":[{"href":"https:\/\/logistiikkakeskus.net\/kauppa\/wp-json\/wp\/v2\/types\/product"}],"replies":[{"embeddable":true,"href":"https:\/\/logistiikkakeskus.net\/kauppa\/wp-json\/wp\/v2\/comments?post=78539"}],"wp:featuredmedia":[{"embeddable":true,"href":"https:\/\/logistiikkakeskus.net\/kauppa\/wp-json\/wp\/v2\/media\/104831"}],"wp:attachment":[{"href":"https:\/\/logistiikkakeskus.net\/kauppa\/wp-json\/wp\/v2\/media?parent=78539"}],"wp:term":[{"taxonomy":"product_brand","embeddable":true,"href":"https:\/\/logistiikkakeskus.net\/kauppa\/wp-json\/wp\/v2\/product_brand?post=78539"},{"taxonomy":"product_cat","embeddable":true,"href":"https:\/\/logistiikkakeskus.net\/kauppa\/wp-json\/wp\/v2\/product_cat?post=78539"},{"taxonomy":"product_tag","embeddable":true,"href":"https:\/\/logistiikkakeskus.net\/kauppa\/wp-json\/wp\/v2\/product_tag?post=78539"}],"curies":[{"name":"wp","href":"https:\/\/api.w.org\/{rel}","templated":true}]}}