{"id":78537,"date":"2022-12-01T10:00:25","date_gmt":"2022-12-01T10:00:25","guid":{"rendered":"https:\/\/logistiikkakeskus.net\/kauppa\/tuote\/verensokeritestiliuskat-caresens-n\/"},"modified":"2026-01-20T09:20:38","modified_gmt":"2026-01-20T07:20:38","slug":"verensokeritestiliuskat-caresens-n","status":"publish","type":"product","link":"https:\/\/logistiikkakeskus.net\/kauppa\/tuote\/verensokeritestiliuskat-caresens-n\/","title":{"rendered":"Verensokeritestiliuskat CareSens N"},"content":{"rendered":"<p>myyntiyksikk\u00f6 RAS (50kpl) ryhm\u00e4pak. 24ras\/pak<\/p>\n<h2>Verensokeritestiliuskat CareSens N<\/h2>\n<p>CareSens N-seurantaj\u00e4rjestelm\u00e4 mittaaverensokerin npeasti ja tarkasti.Testiliuskat imeeautomaattisesti itseens\u00e4 oikean m\u00e4\u00e4r\u00e4n verta.Testiliuskoille sopivat verensokerimittarit:CareSens N ja CareSens N POP<\/p>\n<p><i><br \/>hakusanat: Verensokeritestiliuskat,testiliuskamittausliuskat,CareSens N,CareSens N POP diabetes<\/i><\/p>\n","protected":false},"excerpt":{"rendered":"<p>myyntiyksikk\u00f6 RAS (50kpl) ryhm\u00e4pak. 24ras\/pak Verensokeritestiliuskat CareSens N CareSens N-seurantaj\u00e4rjestelm\u00e4 mittaaverensokerin npeasti ja tarkasti.Testiliuskat imeeautomaattisesti itseens\u00e4 oikean m\u00e4\u00e4r\u00e4n verta.Testiliuskoille sopivat verensokerimittarit:CareSens N ja CareSens N POP hakusanat: Verensokeritestiliuskat,testiliuskamittausliuskat,CareSens N,CareSens N POP diabetes<\/p>\n","protected":false},"featured_media":104830,"comment_status":"open","ping_status":"closed","template":"","meta":[],"product_brand":[],"product_cat":[3276],"product_tag":[],"class_list":{"0":"post-78537","1":"product","2":"type-product","3":"status-publish","4":"has-post-thumbnail","6":"product_cat-hoitotarvikkeet-diabetes-hoitotarvikkeet-testiliuskat-ja-lansetit","8":"first","9":"instock","10":"shipping-taxable","11":"purchasable","12":"product-type-simple"},"_links":{"self":[{"href":"https:\/\/logistiikkakeskus.net\/kauppa\/wp-json\/wp\/v2\/product\/78537","targetHints":{"allow":["GET"]}}],"collection":[{"href":"https:\/\/logistiikkakeskus.net\/kauppa\/wp-json\/wp\/v2\/product"}],"about":[{"href":"https:\/\/logistiikkakeskus.net\/kauppa\/wp-json\/wp\/v2\/types\/product"}],"replies":[{"embeddable":true,"href":"https:\/\/logistiikkakeskus.net\/kauppa\/wp-json\/wp\/v2\/comments?post=78537"}],"wp:featuredmedia":[{"embeddable":true,"href":"https:\/\/logistiikkakeskus.net\/kauppa\/wp-json\/wp\/v2\/media\/104830"}],"wp:attachment":[{"href":"https:\/\/logistiikkakeskus.net\/kauppa\/wp-json\/wp\/v2\/media?parent=78537"}],"wp:term":[{"taxonomy":"product_brand","embeddable":true,"href":"https:\/\/logistiikkakeskus.net\/kauppa\/wp-json\/wp\/v2\/product_brand?post=78537"},{"taxonomy":"product_cat","embeddable":true,"href":"https:\/\/logistiikkakeskus.net\/kauppa\/wp-json\/wp\/v2\/product_cat?post=78537"},{"taxonomy":"product_tag","embeddable":true,"href":"https:\/\/logistiikkakeskus.net\/kauppa\/wp-json\/wp\/v2\/product_tag?post=78537"}],"curies":[{"name":"wp","href":"https:\/\/api.w.org\/{rel}","templated":true}]}}