{"id":78519,"date":"2022-12-01T10:00:19","date_gmt":"2022-12-01T10:00:19","guid":{"rendered":"https:\/\/logistiikkakeskus.net\/kauppa\/tuote\/stetoskooppi-luxascope-sonus-flex\/"},"modified":"2026-01-20T09:20:37","modified_gmt":"2026-01-20T07:20:37","slug":"stetoskooppi-luxascope-sonus-flex","status":"publish","type":"product","link":"https:\/\/logistiikkakeskus.net\/kauppa\/tuote\/stetoskooppi-luxascope-sonus-flex\/","title":{"rendered":"Stetoskooppi LuxaScope Sonus Flex"},"content":{"rendered":"<p>myyntiyksikk\u00f6 KPL<\/p>\n<h2>LuxaScope Sonus Flex -stetoskooppi<\/h2>\n<p>Korkealaatuinen yksiletkuinen stetoskooppijossa rintakappaleessa toisella puolella kalvoja toisella puolella suppilo.<\/p>\n<p><b>Ominaisuudet:<\/b><\/p>\n<ul>\n<li>Letkun pituus: 75 cm\n<li>Kuuntelukalvon halkaisija: 43 mm\n<li>Rintakappale on ergonomisesti muotoiltu ja valmistetturuostumattomasta ter\u00e4ksest\u00e4. Vahvistettu k\u00e4ytt\u00f6ik\u00e4\u00e4 lis\u00e4\u00e4v\u00e4 kiinnitys.\n<li>Luxa Scope Flex tarjoaa erinomaisen akustiikan.\n<li>Ruuvattavat pehme\u00e4t korvakappaleet mukautuvat korvan muotoon.\n<li>Mukana tulee pehme\u00e4t ja kovat korvakappaleet, 5 kuuntelukalvoasek\u00e4kuuntelukaaren rengasta ja nimikyltti<\/p>\n<p><i>Toimittajan tuotenro:G1.212.114 Pedihealth<br \/>hakusanat: stetoskooppi, sonus<\/i><\/p>\n","protected":false},"excerpt":{"rendered":"<p>myyntiyksikk\u00f6 KPL LuxaScope Sonus Flex -stetoskooppi Korkealaatuinen yksiletkuinen stetoskooppijossa rintakappaleessa toisella puolella kalvoja toisella puolella suppilo. Ominaisuudet: Letkun pituus: 75 cm Kuuntelukalvon halkaisija: 43 mm Rintakappale on ergonomisesti muotoiltu ja valmistetturuostumattomasta ter\u00e4ksest\u00e4. Vahvistettu k\u00e4ytt\u00f6ik\u00e4\u00e4 lis\u00e4\u00e4v\u00e4 kiinnitys. Luxa Scope Flex tarjoaa erinomaisen akustiikan. Ruuvattavat pehme\u00e4t korvakappaleet mukautuvat korvan muotoon. Mukana tulee pehme\u00e4t ja kovat korvakappaleet, 5 [&hellip;]<\/p>\n","protected":false},"featured_media":104823,"comment_status":"open","ping_status":"closed","template":"","meta":[],"product_brand":[],"product_cat":[3491],"product_tag":[],"class_list":{"0":"post-78519","1":"product","2":"type-product","3":"status-publish","4":"has-post-thumbnail","6":"product_cat-hoitotarvikkeet-terveydenhoidon-tarvikkeet-perushoidon-tarvikkeet","8":"first","9":"instock","10":"shipping-taxable","11":"purchasable","12":"product-type-simple"},"_links":{"self":[{"href":"https:\/\/logistiikkakeskus.net\/kauppa\/wp-json\/wp\/v2\/product\/78519","targetHints":{"allow":["GET"]}}],"collection":[{"href":"https:\/\/logistiikkakeskus.net\/kauppa\/wp-json\/wp\/v2\/product"}],"about":[{"href":"https:\/\/logistiikkakeskus.net\/kauppa\/wp-json\/wp\/v2\/types\/product"}],"replies":[{"embeddable":true,"href":"https:\/\/logistiikkakeskus.net\/kauppa\/wp-json\/wp\/v2\/comments?post=78519"}],"wp:featuredmedia":[{"embeddable":true,"href":"https:\/\/logistiikkakeskus.net\/kauppa\/wp-json\/wp\/v2\/media\/104823"}],"wp:attachment":[{"href":"https:\/\/logistiikkakeskus.net\/kauppa\/wp-json\/wp\/v2\/media?parent=78519"}],"wp:term":[{"taxonomy":"product_brand","embeddable":true,"href":"https:\/\/logistiikkakeskus.net\/kauppa\/wp-json\/wp\/v2\/product_brand?post=78519"},{"taxonomy":"product_cat","embeddable":true,"href":"https:\/\/logistiikkakeskus.net\/kauppa\/wp-json\/wp\/v2\/product_cat?post=78519"},{"taxonomy":"product_tag","embeddable":true,"href":"https:\/\/logistiikkakeskus.net\/kauppa\/wp-json\/wp\/v2\/product_tag?post=78519"}],"curies":[{"name":"wp","href":"https:\/\/api.w.org\/{rel}","templated":true}]}}