{"id":78511,"date":"2022-12-01T10:00:16","date_gmt":"2022-12-01T10:00:16","guid":{"rendered":"https:\/\/logistiikkakeskus.net\/kauppa\/tuote\/lastain-puu-kk-medispo-15x17cm\/"},"modified":"2026-01-20T09:20:36","modified_gmt":"2026-01-20T07:20:36","slug":"lastain-puu-kk-medispo-15x17cm","status":"publish","type":"product","link":"https:\/\/logistiikkakeskus.net\/kauppa\/tuote\/lastain-puu-kk-medispo-15x17cm\/","title":{"rendered":"Lastain puu kk Medispo 15&#215;1,7cm"},"content":{"rendered":"<p>myyntiyksikk\u00f6 RAS (100 kpl)<\/p>\n<h2>Medispo-puulastain,pituus 15cm,leveys 1,7cm <\/h2>\n<ul>\n<li>Tehdaspuhdas aikuisille tarkoitettu puulastain,(nielulastain) suun ja kurkunp\u00e4\u00e4n tutkimuksiin\n<li>K\u00e4ytet\u00e4\u00e4n my\u00f6s otettaessa nieluviljelyyn sopivaa solukkoa\n<li> Lastaimen pituus on 15 cm ja leveys 1,7cm ja se onpy\u00f6ristetty molemmista p\u00e4ist\u00e4 sek\u00e4 h\u00f6yl\u00e4tty pehme\u00e4ntasaiseksi\n<li>materiaali: koivupuu<\/ul>\n<p><i><br \/>hakusanat: puulastain, puulasta,j\u00e4\u00e4tel\u00f6tikku, kurkkulasta, nielulasta,kielilasta, askartelutikku, puutikku<\/i><\/p>\n","protected":false},"excerpt":{"rendered":"<p>myyntiyksikk\u00f6 RAS (100 kpl) Medispo-puulastain,pituus 15cm,leveys 1,7cm Tehdaspuhdas aikuisille tarkoitettu puulastain,(nielulastain) suun ja kurkunp\u00e4\u00e4n tutkimuksiin K\u00e4ytet\u00e4\u00e4n my\u00f6s otettaessa nieluviljelyyn sopivaa solukkoa Lastaimen pituus on 15 cm ja leveys 1,7cm ja se onpy\u00f6ristetty molemmista p\u00e4ist\u00e4 sek\u00e4 h\u00f6yl\u00e4tty pehme\u00e4ntasaiseksi materiaali: koivupuu hakusanat: puulastain, puulasta,j\u00e4\u00e4tel\u00f6tikku, kurkkulasta, nielulasta,kielilasta, askartelutikku, puutikku<\/p>\n","protected":false},"featured_media":104820,"comment_status":"open","ping_status":"closed","template":"","meta":[],"product_brand":[],"product_cat":[3489],"product_tag":[],"class_list":{"0":"post-78511","1":"product","2":"type-product","3":"status-publish","4":"has-post-thumbnail","6":"product_cat-hoitotarvikkeet-terveydenhoidon-tarvikkeet-naytteenottotarvikkeet","8":"first","9":"instock","10":"shipping-taxable","11":"purchasable","12":"product-type-simple"},"_links":{"self":[{"href":"https:\/\/logistiikkakeskus.net\/kauppa\/wp-json\/wp\/v2\/product\/78511","targetHints":{"allow":["GET"]}}],"collection":[{"href":"https:\/\/logistiikkakeskus.net\/kauppa\/wp-json\/wp\/v2\/product"}],"about":[{"href":"https:\/\/logistiikkakeskus.net\/kauppa\/wp-json\/wp\/v2\/types\/product"}],"replies":[{"embeddable":true,"href":"https:\/\/logistiikkakeskus.net\/kauppa\/wp-json\/wp\/v2\/comments?post=78511"}],"wp:featuredmedia":[{"embeddable":true,"href":"https:\/\/logistiikkakeskus.net\/kauppa\/wp-json\/wp\/v2\/media\/104820"}],"wp:attachment":[{"href":"https:\/\/logistiikkakeskus.net\/kauppa\/wp-json\/wp\/v2\/media?parent=78511"}],"wp:term":[{"taxonomy":"product_brand","embeddable":true,"href":"https:\/\/logistiikkakeskus.net\/kauppa\/wp-json\/wp\/v2\/product_brand?post=78511"},{"taxonomy":"product_cat","embeddable":true,"href":"https:\/\/logistiikkakeskus.net\/kauppa\/wp-json\/wp\/v2\/product_cat?post=78511"},{"taxonomy":"product_tag","embeddable":true,"href":"https:\/\/logistiikkakeskus.net\/kauppa\/wp-json\/wp\/v2\/product_tag?post=78511"}],"curies":[{"name":"wp","href":"https:\/\/api.w.org\/{rel}","templated":true}]}}