{"id":78509,"date":"2022-12-01T10:00:15","date_gmt":"2022-12-01T10:00:15","guid":{"rendered":"https:\/\/logistiikkakeskus.net\/kauppa\/tuote\/naytteenottotikku-ston-puuvarsi-isopaine\/"},"modified":"2026-01-20T09:20:36","modified_gmt":"2026-01-20T07:20:36","slug":"naytteenottotikku-ston-puuvarsi-isopaine","status":"publish","type":"product","link":"https:\/\/logistiikkakeskus.net\/kauppa\/tuote\/naytteenottotikku-ston-puuvarsi-isopaine\/","title":{"rendered":"N\u00e4ytteenottotikku ston puuvarsi isop\u00e4ine"},"content":{"rendered":"<p>Myyntiyksikk\u00f6 PSS (50 kpl)<\/p>\n<h2>N\u00e4ytteenottotikku isop\u00e4inen 10-12mm vanup\u00e4\u00e4,puuvarsi<\/h2>\n<ul>\n<li>varren pituus: 150mm\n<li>varren materiaali: puu\n<li>p\u00e4\u00e4n materiaali: puhdas vanu<\/ul>\n<p><i><br \/>hakusanat:pumpulitikku,vanutikku, iso vanup\u00e4\u00e4,puuvarsi<\/i><\/p>\n","protected":false},"excerpt":{"rendered":"<p>Myyntiyksikk\u00f6 PSS (50 kpl) N\u00e4ytteenottotikku isop\u00e4inen 10-12mm vanup\u00e4\u00e4,puuvarsi varren pituus: 150mm varren materiaali: puu p\u00e4\u00e4n materiaali: puhdas vanu hakusanat:pumpulitikku,vanutikku, iso vanup\u00e4\u00e4,puuvarsi<\/p>\n","protected":false},"featured_media":104819,"comment_status":"open","ping_status":"closed","template":"","meta":[],"product_brand":[],"product_cat":[3489],"product_tag":[],"class_list":{"0":"post-78509","1":"product","2":"type-product","3":"status-publish","4":"has-post-thumbnail","6":"product_cat-hoitotarvikkeet-terveydenhoidon-tarvikkeet-naytteenottotarvikkeet","8":"first","9":"instock","10":"shipping-taxable","11":"purchasable","12":"product-type-simple"},"_links":{"self":[{"href":"https:\/\/logistiikkakeskus.net\/kauppa\/wp-json\/wp\/v2\/product\/78509","targetHints":{"allow":["GET"]}}],"collection":[{"href":"https:\/\/logistiikkakeskus.net\/kauppa\/wp-json\/wp\/v2\/product"}],"about":[{"href":"https:\/\/logistiikkakeskus.net\/kauppa\/wp-json\/wp\/v2\/types\/product"}],"replies":[{"embeddable":true,"href":"https:\/\/logistiikkakeskus.net\/kauppa\/wp-json\/wp\/v2\/comments?post=78509"}],"wp:featuredmedia":[{"embeddable":true,"href":"https:\/\/logistiikkakeskus.net\/kauppa\/wp-json\/wp\/v2\/media\/104819"}],"wp:attachment":[{"href":"https:\/\/logistiikkakeskus.net\/kauppa\/wp-json\/wp\/v2\/media?parent=78509"}],"wp:term":[{"taxonomy":"product_brand","embeddable":true,"href":"https:\/\/logistiikkakeskus.net\/kauppa\/wp-json\/wp\/v2\/product_brand?post=78509"},{"taxonomy":"product_cat","embeddable":true,"href":"https:\/\/logistiikkakeskus.net\/kauppa\/wp-json\/wp\/v2\/product_cat?post=78509"},{"taxonomy":"product_tag","embeddable":true,"href":"https:\/\/logistiikkakeskus.net\/kauppa\/wp-json\/wp\/v2\/product_tag?post=78509"}],"curies":[{"name":"wp","href":"https:\/\/api.w.org\/{rel}","templated":true}]}}