{"id":78507,"date":"2022-12-01T10:00:14","date_gmt":"2022-12-01T10:00:14","guid":{"rendered":"https:\/\/logistiikkakeskus.net\/kauppa\/tuote\/naytteenottotikku-15cm-puuvarsi-steriili\/"},"modified":"2025-03-25T14:45:53","modified_gmt":"2025-03-25T12:45:53","slug":"naytteenottotikku-15cm-puuvarsi-steriili","status":"publish","type":"product","link":"https:\/\/logistiikkakeskus.net\/kauppa\/tuote\/naytteenottotikku-15cm-puuvarsi-steriili\/","title":{"rendered":"N\u00e4ytteenottotikku 15cm puuvarsi steriili"},"content":{"rendered":"<p>myyntiyksikk\u00f6 RAS (100 x 2 vanutikkua)<\/p>\n<h2>Tikku n\u00e4ytteenotto vanup\u00e4\u00e4 steriili 15cm puuvarsi<\/h2>\n<ul>\n<li>perinteinen, n\u00e4ytteenottoonsuunniteltumonik\u00e4ytt\u00f6inen vanutikku, <i>jotka on pakattupareittain steriilisti rep\u00e4isypakkauksiin<\/i>\n<li>tikun p\u00e4\u00e4ss\u00e4 oleva pieni vanupallo on valmistettupuuvillasta\n<li>tikun varsi on valmistettu puusta jasen pituus on 150 millimetri\u00e4<\/ul>\n<p><i><br \/>hakusanat: tutkimustarvikkeet, pumpulitikku,pumpulipuikko, vanheneva, vanutikku, vanupuikko,n\u00e4ytteenottotikku, n\u00e4ytteenottopuikko,Steriilituote<\/i><\/p>\n","protected":false},"excerpt":{"rendered":"<p>myyntiyksikk\u00f6 RAS (100 x 2 vanutikkua) Tikku n\u00e4ytteenotto vanup\u00e4\u00e4 steriili 15cm puuvarsi perinteinen, n\u00e4ytteenottoonsuunniteltumonik\u00e4ytt\u00f6inen vanutikku, jotka on pakattupareittain steriilisti rep\u00e4isypakkauksiin tikun p\u00e4\u00e4ss\u00e4 oleva pieni vanupallo on valmistettupuuvillasta tikun varsi on valmistettu puusta jasen pituus on 150 millimetri\u00e4 hakusanat: tutkimustarvikkeet, pumpulitikku,pumpulipuikko, vanheneva, vanutikku, vanupuikko,n\u00e4ytteenottotikku, n\u00e4ytteenottopuikko,Steriilituote<\/p>\n","protected":false},"featured_media":0,"comment_status":"open","ping_status":"closed","template":"","meta":[],"product_brand":[],"product_cat":[3489],"product_tag":[],"class_list":{"0":"post-78507","1":"product","2":"type-product","3":"status-publish","5":"product_cat-hoitotarvikkeet-terveydenhoidon-tarvikkeet-naytteenottotarvikkeet","7":"first","8":"instock","9":"shipping-taxable","10":"purchasable","11":"product-type-simple"},"_links":{"self":[{"href":"https:\/\/logistiikkakeskus.net\/kauppa\/wp-json\/wp\/v2\/product\/78507","targetHints":{"allow":["GET"]}}],"collection":[{"href":"https:\/\/logistiikkakeskus.net\/kauppa\/wp-json\/wp\/v2\/product"}],"about":[{"href":"https:\/\/logistiikkakeskus.net\/kauppa\/wp-json\/wp\/v2\/types\/product"}],"replies":[{"embeddable":true,"href":"https:\/\/logistiikkakeskus.net\/kauppa\/wp-json\/wp\/v2\/comments?post=78507"}],"wp:attachment":[{"href":"https:\/\/logistiikkakeskus.net\/kauppa\/wp-json\/wp\/v2\/media?parent=78507"}],"wp:term":[{"taxonomy":"product_brand","embeddable":true,"href":"https:\/\/logistiikkakeskus.net\/kauppa\/wp-json\/wp\/v2\/product_brand?post=78507"},{"taxonomy":"product_cat","embeddable":true,"href":"https:\/\/logistiikkakeskus.net\/kauppa\/wp-json\/wp\/v2\/product_cat?post=78507"},{"taxonomy":"product_tag","embeddable":true,"href":"https:\/\/logistiikkakeskus.net\/kauppa\/wp-json\/wp\/v2\/product_tag?post=78507"}],"curies":[{"name":"wp","href":"https:\/\/api.w.org\/{rel}","templated":true}]}}