{"id":78505,"date":"2022-12-01T10:00:14","date_gmt":"2022-12-01T10:00:14","guid":{"rendered":"https:\/\/logistiikkakeskus.net\/kauppa\/tuote\/naytteenottotikku-15cm-puuvarsi-vanupaa\/"},"modified":"2025-03-25T14:45:53","modified_gmt":"2025-03-25T12:45:53","slug":"naytteenottotikku-15cm-puuvarsi-vanupaa","status":"publish","type":"product","link":"https:\/\/logistiikkakeskus.net\/kauppa\/tuote\/naytteenottotikku-15cm-puuvarsi-vanupaa\/","title":{"rendered":"N\u00e4ytteenottotikku 15cm puuvarsi vanup\u00e4\u00e4"},"content":{"rendered":"<p>myyntiyksikk\u00f6 PSS (100kpl),<\/p>\n<h2>Tikku n\u00e4ytteenotto vanup\u00e4\u00e4 15cm puuvarsipienip\u00e4inen<\/h2>\n<ul>\n<li>perinteinen,monik\u00e4ytt\u00f6inenvanutikku\n<li>P\u00e4\u00e4n materiaali puhdas vanu\n<li>puustavalmistetuttikun pituus on 150 millimetri\u00e4 ja tikut ovattehdaspuhtaita sek\u00e4 pinnaltaan hiottuja.<\/p>\n<\/ul>\n<p><i><br \/>hakusanat: pumpulitikku, pumpulipuikko,vanupuikkovanutikku, n\u00e4ytteenottotikku, n\u00e4ytteenottopuikkojoditikku<\/i><\/p>\n","protected":false},"excerpt":{"rendered":"<p>myyntiyksikk\u00f6 PSS (100kpl), Tikku n\u00e4ytteenotto vanup\u00e4\u00e4 15cm puuvarsipienip\u00e4inen perinteinen,monik\u00e4ytt\u00f6inenvanutikku P\u00e4\u00e4n materiaali puhdas vanu puustavalmistetuttikun pituus on 150 millimetri\u00e4 ja tikut ovattehdaspuhtaita sek\u00e4 pinnaltaan hiottuja. hakusanat: pumpulitikku, pumpulipuikko,vanupuikkovanutikku, n\u00e4ytteenottotikku, n\u00e4ytteenottopuikkojoditikku<\/p>\n","protected":false},"featured_media":0,"comment_status":"open","ping_status":"closed","template":"","meta":[],"product_brand":[],"product_cat":[3489],"product_tag":[],"class_list":{"0":"post-78505","1":"product","2":"type-product","3":"status-publish","5":"product_cat-hoitotarvikkeet-terveydenhoidon-tarvikkeet-naytteenottotarvikkeet","7":"first","8":"instock","9":"shipping-taxable","10":"purchasable","11":"product-type-simple"},"_links":{"self":[{"href":"https:\/\/logistiikkakeskus.net\/kauppa\/wp-json\/wp\/v2\/product\/78505","targetHints":{"allow":["GET"]}}],"collection":[{"href":"https:\/\/logistiikkakeskus.net\/kauppa\/wp-json\/wp\/v2\/product"}],"about":[{"href":"https:\/\/logistiikkakeskus.net\/kauppa\/wp-json\/wp\/v2\/types\/product"}],"replies":[{"embeddable":true,"href":"https:\/\/logistiikkakeskus.net\/kauppa\/wp-json\/wp\/v2\/comments?post=78505"}],"wp:attachment":[{"href":"https:\/\/logistiikkakeskus.net\/kauppa\/wp-json\/wp\/v2\/media?parent=78505"}],"wp:term":[{"taxonomy":"product_brand","embeddable":true,"href":"https:\/\/logistiikkakeskus.net\/kauppa\/wp-json\/wp\/v2\/product_brand?post=78505"},{"taxonomy":"product_cat","embeddable":true,"href":"https:\/\/logistiikkakeskus.net\/kauppa\/wp-json\/wp\/v2\/product_cat?post=78505"},{"taxonomy":"product_tag","embeddable":true,"href":"https:\/\/logistiikkakeskus.net\/kauppa\/wp-json\/wp\/v2\/product_tag?post=78505"}],"curies":[{"name":"wp","href":"https:\/\/api.w.org\/{rel}","templated":true}]}}