{"id":78487,"date":"2022-12-01T10:00:07","date_gmt":"2022-12-01T10:00:07","guid":{"rendered":"https:\/\/logistiikkakeskus.net\/kauppa\/tuote\/pef-mittarin-suukappale-levea-aikuisten\/"},"modified":"2026-01-20T09:20:31","modified_gmt":"2026-01-20T07:20:31","slug":"pef-mittarin-suukappale-levea-aikuisten","status":"publish","type":"product","link":"https:\/\/logistiikkakeskus.net\/kauppa\/tuote\/pef-mittarin-suukappale-levea-aikuisten\/","title":{"rendered":"PEF-mittarin suukappale leve\u00e4 aikuisten"},"content":{"rendered":"<p>myyntiyksikk\u00f6 LTK (500kpl)<\/p>\n<h2>Suukappale,leve\u00e4 kk aikuisten PEF-mittariin<\/h2>\n<p>Huippuvirtausmittariin Mini-Wrightsuukappale aikuisten leve\u00e4 malli kertak\u00e4ytt\u00f6inen.<\/p>\n<p><i><br \/>hakusanat: Suukappale,leve\u00e4 kertak\u00e4ytt\u00f6inen,pef-mittari Mini-Wright Peak-Flow<\/i><\/p>\n","protected":false},"excerpt":{"rendered":"<p>myyntiyksikk\u00f6 LTK (500kpl) Suukappale,leve\u00e4 kk aikuisten PEF-mittariin Huippuvirtausmittariin Mini-Wrightsuukappale aikuisten leve\u00e4 malli kertak\u00e4ytt\u00f6inen. hakusanat: Suukappale,leve\u00e4 kertak\u00e4ytt\u00f6inen,pef-mittari Mini-Wright Peak-Flow<\/p>\n","protected":false},"featured_media":104713,"comment_status":"open","ping_status":"closed","template":"","meta":[],"product_brand":[],"product_cat":[3490],"product_tag":[],"class_list":{"0":"post-78487","1":"product","2":"type-product","3":"status-publish","4":"has-post-thumbnail","6":"product_cat-hoitotarvikkeet-terveydenhoidon-tarvikkeet-keuhkojen-kapasiteetin-mittausvalineet","8":"first","9":"instock","10":"shipping-taxable","11":"purchasable","12":"product-type-simple"},"_links":{"self":[{"href":"https:\/\/logistiikkakeskus.net\/kauppa\/wp-json\/wp\/v2\/product\/78487","targetHints":{"allow":["GET"]}}],"collection":[{"href":"https:\/\/logistiikkakeskus.net\/kauppa\/wp-json\/wp\/v2\/product"}],"about":[{"href":"https:\/\/logistiikkakeskus.net\/kauppa\/wp-json\/wp\/v2\/types\/product"}],"replies":[{"embeddable":true,"href":"https:\/\/logistiikkakeskus.net\/kauppa\/wp-json\/wp\/v2\/comments?post=78487"}],"wp:featuredmedia":[{"embeddable":true,"href":"https:\/\/logistiikkakeskus.net\/kauppa\/wp-json\/wp\/v2\/media\/104713"}],"wp:attachment":[{"href":"https:\/\/logistiikkakeskus.net\/kauppa\/wp-json\/wp\/v2\/media?parent=78487"}],"wp:term":[{"taxonomy":"product_brand","embeddable":true,"href":"https:\/\/logistiikkakeskus.net\/kauppa\/wp-json\/wp\/v2\/product_brand?post=78487"},{"taxonomy":"product_cat","embeddable":true,"href":"https:\/\/logistiikkakeskus.net\/kauppa\/wp-json\/wp\/v2\/product_cat?post=78487"},{"taxonomy":"product_tag","embeddable":true,"href":"https:\/\/logistiikkakeskus.net\/kauppa\/wp-json\/wp\/v2\/product_tag?post=78487"}],"curies":[{"name":"wp","href":"https:\/\/api.w.org\/{rel}","templated":true}]}}