{"id":78479,"date":"2022-12-01T10:00:04","date_gmt":"2022-12-01T10:00:04","guid":{"rendered":"https:\/\/logistiikkakeskus.net\/kauppa\/tuote\/suukappale-alkometriin-drager\/"},"modified":"2026-01-20T09:20:31","modified_gmt":"2026-01-20T07:20:31","slug":"suukappale-alkometriin-drager","status":"publish","type":"product","link":"https:\/\/logistiikkakeskus.net\/kauppa\/tuote\/suukappale-alkometriin-drager\/","title":{"rendered":"Suukappale alkometriin Dr\u00e4ger"},"content":{"rendered":"<p>myyntiyksikk\u00f6 RAS (250kpl\/ras)<\/p>\n<h2>Alkometrin suukappale Dr\u00e4ger<\/h2>\n<p>Standardi suukappale Dr\u00e4gerin mittariin.<\/p>\n<p><i><br \/>hakusanat:Suukappale, alkometri, Dr\u00e4ger<\/i><\/p>\n<p><\/i><\/p>\n<p>,,<\/p>\n","protected":false},"excerpt":{"rendered":"<p>myyntiyksikk\u00f6 RAS (250kpl\/ras) Alkometrin suukappale Dr\u00e4ger Standardi suukappale Dr\u00e4gerin mittariin. hakusanat:Suukappale, alkometri, Dr\u00e4ger ,,<\/p>\n","protected":false},"featured_media":104711,"comment_status":"open","ping_status":"closed","template":"","meta":[],"product_brand":[],"product_cat":[3489],"product_tag":[],"class_list":{"0":"post-78479","1":"product","2":"type-product","3":"status-publish","4":"has-post-thumbnail","6":"product_cat-hoitotarvikkeet-terveydenhoidon-tarvikkeet-naytteenottotarvikkeet","8":"first","9":"instock","10":"shipping-taxable","11":"purchasable","12":"product-type-simple"},"_links":{"self":[{"href":"https:\/\/logistiikkakeskus.net\/kauppa\/wp-json\/wp\/v2\/product\/78479","targetHints":{"allow":["GET"]}}],"collection":[{"href":"https:\/\/logistiikkakeskus.net\/kauppa\/wp-json\/wp\/v2\/product"}],"about":[{"href":"https:\/\/logistiikkakeskus.net\/kauppa\/wp-json\/wp\/v2\/types\/product"}],"replies":[{"embeddable":true,"href":"https:\/\/logistiikkakeskus.net\/kauppa\/wp-json\/wp\/v2\/comments?post=78479"}],"wp:featuredmedia":[{"embeddable":true,"href":"https:\/\/logistiikkakeskus.net\/kauppa\/wp-json\/wp\/v2\/media\/104711"}],"wp:attachment":[{"href":"https:\/\/logistiikkakeskus.net\/kauppa\/wp-json\/wp\/v2\/media?parent=78479"}],"wp:term":[{"taxonomy":"product_brand","embeddable":true,"href":"https:\/\/logistiikkakeskus.net\/kauppa\/wp-json\/wp\/v2\/product_brand?post=78479"},{"taxonomy":"product_cat","embeddable":true,"href":"https:\/\/logistiikkakeskus.net\/kauppa\/wp-json\/wp\/v2\/product_cat?post=78479"},{"taxonomy":"product_tag","embeddable":true,"href":"https:\/\/logistiikkakeskus.net\/kauppa\/wp-json\/wp\/v2\/product_tag?post=78479"}],"curies":[{"name":"wp","href":"https:\/\/api.w.org\/{rel}","templated":true}]}}