{"id":78473,"date":"2022-12-01T10:00:02","date_gmt":"2022-12-01T10:00:02","guid":{"rendered":"https:\/\/logistiikkakeskus.net\/kauppa\/tuote\/kyretti-aesculap-18cm-terava-kaksipainen\/"},"modified":"2025-03-25T14:45:46","modified_gmt":"2025-03-25T12:45:46","slug":"kyretti-aesculap-18cm-terava-kaksipainen","status":"publish","type":"product","link":"https:\/\/logistiikkakeskus.net\/kauppa\/tuote\/kyretti-aesculap-18cm-terava-kaksipainen\/","title":{"rendered":"Kyretti Aesculap 18cm ter\u00e4v\u00e4 kaksip\u00e4inen"},"content":{"rendered":"<p>Myyntiyksikk\u00f6 RAS (20kpl)<\/p>\n<h2>Kyretti Aesculap SUSI kk 18cm,ter\u00e4v\u00e4 kaksip\u00e4inen<\/h2>\n<ul>\n<li>valmistettu kevyest\u00e4,korkealaatuisesta polymeerist\u00e4,jonka erikoiskoostumus antaa instrumentille hyv\u00e4t mekaanisetominaisuudet\n<li>steriilit\n<li>heti k\u00e4ytt\u00f6valmiit,turvallisetjatoimivat\n<li>yksitt\u00e4ispakatut\n<li>kertak\u00e4ytt\u00f6inen<\/ul>\n<p><i><br \/>hakusanat:instrumentit,v\u00e4line,toimenpidev\u00e4lineet,sakset<\/i><\/p>\n","protected":false},"excerpt":{"rendered":"<p>Myyntiyksikk\u00f6 RAS (20kpl) Kyretti Aesculap SUSI kk 18cm,ter\u00e4v\u00e4 kaksip\u00e4inen valmistettu kevyest\u00e4,korkealaatuisesta polymeerist\u00e4,jonka erikoiskoostumus antaa instrumentille hyv\u00e4t mekaanisetominaisuudet steriilit heti k\u00e4ytt\u00f6valmiit,turvallisetjatoimivat yksitt\u00e4ispakatut kertak\u00e4ytt\u00f6inen hakusanat:instrumentit,v\u00e4line,toimenpidev\u00e4lineet,sakset<\/p>\n","protected":false},"featured_media":0,"comment_status":"open","ping_status":"closed","template":"","meta":[],"product_brand":[],"product_cat":[3488],"product_tag":[],"class_list":{"0":"post-78473","1":"product","2":"type-product","3":"status-publish","5":"product_cat-hoitotarvikkeet-instrumentit-kertakayttoinstrumentit","7":"first","8":"instock","9":"shipping-taxable","10":"purchasable","11":"product-type-simple"},"_links":{"self":[{"href":"https:\/\/logistiikkakeskus.net\/kauppa\/wp-json\/wp\/v2\/product\/78473","targetHints":{"allow":["GET"]}}],"collection":[{"href":"https:\/\/logistiikkakeskus.net\/kauppa\/wp-json\/wp\/v2\/product"}],"about":[{"href":"https:\/\/logistiikkakeskus.net\/kauppa\/wp-json\/wp\/v2\/types\/product"}],"replies":[{"embeddable":true,"href":"https:\/\/logistiikkakeskus.net\/kauppa\/wp-json\/wp\/v2\/comments?post=78473"}],"wp:attachment":[{"href":"https:\/\/logistiikkakeskus.net\/kauppa\/wp-json\/wp\/v2\/media?parent=78473"}],"wp:term":[{"taxonomy":"product_brand","embeddable":true,"href":"https:\/\/logistiikkakeskus.net\/kauppa\/wp-json\/wp\/v2\/product_brand?post=78473"},{"taxonomy":"product_cat","embeddable":true,"href":"https:\/\/logistiikkakeskus.net\/kauppa\/wp-json\/wp\/v2\/product_cat?post=78473"},{"taxonomy":"product_tag","embeddable":true,"href":"https:\/\/logistiikkakeskus.net\/kauppa\/wp-json\/wp\/v2\/product_tag?post=78473"}],"curies":[{"name":"wp","href":"https:\/\/api.w.org\/{rel}","templated":true}]}}